{"id":7630,"date":"2022-05-16T11:04:31","date_gmt":"2022-05-16T14:04:31","guid":{"rendered":"https:\/\/www.ifbaiano.edu.br\/unidades\/valenca\/?page_id=7630"},"modified":"2024-10-24T11:20:23","modified_gmt":"2024-10-24T14:20:23","slug":"pae","status":"publish","type":"page","link":"https:\/\/www.ifbaiano.edu.br\/unidades\/valenca\/pae\/","title":{"rendered":"PAE"},"content":{"rendered":"\n<div id=\"ProreitoriaTopoTitulo\">\n\t\t\t\t\tPrograma de Aux\u00edlios Eventuais &#8211; PAE\n\t\t\t\t<\/div>\n\n\n\n<p>O PAE consiste na concess\u00e3o de aux\u00edlios eventuais atrav\u00e9s de repasse financeiro ao estudante, em situa\u00e7\u00e3o de vulnerabilidade socioecon\u00f4mica, caracterizado como ajuda de custo para necessidades espec\u00edficas, relativas a demandas emergenciais, para apoiar as despesas referentes a: <\/p>\n\n\n\n<p>I &#8211; exames m\u00e9dicos e odontol\u00f3gicos;<br>II &#8211; acompanhamento psicoterap\u00eautico;<br>III &#8211; compra de medica\u00e7\u00f5es prescritos por m\u00e9dico ou dentista;<br>IV &#8211; aquisi\u00e7\u00e3o de \u00f3culos de grau;<br>V &#8211; tratamento dent\u00e1rio;<br>VI &#8211; compra de cama e colch\u00e3o;<br>VII &#8211; outras demandas, a serem avaliadas pela CLAE.<\/p>\n\n\n\n<div id=\"ProreitoriaTopoTitulo\">\n\t\t\t\t\tParticipa\u00e7\u00e3o\n\t\t\t\t<\/div>\n\n\n\n<p>Para participar do PAE, o(a) estudante dever\u00e1: estar matriculado e com frequ\u00eancia regular m\u00ednima semestral de 75% em curso ofertado pelo <em>Campus<\/em>, de n\u00edvel m\u00e9dio ou gradua\u00e7\u00e3o, nas modalidades presencial ou h\u00edbrida ou APNP ou EaD, ressalvados os casos justificados e\/ou sob acompanhamento do NAPSI; possuir renda <em>per capita<\/em> familiar de at\u00e9 um sal\u00e1rio m\u00ednimo e meio vigente; estar sem pend\u00eancias na presta\u00e7\u00e3o de contas de quaisquer aux\u00edlios estudantis que porventura tenha sido contemplado ao longo de seu itiner\u00e1rio formativo no Instituto. <\/p>\n\n\n\n<p>Em caso de d\u00favidas, o aluno pode encaminhar e-mail para&nbsp;<a href=\"mailto:clae@valenca.ifbaiano.edu.br\">clae@valenca.ifbaiano.edu.br<\/a>, ou buscar presencialmente a Coordena\u00e7\u00e3o de Assuntos Estudantis (CAE) ou o Servi\u00e7o Social do campus.<\/p>\n\n\n\n<div id=\"ProreitoriaTopoTitulo\">\n\t\t\t\t\tEditais Publicados\n\t\t\t\t<\/div>\n\n\n\n<p><a href=\"https:\/\/www.ifbaiano.edu.br\/unidades\/valenca\/2022\/07\/25\/campus-valenca-lanca-edital-de-programa-de-auxilios-eventuais-pae-para-selecao-de-estudantes-em-vulnerabilidade-socioeconomica\/\">Edital n\u00ba 13\/2022<\/a> &#8211;  Programa de Aux\u00edlios Eventuais \u2013 PAE 2022<\/p>\n\n\n\n<p><a href=\"https:\/\/www.ifbaiano.edu.br\/unidades\/valenca\/2022\/02\/09\/campus-valenca-publica-edital-para-programa-de-auxilios-eventuais-pae\/\">Edital n\u00ba 139\/2021<\/a> &#8211; Programa de Aux\u00edlios Eventuais \u2013 PAE 2021<\/p>\n\n\n\n<div class=\"wp-block-file\"><a id=\"wp-block-file--media-7fdbaaa3-6ad3-441c-987e-065c3b3b2929\" href=\"https:\/\/www.ifbaiano.edu.br\/unidades\/valenca\/files\/2024\/10\/Edital-PAE-2024.pdf\">Edital-PAE-2024 Programa de Aux\u00edlios Eventuais &#8211; PAE 2024<\/a><\/div>\n","protected":false},"excerpt":{"rendered":"<p>Programa de Aux\u00edlios Eventuais &#8211; PAE O PAE consiste na concess\u00e3o de aux\u00edlios eventuais atrav\u00e9s de repasse financeiro ao estudante, em situa\u00e7\u00e3o de vulnerabilidade socioecon\u00f4mica, caracterizado como ajuda de custo para necessidades espec\u00edficas, relativas a demandas emergenciais, para apoiar as despesas referentes a: I &#8211; exames m\u00e9dicos e odontol\u00f3gicos;II &#8211; acompanhamento psicoterap\u00eautico;III &#8211; compra de [&hellip;]<\/p>\n","protected":false},"author":146,"featured_media":0,"parent":0,"menu_order":0,"comment_status":"closed","ping_status":"closed","template":"","meta":[],"_links":{"self":[{"href":"https:\/\/www.ifbaiano.edu.br\/unidades\/valenca\/wp-json\/wp\/v2\/pages\/7630"}],"collection":[{"href":"https:\/\/www.ifbaiano.edu.br\/unidades\/valenca\/wp-json\/wp\/v2\/pages"}],"about":[{"href":"https:\/\/www.ifbaiano.edu.br\/unidades\/valenca\/wp-json\/wp\/v2\/types\/page"}],"author":[{"embeddable":true,"href":"https:\/\/www.ifbaiano.edu.br\/unidades\/valenca\/wp-json\/wp\/v2\/users\/146"}],"replies":[{"embeddable":true,"href":"https:\/\/www.ifbaiano.edu.br\/unidades\/valenca\/wp-json\/wp\/v2\/comments?post=7630"}],"version-history":[{"count":5,"href":"https:\/\/www.ifbaiano.edu.br\/unidades\/valenca\/wp-json\/wp\/v2\/pages\/7630\/revisions"}],"predecessor-version":[{"id":9959,"href":"https:\/\/www.ifbaiano.edu.br\/unidades\/valenca\/wp-json\/wp\/v2\/pages\/7630\/revisions\/9959"}],"wp:attachment":[{"href":"https:\/\/www.ifbaiano.edu.br\/unidades\/valenca\/wp-json\/wp\/v2\/media?parent=7630"}],"curies":[{"name":"wp","href":"https:\/\/api.w.org\/{rel}","templated":true}]}}