{"id":7636,"date":"2022-05-16T11:13:58","date_gmt":"2022-05-16T14:13:58","guid":{"rendered":"https:\/\/www.ifbaiano.edu.br\/unidades\/valenca\/?page_id=7636"},"modified":"2022-05-16T14:53:56","modified_gmt":"2022-05-16T17:53:56","slug":"pro-saude","status":"publish","type":"page","link":"https:\/\/www.ifbaiano.edu.br\/unidades\/valenca\/pro-saude\/","title":{"rendered":"Pro-Sa\u00fade"},"content":{"rendered":"\n<div id=\"ProreitoriaTopoTitulo\">\n\t\t\t\t\tPrograma de Preven\u00e7\u00e3o e Assist\u00eancia \u00e0 Sa\u00fade \u2013 PRO-SA\u00daDE\n\t\t\t\t<\/div>\n\n\n\n<p>Esse programa visa desenvolver a\u00e7\u00f5es voltadas \u00e0 preven\u00e7\u00e3o de doen\u00e7as e promo\u00e7\u00e3o da sa\u00fade dos(as) discentes, por meio dos servi\u00e7os de psicologia, enfermagem, odontologia, nutri\u00e7\u00e3o, medicina e servi\u00e7o social.<\/p>\n\n\n\n<div id=\"ProreitoriaTopoTitulo\">\n\t\t\t\t\tA\u00c7\u00d5ES\n\t\t\t\t<\/div>\n\n\n\n<p>As a\u00e7\u00f5es de preven\u00e7\u00e3o, promo\u00e7\u00e3o e aten\u00e7\u00e3o \u00e0 sa\u00fade se dar\u00e3o com a realiza\u00e7\u00e3o de atividades, tais como:<\/p>\n\n\n\n<p>I &#8211; palestras;<br>II &#8211; feiras de sa\u00fade;<br>III &#8211; acompanhamento da situa\u00e7\u00e3o vacinal;<br>IV &#8211; avalia\u00e7\u00e3o e orienta\u00e7\u00e3o nutricional;<br>V &#8211; realiza\u00e7\u00e3o de avalia\u00e7\u00f5es psicol\u00f3gicas e sociais;<br>VI &#8211; elabora\u00e7\u00e3o de material educativo de sa\u00fade;<br>VII &#8211; acolhimento das demandas de sa\u00fade e encaminhamento, quando necess\u00e1rio, \u00e0<br>rede de servi\u00e7os do Sistema \u00danico de Sa\u00fade (SUS), conforme a complexidade;<br>VIII &#8211; presta\u00e7\u00e3o de atendimento odontol\u00f3gico aos estudantes, objetivando<br>principalmente, a preven\u00e7\u00e3o de problemas bucais;<br>IX &#8211; planejamento nutricional e acompanhamento da alimenta\u00e7\u00e3o ofertada no Campus;<br>X &#8211; presta\u00e7\u00e3o de atendimento nutricional aos estudantes com necessidades nutricionais<br>espec\u00edficas;<br>XI &#8211; levantamento do perfil epidemiol\u00f3gico dos estudantes;<br>XII &#8211; a\u00e7\u00f5es de educa\u00e7\u00e3o na sa\u00fade norteadas pelo perfil epidemiol\u00f3gico.<br>Par\u00e1grafo \u00danico. As a\u00e7\u00f5es previstas ser\u00e3o realizadas caso o Campus disponha de<br>recursos humanos e infraestrutura para tanto.<\/p>\n\n\n\n<div id=\"ProreitoriaTopoTitulo\">\n\t\t\t\t\tD\u00favidas e demais informa\u00e7\u00f5es\n\t\t\t\t<\/div>\n\n\n\n<p>Em caso de d\u00favidas, o aluno pode encaminhar e-mail para&nbsp;<a href=\"mailto:clae@valenca.ifbaiano.edu.br\">clae@valenca.ifbaiano.edu.br<\/a>, ou buscar presencialmente a Coordena\u00e7\u00e3o de Assuntos Estudantis (CAE) ou o Servi\u00e7o Social do campus.<\/p>\n","protected":false},"excerpt":{"rendered":"<p>Programa de Preven\u00e7\u00e3o e Assist\u00eancia \u00e0 Sa\u00fade \u2013 PRO-SA\u00daDE Esse programa visa desenvolver a\u00e7\u00f5es voltadas \u00e0 preven\u00e7\u00e3o de doen\u00e7as e promo\u00e7\u00e3o da sa\u00fade dos(as) discentes, por meio dos servi\u00e7os de psicologia, enfermagem, odontologia, nutri\u00e7\u00e3o, medicina e servi\u00e7o social. A\u00c7\u00d5ES As a\u00e7\u00f5es de preven\u00e7\u00e3o, promo\u00e7\u00e3o e aten\u00e7\u00e3o \u00e0 sa\u00fade se dar\u00e3o com a realiza\u00e7\u00e3o de atividades, [&hellip;]<\/p>\n","protected":false},"author":146,"featured_media":0,"parent":0,"menu_order":0,"comment_status":"closed","ping_status":"closed","template":"","meta":[],"_links":{"self":[{"href":"https:\/\/www.ifbaiano.edu.br\/unidades\/valenca\/wp-json\/wp\/v2\/pages\/7636"}],"collection":[{"href":"https:\/\/www.ifbaiano.edu.br\/unidades\/valenca\/wp-json\/wp\/v2\/pages"}],"about":[{"href":"https:\/\/www.ifbaiano.edu.br\/unidades\/valenca\/wp-json\/wp\/v2\/types\/page"}],"author":[{"embeddable":true,"href":"https:\/\/www.ifbaiano.edu.br\/unidades\/valenca\/wp-json\/wp\/v2\/users\/146"}],"replies":[{"embeddable":true,"href":"https:\/\/www.ifbaiano.edu.br\/unidades\/valenca\/wp-json\/wp\/v2\/comments?post=7636"}],"version-history":[{"count":2,"href":"https:\/\/www.ifbaiano.edu.br\/unidades\/valenca\/wp-json\/wp\/v2\/pages\/7636\/revisions"}],"predecessor-version":[{"id":7663,"href":"https:\/\/www.ifbaiano.edu.br\/unidades\/valenca\/wp-json\/wp\/v2\/pages\/7636\/revisions\/7663"}],"wp:attachment":[{"href":"https:\/\/www.ifbaiano.edu.br\/unidades\/valenca\/wp-json\/wp\/v2\/media?parent=7636"}],"curies":[{"name":"wp","href":"https:\/\/api.w.org\/{rel}","templated":true}]}}