{"id":7697,"date":"2022-05-17T10:10:25","date_gmt":"2022-05-17T13:10:25","guid":{"rendered":"https:\/\/www.ifbaiano.edu.br\/unidades\/valenca\/?page_id=7697"},"modified":"2023-07-06T16:03:18","modified_gmt":"2023-07-06T19:03:18","slug":"glicam","status":"publish","type":"page","link":"https:\/\/www.ifbaiano.edu.br\/unidades\/valenca\/glicam\/","title":{"rendered":"GLICAM"},"content":{"rendered":"\n<div id=\"ProreitoriaTopoTitulo\">\n\t\t\t\t\t<strong>Eventos<\/strong>\t\t\t\t<\/div>\n\n\n\n<p><strong>Grupo de Pesquisa Linguagens, Culturas e Ambientes &#8211; GLICAM<\/strong><\/p>\n\n\n<div class=\"wp-block-image\">\n<figure class=\"aligncenter size-full is-resized\"><img decoding=\"async\" loading=\"lazy\" src=\"https:\/\/www.ifbaiano.edu.br\/unidades\/valenca\/files\/2023\/07\/revista.jpeg\" alt=\"\" class=\"wp-image-9107\" width=\"713\" height=\"713\" \/><\/figure><\/div>\n\n\n<p class=\"has-text-align-center\">Clique <strong><a href=\"https:\/\/www.ifbaiano.edu.br\/unidades\/valenca\/files\/2023\/07\/Revista-poeticas-da-terra.pdf\">aqui<\/a><\/strong> para baixar a revista Po\u00e9ticas da Terra<\/p>\n\n\n\n<hr class=\"wp-block-separator has-alpha-channel-opacity\" \/>\n\n\n\n<p><strong>L\u00edder(es) do grupo:<\/strong><br>Ion\u00e3 Carqueijo Scarante<br>Joseane Costa Santana<\/p>\n\n\n\n<p><strong>\u00c1rea predominante:<\/strong> Lingu\u00edstica, Letras e Artes; Letras<br><strong>Institui\u00e7\u00e3o do grupo:<\/strong> Instituto Federal de Educa\u00e7\u00e3o, Ci\u00eancia e Tecnologia Baiano &#8211; IFBAIANO<br><strong>Unidade:<\/strong> IF Baiano &#8211; Campus Valen\u00e7a<\/p>\n\n\n\n<p><strong>Objetivo do grupo: <\/strong><br>Estudar as representa\u00e7\u00f5es liter\u00e1rias e culturais do Baixo Sul do estado da Bahia. Investigar as produ\u00e7\u00f5es liter\u00e1rias de seus autores , a fim de inventariar, preservar, divulgar e valorizar a mem\u00f3ria, o patrim\u00f4nio liter\u00e1rio e cultural (material e imaterial), escritural, lingu\u00edstico e cultural da regi\u00e3o e do estado. Editar, publicar e analisar, sob diferentes perspectivas te\u00f3ricas, as produ\u00e7\u00f5es liter\u00e1rias e culturais criadas a partir do s\u00e9culo XIX. Explorar estudos sobre media\u00e7\u00f5es pedag\u00f3gicas, a partir de narrativas e poemas desses autores. Estudar as discursividades sobre g\u00eanero e ra\u00e7a nas publica\u00e7\u00f5es de autoria feminina no Baixo Sul da Bahia. Investigar de que maneira discursos sobre mulheres, mulheres negras, racismo, machismo, maternidade, rela\u00e7\u00f5es parentais etc. circulam e produzem efeitos de sentido na literatura feminina do Baixo Sul.<\/p>\n\n\n\n<p><strong>Linhas de pesquisa:<\/strong><br>G\u00eanero e Ra\u00e7a nas Escritas Femininas do Baixo Sul da Bahia<br>Literatura e Cultura do Baixo Sul da Bahia<br>Mem\u00f3ria, Patrim\u00f4nio e Representa\u00e7\u00f5es Sociais do Baixo Sul Baiano<\/p>\n\n\n\n<p><strong>Pesquisadores<\/strong> <br>Antonia Claudia de Andrade Cordeiro<br>Cristiane Santos de Souza Paix\u00e3o <br>Dislene Cardoso de Brito <br>Gilson Antunes da Silva <br>Ion\u00e3 Carqueijo Scarante<br>Joseane Costa Santana <br>Juscimare Silva de Souza <br>Mauren Pav\u00e3o Przybylski da Hora Vidal <br>Meg Heloise Bomfim da Silva<br>Quezia dos Santos Lima<\/p>\n\n\n\n<p>Endere\u00e7o para acessar este espelho: <a href=\"http:\/\/dgp.cnpq.br\/dgp\/espelhogrupo\/3064877951683847\">dgp.cnpq.br\/dgp\/espelhogrupo\/3064877951683847<\/a><\/p>\n","protected":false},"excerpt":{"rendered":"<p>Eventos Grupo de Pesquisa Linguagens, Culturas e Ambientes &#8211; GLICAM Clique aqui para baixar a revista Po\u00e9ticas da Terra L\u00edder(es) do grupo:Ion\u00e3 Carqueijo ScaranteJoseane Costa Santana \u00c1rea predominante: Lingu\u00edstica, Letras e Artes; LetrasInstitui\u00e7\u00e3o do grupo: Instituto Federal de Educa\u00e7\u00e3o, Ci\u00eancia e Tecnologia Baiano &#8211; IFBAIANOUnidade: IF Baiano &#8211; Campus Valen\u00e7a Objetivo do grupo: Estudar as [&hellip;]<\/p>\n","protected":false},"author":146,"featured_media":0,"parent":0,"menu_order":0,"comment_status":"closed","ping_status":"closed","template":"","meta":[],"_links":{"self":[{"href":"https:\/\/www.ifbaiano.edu.br\/unidades\/valenca\/wp-json\/wp\/v2\/pages\/7697"}],"collection":[{"href":"https:\/\/www.ifbaiano.edu.br\/unidades\/valenca\/wp-json\/wp\/v2\/pages"}],"about":[{"href":"https:\/\/www.ifbaiano.edu.br\/unidades\/valenca\/wp-json\/wp\/v2\/types\/page"}],"author":[{"embeddable":true,"href":"https:\/\/www.ifbaiano.edu.br\/unidades\/valenca\/wp-json\/wp\/v2\/users\/146"}],"replies":[{"embeddable":true,"href":"https:\/\/www.ifbaiano.edu.br\/unidades\/valenca\/wp-json\/wp\/v2\/comments?post=7697"}],"version-history":[{"count":6,"href":"https:\/\/www.ifbaiano.edu.br\/unidades\/valenca\/wp-json\/wp\/v2\/pages\/7697\/revisions"}],"predecessor-version":[{"id":9114,"href":"https:\/\/www.ifbaiano.edu.br\/unidades\/valenca\/wp-json\/wp\/v2\/pages\/7697\/revisions\/9114"}],"wp:attachment":[{"href":"https:\/\/www.ifbaiano.edu.br\/unidades\/valenca\/wp-json\/wp\/v2\/media?parent=7697"}],"curies":[{"name":"wp","href":"https:\/\/api.w.org\/{rel}","templated":true}]}}