{"id":8789,"date":"2023-04-10T14:40:07","date_gmt":"2023-04-10T17:40:07","guid":{"rendered":"https:\/\/www.ifbaiano.edu.br\/unidades\/valenca\/?page_id=8789"},"modified":"2025-12-15T15:33:53","modified_gmt":"2025-12-15T18:33:53","slug":"comissao-propria-de-avaliacao-cpa","status":"publish","type":"page","link":"https:\/\/www.ifbaiano.edu.br\/unidades\/valenca\/comissao-propria-de-avaliacao-cpa\/","title":{"rendered":"Comiss\u00e3o Pr\u00f3pria de Avalia\u00e7\u00e3o (CPA)"},"content":{"rendered":"\n<p><strong>Conhe\u00e7a um pouco sobre a CPA<\/strong><\/p>\n\n\n\n<p><strong>O que \u00e9 CPA?<\/strong><\/p>\n\n\n\n<p>A Comiss\u00e3o Pr\u00f3pria de Avalia\u00e7\u00e3o \u2013 CPA, institu\u00edda pelo Sistema Nacional de Avalia\u00e7\u00e3o da Educa\u00e7\u00e3o Superior \u2013 SINAES, conforme previsto na lei n\u00ba 10861\/2004, tem como uma das suas principais atribui\u00e7\u00f5es a implanta\u00e7\u00e3o e o desenvolvimento de processos de avalia\u00e7\u00e3o institucional. A CPA \u00e9 portanto um \u00f3rg\u00e3o colegiado de natureza consultiva, deliberativa e normativa, no \u00e2mbito dos aspectos avaliativos das \u00e1reas acad\u00eamica e administrativa, que integra SINAES e atende ao PDI do IF Baiano quanto aos n\u00edveis e modalidades de ensino.<\/p>\n\n\n\n<p><strong>O que a CPA avalia?<\/strong><\/p>\n\n\n\n<p>A comiss\u00e3o avalia aspectos estruturados em cinco eixos e dez dimens\u00f5es. Por meio de question\u00e1rios, rodas de conversa e visitas&nbsp;<em>in loco<\/em>&nbsp;destinados a comunidade acad\u00eamica e local:<\/p>\n\n\n<div class=\"wp-block-image\">\n<figure class=\"alignleft size-full is-resized\"><img decoding=\"async\" loading=\"lazy\" src=\"https:\/\/www.ifbaiano.edu.br\/unidades\/valenca\/files\/2023\/04\/CPA.png\" alt=\"\" class=\"wp-image-8791\" width=\"884\" height=\"261\" \/><\/figure><\/div>\n\n\n<p><strong>O que \u00e9 a Autoavalia\u00e7\u00e3o ou Avalia\u00e7\u00e3o Interna? <\/strong><\/p>\n\n\n\n<p>A Avalia\u00e7\u00e3o Interna ou Autoavalia\u00e7\u00e3o \u00e9 um processo cont\u00ednuo por meio do qual uma institui\u00e7\u00e3o constr\u00f3i conhecimento sobre sua pr\u00f3pria realidade, refletindo sobre seus processos internos e externos, visando melhorar a qualidade educativa e alcan\u00e7ar maior relev\u00e2ncia social. <\/p>\n\n\n\n<p><strong>Quais s\u00e3o os princ\u00edpios da Autoavalia\u00e7\u00e3o? <\/strong><\/p>\n\n\n\n<p>A Avalia\u00e7\u00e3o Interna tem como principais objetivos produzir conhecimentos aprimorados, questionar o conjunto de atividades e finalidades cumpridas pela institui\u00e7\u00e3o, identificar as causas dos seus principais problemas, aumentar a consci\u00eancia pedag\u00f3gica e a capacidade profissional do corpo docente e t\u00e9cnico-administrativo, fortalecer as rela\u00e7\u00f5es de coopera\u00e7\u00e3o com outros atores institucionais, aproximar-se da comunidade, desempenhar um papel cient\u00edfico e social e gerir informa\u00e7\u00f5es que ser\u00e3o prestadas a sociedade. \u00c9 um instrumento valioso para tomada de decis\u00f5es na institui\u00e7\u00e3o em todos os seus seguimentos. <\/p>\n\n\n\n<p><strong>De que \u00e9 composta a CPA? <\/strong><\/p>\n\n\n\n<p>A Comiss\u00e3o Pr\u00f3pria de Avalia\u00e7\u00e3o \u00e9 composta de duas estruturas: a CPA Central e a CPA Local. A CPA Central organiza, planeja e assessora todo o processo de Autoavalia\u00e7\u00e3o. J\u00e1 a CPA Local, presentes em todos os campus do IF Baiano conduz os processos, coletando informa\u00e7\u00f5es e enviando para Central elaborar os relat\u00f3rios parciais e finais. <\/p>\n\n\n\n<p><strong>Quem s\u00e3o os membros da CPA? <\/strong><\/p>\n\n\n\n<p>As comiss\u00f5es s\u00e3o formadas por membros eleitos de diversos seguimentos: docentes, t\u00e9cnicos administrativos, discentes de n\u00edvel superior e m\u00e9dio\/t\u00e9cnico, al\u00e9m da sociedade civil. Cada categoria elege seus representantes que dever\u00e3o compor as comiss\u00f5es nos campus. <\/p>\n\n\n\n<p><strong>Como a CPA desenvolve seus trabalhos? <\/strong><\/p>\n\n\n\n<p>A Comiss\u00e3o atua atrav\u00e9s da aplica\u00e7\u00e3o de question\u00e1rios de avalia\u00e7\u00e3o institucional, rodas de conversas e visitas in locus entre outros instrumentos. <\/p>\n\n\n\n<p><strong>Quem pode responder os question\u00e1rios elaborados pela CPA? <\/strong><\/p>\n\n\n\n<p>Todo o corpo docente, discentes e t\u00e9cnico administrativo, bem como a sociedade civil organizada pode e deve preencher os formul\u00e1rios de autoavalia\u00e7\u00e3o quando solicitados pela CPA. Desta maneira a institui\u00e7\u00e3o poder\u00e1 conhecer de uma forma mais global como est\u00e1 desempenhando suas fun\u00e7\u00f5es em todos os aspectos. <\/p>\n\n\n\n<p><strong>Porque a participa\u00e7\u00e3o das diversas categorias \u00e9 importante?<\/strong> <\/p>\n\n\n\n<p>Porque \u00e9 atrav\u00e9s das informa\u00e7\u00f5es obtidas com o processo de avalia\u00e7\u00e3o e autoavalia\u00e7\u00e3o que a institui\u00e7\u00e3o IF Baiano consegue perceber quais s\u00e3o os aspectos que precisam melhorar e onde est\u00e1 obtendo \u00eaxito na sua realiza\u00e7\u00e3o. Corroborando, assim, para melhoria da qualidade dos servi\u00e7os prestados \u00e0 comunidade. <\/p>\n\n\n\n<p><strong>Como posso ter acesso aos relat\u00f3rios elaborados pela CPA? <\/strong><\/p>\n\n\n\n<p>Todos relat\u00f3rios da CPA est\u00e3o dispon\u00edveis no site do IF Baiano atrav\u00e9s do link: <a href=\"https:\/\/ifbaiano.edu.br\/portal\/comissoes\/comissao-propria-de-avaliacao\/\">https:\/\/ifbaiano.edu.br\/portal\/comissoes\/comissao-propria-de-avaliacao<\/a><\/p>\n\n\n\n<p><strong>Ainda tem d\u00favidas? Quer saber mais? Gostaria de dar sua sugest\u00e3o? <\/strong><\/p>\n\n\n\n<p>Entre em contato conosco: E-mail \u2013 <a href=\"mailto:cpa@valenca.edu.br\">cpa@valenca.ifbaiano.edu.br<\/a><\/p>\n\n\n\n<div id=\"ProreitoriaTopoTitulo\">\n\t\t\t\t\tA\u00e7\u00f5es da CPA\n\t\t\t\t<\/div>\n\n\n\n<figure class=\"wp-block-embed is-type-wp-embed is-provider-if-baiano-campus-valenca wp-block-embed-if-baiano-campus-valenca\"><div class=\"wp-block-embed__wrapper\">\n<blockquote class=\"wp-embedded-content\" data-secret=\"hcLWG4gmU0\"><a href=\"https:\/\/www.ifbaiano.edu.br\/unidades\/valenca\/2025\/11\/11\/dia-d-da-cpa-mobiliza-comunidade-academica-no-campus-valenca\/\">Dia \u201cD\u201d da CPA mobiliza comunidade acad\u00eamica no Campus Valen\u00e7a<\/a><\/blockquote><iframe class=\"wp-embedded-content\" sandbox=\"allow-scripts\" security=\"restricted\" style=\"position: absolute; clip: rect(1px, 1px, 1px, 1px);\" title=\"&#8220;Dia \u201cD\u201d da CPA mobiliza comunidade acad\u00eamica no Campus Valen\u00e7a&#8221; &#8212; IF Baiano - Campus Valen\u00e7a\" src=\"https:\/\/www.ifbaiano.edu.br\/unidades\/valenca\/2025\/11\/11\/dia-d-da-cpa-mobiliza-comunidade-academica-no-campus-valenca\/embed\/#?secret=3eU8Hlawqw#?secret=hcLWG4gmU0\" data-secret=\"hcLWG4gmU0\" width=\"500\" height=\"282\" frameborder=\"0\" marginwidth=\"0\" marginheight=\"0\" scrolling=\"no\"><\/iframe>\n<\/div><\/figure>\n\n\n\n<p><a href=\"https:\/\/www.ifbaiano.edu.br\/unidades\/valenca\/2024\/03\/06\/comissao-propria-de-avaliacao-cpa-local-apresenta-resultados-da-avaliacao-institucional-2023-a-servidores\/\"><strong>Comiss\u00e3o Pr\u00f3pria de Avalia\u00e7\u00e3o \u2013 CPA \u2013 Local apresenta resultados da Avalia\u00e7\u00e3o Institucional 2023 a servidores<\/strong> <\/a>&#8211; A reuni\u00e3o aconteceu no dia 07\/02, no audit\u00f3rio do campus Valen\u00e7a<\/p>\n\n\n\n<p><strong><a href=\"https:\/\/www.ifbaiano.edu.br\/unidades\/valenca\/2023\/07\/27\/dia-d-cpa-discentes-e-servidores\/\">Dia \u201cD\u201d CPA: Discentes e Servidores<\/a><\/strong> &#8211; O objetivo do evento foi proporcionar um di\u00e1logo mais pr\u00f3ximo entre a Comiss\u00e3o Pr\u00f3pria de Avalia\u00e7\u00e3o, os discentes e os servidores.&nbsp;<\/p>\n\n\n\n<p><a href=\"https:\/\/www.ifbaiano.edu.br\/unidades\/valenca\/2023\/07\/25\/cpa-inicia-novo-ciclo-de-avaliacao-institucional\/\"><strong>CPA inicia novo ciclo de avalia\u00e7\u00e3o institucional<\/strong><\/a> &#8211; Neste ciclo, o que est\u00e1 sendo avaliado \u00e9 a Infraestrutura F\u00edsica (Dimens\u00e3o 7 do Eixo 5)<\/p>\n\n\n\n<p><strong><a href=\"https:\/\/www.ifbaiano.edu.br\/unidades\/valenca\/2023\/06\/05\/cpa-valenca-em-acao\/\">CPA \u2013 Valen\u00e7a EM A\u00c7\u00c3O!<\/a><\/strong> &#8211; I Encontro da CPA com os discentes do curso de Licenciatura em Ci\u00eancias Biol\u00f3gica<\/p>\n\n\n\n<p><a href=\"https:\/\/ifbaiano.edu.br\/portal\/blog\/iii-encontros-de-cpas-capacita-membros-das-comissoes-de-10-campi-do-if-baiano\/\"><strong>III Encontro de CPAs<\/strong><\/a> &#8211; O evento reuniu membros das Comiss\u00f5es Pr\u00f3prias de Avalia\u00e7\u00e3o dos 10 campi do IF Baiano que ofertam cursos superiores.<\/p>\n\n\n\n<p><a href=\"https:\/\/www.ifbaiano.edu.br\/unidades\/valenca\/2023\/12\/21\/comissao-propria-de-avaliacao-cpa-promove-encontro-com-discentes-do-curso-de-ciencias-biologicas\/\">IF Baiano \u2013 Campus Valen\u00e7a \u00bb Comiss\u00e3o Pr\u00f3pria de Avalia\u00e7\u00e3o \u2013 CPA \u2013 promove encontro com discentes do curso de Ci\u00eancias Biol\u00f3gicas<\/a><\/p>\n\n\n\n<div id=\"ProreitoriaTopoTitulo\">\n\t\t\t\t\tDocumentos importantes\n\t\t\t\t<\/div>\n\n\n\n<div class=\"wp-block-file\"><a id=\"wp-block-file--media-8886d1da-9444-4952-a2ab-a9d0235a75dd\" href=\"https:\/\/www.ifbaiano.edu.br\/unidades\/valenca\/files\/2025\/12\/Ata-2.pdf\">Ata da II Reuni\u00e3o ordin\u00e1ria 2025<\/a><\/div>\n\n\n\n<div class=\"wp-block-file\"><a id=\"wp-block-file--media-4bf1d224-62c3-43bf-920e-b7ac3deb7790\" href=\"https:\/\/www.ifbaiano.edu.br\/unidades\/valenca\/files\/2025\/11\/ATA-DA-I-REUNIAO-ORDINARIA-202.pdf\">ATA-DA-I-REUNIAO-ORDINARIA-2025<\/a><\/div>\n\n\n\n<div class=\"wp-block-file\"><a id=\"wp-block-file--media-44d5b1af-445c-4ee1-b32d-eacd02c227fd\" href=\"https:\/\/www.ifbaiano.edu.br\/unidades\/valenca\/files\/2025\/06\/RELATORIO_CPA2024.pdf\">RELATORIO_CPA2024<\/a><\/div>\n\n\n\n<div class=\"wp-block-file\"><a id=\"wp-block-file--media-0fa3d9bc-7282-4185-8bf4-43ba92f14a81\" href=\"https:\/\/www.ifbaiano.edu.br\/unidades\/valenca\/files\/2024\/10\/PortariaCPA2024.pdf\">PortariaCPA2024<\/a><\/div>\n\n\n\n<div class=\"wp-block-file\"><a id=\"wp-block-file--media-4a8e6ebf-8d98-4f9a-9bef-55835b8c7bca\" href=\"https:\/\/www.ifbaiano.edu.br\/unidades\/valenca\/files\/2023\/12\/Portaria-CPA-155-12-12-2023.pdf\">Portaria-CPA-155-12-12-2023 (ATUALIZADA))<\/a><\/div>\n\n\n\n<div class=\"wp-block-file\"><a id=\"wp-block-file--media-667a3539-62f5-4671-b0b1-3f25fc224f6d\" href=\"https:\/\/www.ifbaiano.edu.br\/unidades\/valenca\/files\/2023\/12\/Ata_CPA_02_2023.pdf\">Ata_CPA_02_2023<\/a><\/div>\n\n\n\n<div class=\"wp-block-file\"><a id=\"wp-block-file--media-cee95a99-65fc-410c-9874-a2e3af590649\" href=\"https:\/\/www.ifbaiano.edu.br\/unidades\/valenca\/files\/2023\/12\/Relatorio-final-EIXO-5_CPA.pdf\">Relatorio-final-EIXO-5_CPA<\/a><\/div>\n\n\n\n<p class=\"has-vivid-red-color has-text-color\"><a href=\"https:\/\/www.ifbaiano.edu.br\/unidades\/valenca\/files\/2023\/07\/Portaria-no-88-de-13-de-julho-de-2023.pdf\">Portaria 88\/2023<\/a> <\/p>\n\n\n\n<div class=\"wp-block-file\"><a id=\"wp-block-file--media-11d5d986-833b-4b9d-90e0-ea848baddd2d\" href=\"https:\/\/www.ifbaiano.edu.br\/unidades\/valenca\/files\/2023\/07\/Portaria-CPA-72-2023.pdf\">Portaria CPA 72-2023<\/a><\/div>\n\n\n\n<div class=\"wp-block-file\"><a id=\"wp-block-file--media-413c8b1f-d6d8-47eb-b743-664dd7742870\" href=\"https:\/\/www.ifbaiano.edu.br\/unidades\/valenca\/files\/2023\/05\/Decreto-no-9.235-de-15-de-dezembro-de-2017.pdf\">Decreto n\u00ba 9.235\/2017<\/a><\/div>\n\n\n\n<p class=\"has-small-font-size\"><a href=\"https:\/\/www.ifbaiano.edu.br\/unidades\/valenca\/files\/2023\/07\/Portaria-45-2023-CPA.pdf\">Portaria 45\/2023<\/a><\/p>\n\n\n\n<div class=\"wp-block-file\"><a id=\"wp-block-file--media-ac012735-0518-4975-b2bf-cf85d10b1405\" href=\"https:\/\/www.ifbaiano.edu.br\/unidades\/valenca\/files\/2023\/04\/8-ATA-CPA-012023.pdf\">ATA CPA 01\/2023<\/a><\/div>\n\n\n\n<div class=\"wp-block-file\"><a id=\"wp-block-file--media-40e53f9f-f89f-4e61-aeee-774ac2ce8090\" href=\"https:\/\/www.ifbaiano.edu.br\/unidades\/valenca\/files\/2023\/07\/Portaria-1212022-VAL-GABVAL-DGRETIFBAIANO-de-19-de-dezembro-de-2022.pdf\">Portaria 121\/2022<\/a><\/div>\n\n\n\n<div class=\"wp-block-file\"><a id=\"wp-block-file--media-22623596-4fb2-495b-a703-2677a8ca8e6c\" href=\"https:\/\/www.ifbaiano.edu.br\/unidades\/valenca\/files\/2023\/04\/Relatorio-de-autoavaliacao-2022.pdf\">Relat\u00f3rio de autoavalia\u00e7\u00e3o 2022<\/a><\/div>\n\n\n\n<div class=\"wp-block-file\"><a id=\"wp-block-file--media-b38f94a6-bd8d-4748-82ff-25290fea252f\" href=\"https:\/\/www.ifbaiano.edu.br\/unidades\/valenca\/files\/2023\/04\/Relatorio-de-autoavaliacao-2021.pdf\">Relat\u00f3rio de autoavalia\u00e7\u00e3o 2021<\/a><\/div>\n\n\n\n<div class=\"wp-block-file\"><a id=\"wp-block-file--media-a3383808-98d3-40ce-9b8c-f8b0c8c53c5b\" href=\"https:\/\/www.ifbaiano.edu.br\/unidades\/valenca\/files\/2023\/04\/4-Relatorio-de-Autoavaliacao-Institucional-2018-2021.pdf\">Relat\u00f3rio de autoavalia\u00e7\u00e3o institucional 2018-2021<\/a><\/div>\n\n\n\n<div class=\"wp-block-file\"><a id=\"wp-block-file--media-833f03cb-31b8-42d5-b458-29ac7ef43838\" href=\"https:\/\/www.ifbaiano.edu.br\/unidades\/valenca\/files\/2023\/04\/Projeto-de-autoavaliacao-institucional-do-Instituto-Federal-Baiano-2018-2020.pdf\">Projeto de autoavalia\u00e7\u00e3o institucional 2018-2020<\/a><\/div>\n\n\n\n<div class=\"wp-block-file\"><a id=\"wp-block-file--media-b6919ba4-b5e6-4089-a238-1334c2b263be\" href=\"https:\/\/www.ifbaiano.edu.br\/unidades\/valenca\/files\/2023\/04\/2-Resolucao-no-14-de-12-de-junho-2015-Alteracao-regimento-da-CPA-IF-BAiano.pdf\">Resolu\u00e7\u00e3o n\u00ba 14\/2015<\/a><\/div>\n\n\n\n<div class=\"wp-block-file\"><a id=\"wp-block-file--media-d8b0b5b7-9a2f-4585-a480-f118989f0770\" href=\"https:\/\/www.ifbaiano.edu.br\/unidades\/valenca\/files\/2023\/04\/1-Lei-10.861-de-14-de-abril-de-2004.pdf\">Lei 10.861\/2004<\/a><\/div>\n","protected":false},"excerpt":{"rendered":"<p>Conhe\u00e7a um pouco sobre a CPA O que \u00e9 CPA? A Comiss\u00e3o Pr\u00f3pria de Avalia\u00e7\u00e3o \u2013 CPA, institu\u00edda pelo Sistema Nacional de Avalia\u00e7\u00e3o da Educa\u00e7\u00e3o Superior \u2013 SINAES, conforme previsto na lei n\u00ba 10861\/2004, tem como uma das suas principais atribui\u00e7\u00f5es a implanta\u00e7\u00e3o e o desenvolvimento de processos de avalia\u00e7\u00e3o institucional. A CPA \u00e9 portanto [&hellip;]<\/p>\n","protected":false},"author":146,"featured_media":0,"parent":0,"menu_order":0,"comment_status":"closed","ping_status":"closed","template":"","meta":[],"_links":{"self":[{"href":"https:\/\/www.ifbaiano.edu.br\/unidades\/valenca\/wp-json\/wp\/v2\/pages\/8789"}],"collection":[{"href":"https:\/\/www.ifbaiano.edu.br\/unidades\/valenca\/wp-json\/wp\/v2\/pages"}],"about":[{"href":"https:\/\/www.ifbaiano.edu.br\/unidades\/valenca\/wp-json\/wp\/v2\/types\/page"}],"author":[{"embeddable":true,"href":"https:\/\/www.ifbaiano.edu.br\/unidades\/valenca\/wp-json\/wp\/v2\/users\/146"}],"replies":[{"embeddable":true,"href":"https:\/\/www.ifbaiano.edu.br\/unidades\/valenca\/wp-json\/wp\/v2\/comments?post=8789"}],"version-history":[{"count":35,"href":"https:\/\/www.ifbaiano.edu.br\/unidades\/valenca\/wp-json\/wp\/v2\/pages\/8789\/revisions"}],"predecessor-version":[{"id":10210,"href":"https:\/\/www.ifbaiano.edu.br\/unidades\/valenca\/wp-json\/wp\/v2\/pages\/8789\/revisions\/10210"}],"wp:attachment":[{"href":"https:\/\/www.ifbaiano.edu.br\/unidades\/valenca\/wp-json\/wp\/v2\/media?parent=8789"}],"curies":[{"name":"wp","href":"https:\/\/api.w.org\/{rel}","templated":true}]}}