{"id":9377,"date":"2023-10-10T02:33:07","date_gmt":"2023-10-10T05:33:07","guid":{"rendered":"https:\/\/www.ifbaiano.edu.br\/unidades\/valenca\/?page_id=9377"},"modified":"2024-08-19T14:35:35","modified_gmt":"2024-08-19T17:35:35","slug":"fazenda-aldeia","status":"publish","type":"page","link":"https:\/\/www.ifbaiano.edu.br\/unidades\/valenca\/fazenda-aldeia\/","title":{"rendered":"Fazenda Aldeia"},"content":{"rendered":"\n<p>O campus Valen\u00e7a possui uma \u00e1rea educativa de campo com cerca de 33 hectares.<\/p>\n\n\n\n<p> <\/p>\n\n\n\n<p><br>Instala\u00e7\u00f5es na Fazenda Aldeia:<br>\uf0b7 01 Sala de aula<br>\uf0b7 01 Sala de Professores<br>\uf0b7 01 Sala de Coordena\u00e7\u00e3o de Unidades Educativas de Campo<br>\uf0b7 02 Salas de aulas (em implanta\u00e7\u00e3o)<br>\uf0b7 Esta\u00e7\u00e3o meteorol\u00f3gica<br>\uf0b7 Curral<br>\uf0b7 Viveiro de mudas<br>\uf0b7 Suinocultura<br>\uf0b7 Caprino\/ovinocultura<br>\uf0b7 Sanit\u00e1rio masculino e feminino<br>\uf0b7 01 Trator<br>\uf0b7 02 Fazendinha Agroecol\u00f3gica<\/p>\n\n\n\n<figure class=\"wp-block-gallery has-nested-images columns-default is-cropped wp-block-gallery-1 is-layout-flex\">\n<figure class=\"wp-block-image size-large\"><a href=\"https:\/\/www.ifbaiano.edu.br\/unidades\/valenca\/files\/2024\/08\/Imagem-do-WhatsApp-de-2024-08-19-as-12.02.01_1a3d7bfb.jpg\"><img decoding=\"async\" loading=\"lazy\" width=\"1600\" height=\"1066\" data-id=\"9858\"  src=\"https:\/\/www.ifbaiano.edu.br\/unidades\/valenca\/files\/2024\/08\/Imagem-do-WhatsApp-de-2024-08-19-as-12.02.01_1a3d7bfb.jpg\" alt=\"\" class=\"wp-image-9858\" \/><\/a><\/figure>\n\n\n\n<figure class=\"wp-block-image size-large\"><a href=\"https:\/\/www.ifbaiano.edu.br\/unidades\/valenca\/files\/2024\/08\/Imagem-do-WhatsApp-de-2024-08-19-as-12.02.01_24dbb8bf.jpg\"><img decoding=\"async\" loading=\"lazy\" width=\"1600\" height=\"1066\" data-id=\"9852\"  src=\"https:\/\/www.ifbaiano.edu.br\/unidades\/valenca\/files\/2024\/08\/Imagem-do-WhatsApp-de-2024-08-19-as-12.02.01_24dbb8bf.jpg\" alt=\"\" class=\"wp-image-9852\" \/><\/a><\/figure>\n\n\n\n<figure class=\"wp-block-image size-large\"><a href=\"https:\/\/www.ifbaiano.edu.br\/unidades\/valenca\/files\/2024\/08\/Imagem-do-WhatsApp-de-2024-08-19-as-12.02.01_f967b6a2.jpg\"><img decoding=\"async\" loading=\"lazy\" width=\"1600\" height=\"1066\" data-id=\"9862\"  src=\"https:\/\/www.ifbaiano.edu.br\/unidades\/valenca\/files\/2024\/08\/Imagem-do-WhatsApp-de-2024-08-19-as-12.02.01_f967b6a2.jpg\" alt=\"\" class=\"wp-image-9862\" \/><\/a><\/figure>\n\n\n\n<figure class=\"wp-block-image size-large\"><a href=\"https:\/\/www.ifbaiano.edu.br\/unidades\/valenca\/files\/2024\/08\/Imagem-do-WhatsApp-de-2024-08-19-as-12.02.02_0e106762.jpg\"><img decoding=\"async\" loading=\"lazy\" width=\"1600\" height=\"1066\" data-id=\"9863\"  src=\"https:\/\/www.ifbaiano.edu.br\/unidades\/valenca\/files\/2024\/08\/Imagem-do-WhatsApp-de-2024-08-19-as-12.02.02_0e106762.jpg\" alt=\"\" class=\"wp-image-9863\" \/><\/a><\/figure>\n\n\n\n<figure class=\"wp-block-image size-large\"><a href=\"https:\/\/www.ifbaiano.edu.br\/unidades\/valenca\/files\/2024\/08\/Imagem-do-WhatsApp-de-2024-08-19-as-12.02.02_0eaecb8e.jpg\"><img decoding=\"async\" loading=\"lazy\" width=\"900\" height=\"1600\" data-id=\"9849\"  src=\"https:\/\/www.ifbaiano.edu.br\/unidades\/valenca\/files\/2024\/08\/Imagem-do-WhatsApp-de-2024-08-19-as-12.02.02_0eaecb8e.jpg\" alt=\"\" class=\"wp-image-9849\" \/><\/a><\/figure>\n\n\n\n<figure class=\"wp-block-image size-large\"><a href=\"https:\/\/www.ifbaiano.edu.br\/unidades\/valenca\/files\/2024\/08\/Imagem-do-WhatsApp-de-2024-08-19-as-12.02.02_3a32c3eb.jpg\"><img decoding=\"async\" loading=\"lazy\" width=\"1600\" height=\"1066\" data-id=\"9859\"  src=\"https:\/\/www.ifbaiano.edu.br\/unidades\/valenca\/files\/2024\/08\/Imagem-do-WhatsApp-de-2024-08-19-as-12.02.02_3a32c3eb.jpg\" alt=\"\" class=\"wp-image-9859\" \/><\/a><\/figure>\n\n\n\n<figure class=\"wp-block-image size-large\"><a href=\"https:\/\/www.ifbaiano.edu.br\/unidades\/valenca\/files\/2024\/08\/Imagem-do-WhatsApp-de-2024-08-19-as-12.02.02_3e5b9d9c.jpg\"><img decoding=\"async\" loading=\"lazy\" width=\"1600\" height=\"900\" data-id=\"9856\"  src=\"https:\/\/www.ifbaiano.edu.br\/unidades\/valenca\/files\/2024\/08\/Imagem-do-WhatsApp-de-2024-08-19-as-12.02.02_3e5b9d9c.jpg\" alt=\"\" class=\"wp-image-9856\" \/><\/a><\/figure>\n\n\n\n<figure class=\"wp-block-image size-large\"><a href=\"https:\/\/www.ifbaiano.edu.br\/unidades\/valenca\/files\/2024\/08\/Imagem-do-WhatsApp-de-2024-08-19-as-12.02.02_3f0f884f.jpg\"><img decoding=\"async\" loading=\"lazy\" width=\"1600\" height=\"900\" data-id=\"9855\"  src=\"https:\/\/www.ifbaiano.edu.br\/unidades\/valenca\/files\/2024\/08\/Imagem-do-WhatsApp-de-2024-08-19-as-12.02.02_3f0f884f.jpg\" alt=\"\" class=\"wp-image-9855\" \/><\/a><\/figure>\n\n\n\n<figure class=\"wp-block-image size-large\"><a href=\"https:\/\/www.ifbaiano.edu.br\/unidades\/valenca\/files\/2024\/08\/Imagem-do-WhatsApp-de-2024-08-19-as-12.02.02_7bafe35b.jpg\"><img decoding=\"async\" loading=\"lazy\" width=\"1600\" height=\"1066\" data-id=\"9872\"  src=\"https:\/\/www.ifbaiano.edu.br\/unidades\/valenca\/files\/2024\/08\/Imagem-do-WhatsApp-de-2024-08-19-as-12.02.02_7bafe35b.jpg\" alt=\"\" class=\"wp-image-9872\" \/><\/a><\/figure>\n\n\n\n<figure class=\"wp-block-image size-large\"><a href=\"https:\/\/www.ifbaiano.edu.br\/unidades\/valenca\/files\/2024\/08\/Imagem-do-WhatsApp-de-2024-08-19-as-12.02.02_13a8768a.jpg\"><img decoding=\"async\" loading=\"lazy\" width=\"1600\" height=\"1066\" data-id=\"9867\"  src=\"https:\/\/www.ifbaiano.edu.br\/unidades\/valenca\/files\/2024\/08\/Imagem-do-WhatsApp-de-2024-08-19-as-12.02.02_13a8768a.jpg\" alt=\"\" class=\"wp-image-9867\" \/><\/a><\/figure>\n\n\n\n<figure class=\"wp-block-image size-large\"><a href=\"https:\/\/www.ifbaiano.edu.br\/unidades\/valenca\/files\/2024\/08\/Imagem-do-WhatsApp-de-2024-08-19-as-12.02.02_62dab892.jpg\"><img decoding=\"async\" loading=\"lazy\" width=\"1600\" height=\"1066\" data-id=\"9853\"  src=\"https:\/\/www.ifbaiano.edu.br\/unidades\/valenca\/files\/2024\/08\/Imagem-do-WhatsApp-de-2024-08-19-as-12.02.02_62dab892.jpg\" alt=\"\" class=\"wp-image-9853\" \/><\/a><\/figure>\n\n\n\n<figure class=\"wp-block-image size-large\"><a href=\"https:\/\/www.ifbaiano.edu.br\/unidades\/valenca\/files\/2024\/08\/Imagem-do-WhatsApp-de-2024-08-19-as-12.02.02_72db9fad.jpg\"><img decoding=\"async\" loading=\"lazy\" width=\"1600\" height=\"1066\" data-id=\"9870\"  src=\"https:\/\/www.ifbaiano.edu.br\/unidades\/valenca\/files\/2024\/08\/Imagem-do-WhatsApp-de-2024-08-19-as-12.02.02_72db9fad.jpg\" alt=\"\" class=\"wp-image-9870\" \/><\/a><\/figure>\n\n\n\n<figure class=\"wp-block-image size-large\"><a href=\"https:\/\/www.ifbaiano.edu.br\/unidades\/valenca\/files\/2024\/08\/Imagem-do-WhatsApp-de-2024-08-19-as-12.02.02_73eb9035.jpg\"><img decoding=\"async\" loading=\"lazy\" width=\"1600\" height=\"1066\" data-id=\"9871\"  src=\"https:\/\/www.ifbaiano.edu.br\/unidades\/valenca\/files\/2024\/08\/Imagem-do-WhatsApp-de-2024-08-19-as-12.02.02_73eb9035.jpg\" alt=\"\" class=\"wp-image-9871\" \/><\/a><\/figure>\n\n\n\n<figure class=\"wp-block-image size-large\"><a href=\"https:\/\/www.ifbaiano.edu.br\/unidades\/valenca\/files\/2024\/08\/Imagem-do-WhatsApp-de-2024-08-19-as-12.02.02_129a2e04.jpg\"><img decoding=\"async\" loading=\"lazy\" width=\"1600\" height=\"1066\" data-id=\"9866\"  src=\"https:\/\/www.ifbaiano.edu.br\/unidades\/valenca\/files\/2024\/08\/Imagem-do-WhatsApp-de-2024-08-19-as-12.02.02_129a2e04.jpg\" alt=\"\" class=\"wp-image-9866\" \/><\/a><\/figure>\n\n\n\n<figure class=\"wp-block-image size-large\"><a href=\"https:\/\/www.ifbaiano.edu.br\/unidades\/valenca\/files\/2024\/08\/Imagem-do-WhatsApp-de-2024-08-19-as-12.02.02_859c1b94.jpg\"><img decoding=\"async\" loading=\"lazy\" width=\"1600\" height=\"1066\" data-id=\"9864\"  src=\"https:\/\/www.ifbaiano.edu.br\/unidades\/valenca\/files\/2024\/08\/Imagem-do-WhatsApp-de-2024-08-19-as-12.02.02_859c1b94.jpg\" alt=\"\" class=\"wp-image-9864\" \/><\/a><\/figure>\n\n\n\n<figure class=\"wp-block-image size-large\"><a href=\"https:\/\/www.ifbaiano.edu.br\/unidades\/valenca\/files\/2024\/08\/Imagem-do-WhatsApp-de-2024-08-19-as-12.02.02_3268beeb.jpg\"><img decoding=\"async\" loading=\"lazy\" width=\"900\" height=\"1600\" data-id=\"9850\"  src=\"https:\/\/www.ifbaiano.edu.br\/unidades\/valenca\/files\/2024\/08\/Imagem-do-WhatsApp-de-2024-08-19-as-12.02.02_3268beeb.jpg\" alt=\"\" class=\"wp-image-9850\" \/><\/a><\/figure>\n\n\n\n<figure class=\"wp-block-image size-large\"><a href=\"https:\/\/www.ifbaiano.edu.br\/unidades\/valenca\/files\/2024\/08\/Imagem-do-WhatsApp-de-2024-08-19-as-12.02.02_68143f5b.jpg\"><img decoding=\"async\" loading=\"lazy\" width=\"1600\" height=\"1066\" data-id=\"9868\"  src=\"https:\/\/www.ifbaiano.edu.br\/unidades\/valenca\/files\/2024\/08\/Imagem-do-WhatsApp-de-2024-08-19-as-12.02.02_68143f5b.jpg\" alt=\"\" class=\"wp-image-9868\" \/><\/a><\/figure>\n\n\n\n<figure class=\"wp-block-image size-large\"><a href=\"https:\/\/www.ifbaiano.edu.br\/unidades\/valenca\/files\/2024\/08\/Imagem-do-WhatsApp-de-2024-08-19-as-12.02.02_7323773c.jpg\"><img decoding=\"async\" loading=\"lazy\" width=\"1600\" height=\"900\" data-id=\"9854\"  src=\"https:\/\/www.ifbaiano.edu.br\/unidades\/valenca\/files\/2024\/08\/Imagem-do-WhatsApp-de-2024-08-19-as-12.02.02_7323773c.jpg\" alt=\"\" class=\"wp-image-9854\" \/><\/a><\/figure>\n\n\n\n<figure class=\"wp-block-image size-large\"><a href=\"https:\/\/www.ifbaiano.edu.br\/unidades\/valenca\/files\/2024\/08\/Imagem-do-WhatsApp-de-2024-08-19-as-12.02.02_a9655de0.jpg\"><img decoding=\"async\" loading=\"lazy\" width=\"1600\" height=\"900\" data-id=\"9851\"  src=\"https:\/\/www.ifbaiano.edu.br\/unidades\/valenca\/files\/2024\/08\/Imagem-do-WhatsApp-de-2024-08-19-as-12.02.02_a9655de0.jpg\" alt=\"\" class=\"wp-image-9851\" \/><\/a><\/figure>\n\n\n\n<figure class=\"wp-block-image size-large\"><a href=\"https:\/\/www.ifbaiano.edu.br\/unidades\/valenca\/files\/2024\/08\/Imagem-do-WhatsApp-de-2024-08-19-as-12.02.02_ae1ffa6a.jpg\"><img decoding=\"async\" loading=\"lazy\" width=\"1600\" height=\"1066\" data-id=\"9857\"  src=\"https:\/\/www.ifbaiano.edu.br\/unidades\/valenca\/files\/2024\/08\/Imagem-do-WhatsApp-de-2024-08-19-as-12.02.02_ae1ffa6a.jpg\" alt=\"\" class=\"wp-image-9857\" \/><\/a><\/figure>\n\n\n\n<figure class=\"wp-block-image size-large\"><a href=\"https:\/\/www.ifbaiano.edu.br\/unidades\/valenca\/files\/2024\/08\/Imagem-do-WhatsApp-de-2024-08-19-as-12.02.02_e220760f.jpg\"><img decoding=\"async\" loading=\"lazy\" width=\"1600\" height=\"1066\" data-id=\"9865\"  src=\"https:\/\/www.ifbaiano.edu.br\/unidades\/valenca\/files\/2024\/08\/Imagem-do-WhatsApp-de-2024-08-19-as-12.02.02_e220760f.jpg\" alt=\"\" class=\"wp-image-9865\" \/><\/a><\/figure>\n\n\n\n<figure class=\"wp-block-image size-large\"><a href=\"https:\/\/www.ifbaiano.edu.br\/unidades\/valenca\/files\/2024\/08\/Imagem-do-WhatsApp-de-2024-08-19-as-12.02.02_ee6213cb.jpg\"><img decoding=\"async\" loading=\"lazy\" width=\"1600\" height=\"1066\" data-id=\"9869\"  src=\"https:\/\/www.ifbaiano.edu.br\/unidades\/valenca\/files\/2024\/08\/Imagem-do-WhatsApp-de-2024-08-19-as-12.02.02_ee6213cb.jpg\" alt=\"\" class=\"wp-image-9869\" \/><\/a><\/figure>\n\n\n\n<figure class=\"wp-block-image size-large\"><a href=\"https:\/\/www.ifbaiano.edu.br\/unidades\/valenca\/files\/2024\/08\/Imagem-do-WhatsApp-de-2024-08-19-as-12.02.02_f2b5d74f.jpg\"><img decoding=\"async\" loading=\"lazy\" width=\"1600\" height=\"900\" data-id=\"9861\"  src=\"https:\/\/www.ifbaiano.edu.br\/unidades\/valenca\/files\/2024\/08\/Imagem-do-WhatsApp-de-2024-08-19-as-12.02.02_f2b5d74f.jpg\" alt=\"\" class=\"wp-image-9861\" \/><\/a><\/figure>\n\n\n\n<figure class=\"wp-block-image size-large\"><a href=\"https:\/\/www.ifbaiano.edu.br\/unidades\/valenca\/files\/2024\/08\/Imagem-do-WhatsApp-de-2024-08-19-as-12.02.02_f4029755.jpg\"><img decoding=\"async\" loading=\"lazy\" width=\"1600\" height=\"900\" data-id=\"9860\"  src=\"https:\/\/www.ifbaiano.edu.br\/unidades\/valenca\/files\/2024\/08\/Imagem-do-WhatsApp-de-2024-08-19-as-12.02.02_f4029755.jpg\" alt=\"\" class=\"wp-image-9860\" \/><\/a><\/figure>\n<\/figure>\n","protected":false},"excerpt":{"rendered":"<p>O campus Valen\u00e7a possui uma \u00e1rea educativa de campo com cerca de 33 hectares. Instala\u00e7\u00f5es na Fazenda Aldeia:\uf0b7 01 Sala de aula\uf0b7 01 Sala de Professores\uf0b7 01 Sala de Coordena\u00e7\u00e3o de Unidades Educativas de Campo\uf0b7 02 Salas de aulas (em implanta\u00e7\u00e3o)\uf0b7 Esta\u00e7\u00e3o meteorol\u00f3gica\uf0b7 Curral\uf0b7 Viveiro de mudas\uf0b7 Suinocultura\uf0b7 Caprino\/ovinocultura\uf0b7 Sanit\u00e1rio masculino e feminino\uf0b7 01 Trator\uf0b7 [&hellip;]<\/p>\n","protected":false},"author":171,"featured_media":0,"parent":0,"menu_order":0,"comment_status":"closed","ping_status":"closed","template":"","meta":[],"_links":{"self":[{"href":"https:\/\/www.ifbaiano.edu.br\/unidades\/valenca\/wp-json\/wp\/v2\/pages\/9377"}],"collection":[{"href":"https:\/\/www.ifbaiano.edu.br\/unidades\/valenca\/wp-json\/wp\/v2\/pages"}],"about":[{"href":"https:\/\/www.ifbaiano.edu.br\/unidades\/valenca\/wp-json\/wp\/v2\/types\/page"}],"author":[{"embeddable":true,"href":"https:\/\/www.ifbaiano.edu.br\/unidades\/valenca\/wp-json\/wp\/v2\/users\/171"}],"replies":[{"embeddable":true,"href":"https:\/\/www.ifbaiano.edu.br\/unidades\/valenca\/wp-json\/wp\/v2\/comments?post=9377"}],"version-history":[{"count":3,"href":"https:\/\/www.ifbaiano.edu.br\/unidades\/valenca\/wp-json\/wp\/v2\/pages\/9377\/revisions"}],"predecessor-version":[{"id":9873,"href":"https:\/\/www.ifbaiano.edu.br\/unidades\/valenca\/wp-json\/wp\/v2\/pages\/9377\/revisions\/9873"}],"wp:attachment":[{"href":"https:\/\/www.ifbaiano.edu.br\/unidades\/valenca\/wp-json\/wp\/v2\/media?parent=9377"}],"curies":[{"name":"wp","href":"https:\/\/api.w.org\/{rel}","templated":true}]}}