{"id":9379,"date":"2023-10-10T02:45:40","date_gmt":"2023-10-10T05:45:40","guid":{"rendered":"https:\/\/www.ifbaiano.edu.br\/unidades\/valenca\/?page_id=9379"},"modified":"2023-10-24T00:26:24","modified_gmt":"2023-10-24T03:26:24","slug":"sede","status":"publish","type":"page","link":"https:\/\/www.ifbaiano.edu.br\/unidades\/valenca\/sede\/","title":{"rendered":"Quem somos"},"content":{"rendered":"\n<p>O Instituto Federal de Educa\u00e7\u00e3o, Ci\u00eancia e Tecnologia Baiano (IF Baiano) foi criado em 2008 e \u00e9 uma institui\u00e7\u00e3o de Ensino M\u00e9dio e Superior, focado na Educa\u00e7\u00e3o Profissional e Tecnol\u00f3gica totalmente gratuita. Sua proposta \u00e9 levar alternativas \u00e0s demandas da comunidade, atrav\u00e9s de ensino, pesquisa e extens\u00e3o, articulando-se com o mundo do trabalho.<\/p>\n\n\n\n<p>Assim, egressos do Ensino Fundamental, M\u00e9dio ou Superior t\u00eam a possibilidade de estudar no Instituto atrav\u00e9s de cursos t\u00e9cnicos \u2013 Integrados, Subsequentes (presenciais e EaD), Proeja \u2013 de gradua\u00e7\u00e3o e p\u00f3s-gradua\u00e7\u00e3o ou ainda fazer cursos de capacita\u00e7\u00e3o ofertados, atrav\u00e9s de Programas de Extens\u00e3o.<\/p>\n\n\n\n<p><a href=\"https:\/\/www.youtube.com\/watch?v=MMtOqKhNvkQ&amp;t=24s\" data-type=\"URL\" data-id=\"https:\/\/www.youtube.com\/watch?v=MMtOqKhNvkQ&amp;t=24s\">https:\/\/www.youtube.com\/watch?v=MMtOqKhNvkQ&amp;t=24s<\/a><\/p>\n\n\n\n<p class=\"has-medium-font-size\"><strong>Nossa miss\u00e3o<\/strong><\/p>\n\n\n\n<p>Oferecer educa\u00e7\u00e3o profissional e tecnol\u00f3gica de qualidade, p\u00fablica e gratuita, nas diferentes modalidades, preparando pessoas para o pleno exerc\u00edcio da cidadania e contribuindo para o desenvolvimento social e econ\u00f4mico do pa\u00eds, atrav\u00e9s de a\u00e7\u00f5es de ensino, pesquisa e extens\u00e3o (PDI 2015 \u2013 2019).<\/p>\n\n\n\n<p><strong>Vis\u00e3o<\/strong><br>Ser uma institui\u00e7\u00e3o de educa\u00e7\u00e3o profissional e tecnol\u00f3gica refer\u00eancia na Bahia, em todas as \u00e1reas e modalidades de oferta, sobretudo, no desenvolvimento e fortalecimento de tecnologias agr\u00e1rias que contribuam para o crescimento socioecon\u00f4mico e cultural do estado.<br><strong>Valores<\/strong><br><em>Excel\u00eancia<\/em> \u2013 pautada na efici\u00eancia, efic\u00e1cia e efetividade nos processos<br>de gest\u00e3o;<br><em>Gest\u00e3o democr\u00e1tica <\/em>\u2013 pautada nos princ\u00edpios de justi\u00e7a, participa\u00e7\u00e3o, corresponsabilidade, igualdade nas rela\u00e7\u00f5es sociais e nos processos de gest\u00e3o;<br>\u00b7 <em>\u00c9tica <\/em>&#8211; pautada nos princ\u00edpios da transpar\u00eancia, justi\u00e7a social e responsabilidade com o bem p\u00fablico.<br>\u00b7 <em>Valoriza\u00e7\u00e3o dos servidores<\/em> \u2013 pautada no fortalecimento e reconhecimento de que o desempenho da institui\u00e7\u00e3o depende da valoriza\u00e7\u00e3o, do desenvolvimento pessoal e t\u00e9cnico, do bem-estar e da realiza\u00e7\u00e3o profissional de todos os servidores.<br>\u00b7 <em>Comprometimento<\/em> \u2013 pautado compromisso dos servidores com o<br>atendimento dos objetivos e da miss\u00e3o institucional.<br>\u00b7 <em>Compromisso social <\/em>\u2013 pautado no reconhecimento \u00e0s diferen\u00e7as<br>hist\u00f3ricas, econ\u00f4micas, culturais e sociais.<br>\u00b7 <em>Sustentabilidade <\/em>\u2013 pautada na responsabilidade social e ambiental<\/p>\n\n\n\n<div class=\"wp-block-file\"><object class=\"wp-block-file__embed\" data=\"https:\/\/www.ifbaiano.edu.br\/unidades\/valenca\/files\/2023\/10\/CARTA-DE-SERVICOS-3-1.pdf\" type=\"application\/pdf\" style=\"width:100%;height:600px\" aria-label=\"Incorporado de CARTA-DE-SERVICOS-3-1.\"><\/object><a id=\"wp-block-file--media-b8ceb8a1-6e76-4560-9301-d9c674695a2b\" href=\"https:\/\/www.ifbaiano.edu.br\/unidades\/valenca\/files\/2023\/10\/CARTA-DE-SERVICOS-3-1.pdf\">CARTA-DE-SERVICOS-3-1<\/a><a href=\"https:\/\/www.ifbaiano.edu.br\/unidades\/valenca\/files\/2023\/10\/CARTA-DE-SERVICOS-3-1.pdf\" class=\"wp-block-file__button wp-element-button\" download aria-describedby=\"wp-block-file--media-b8ceb8a1-6e76-4560-9301-d9c674695a2b\">Baixar<\/a><\/div>\n","protected":false},"excerpt":{"rendered":"<p>O Instituto Federal de Educa\u00e7\u00e3o, Ci\u00eancia e Tecnologia Baiano (IF Baiano) foi criado em 2008 e \u00e9 uma institui\u00e7\u00e3o de Ensino M\u00e9dio e Superior, focado na Educa\u00e7\u00e3o Profissional e Tecnol\u00f3gica totalmente gratuita. Sua proposta \u00e9 levar alternativas \u00e0s demandas da comunidade, atrav\u00e9s de ensino, pesquisa e extens\u00e3o, articulando-se com o mundo do trabalho. Assim, egressos [&hellip;]<\/p>\n","protected":false},"author":171,"featured_media":0,"parent":0,"menu_order":0,"comment_status":"closed","ping_status":"closed","template":"","meta":[],"_links":{"self":[{"href":"https:\/\/www.ifbaiano.edu.br\/unidades\/valenca\/wp-json\/wp\/v2\/pages\/9379"}],"collection":[{"href":"https:\/\/www.ifbaiano.edu.br\/unidades\/valenca\/wp-json\/wp\/v2\/pages"}],"about":[{"href":"https:\/\/www.ifbaiano.edu.br\/unidades\/valenca\/wp-json\/wp\/v2\/types\/page"}],"author":[{"embeddable":true,"href":"https:\/\/www.ifbaiano.edu.br\/unidades\/valenca\/wp-json\/wp\/v2\/users\/171"}],"replies":[{"embeddable":true,"href":"https:\/\/www.ifbaiano.edu.br\/unidades\/valenca\/wp-json\/wp\/v2\/comments?post=9379"}],"version-history":[{"count":3,"href":"https:\/\/www.ifbaiano.edu.br\/unidades\/valenca\/wp-json\/wp\/v2\/pages\/9379\/revisions"}],"predecessor-version":[{"id":9424,"href":"https:\/\/www.ifbaiano.edu.br\/unidades\/valenca\/wp-json\/wp\/v2\/pages\/9379\/revisions\/9424"}],"wp:attachment":[{"href":"https:\/\/www.ifbaiano.edu.br\/unidades\/valenca\/wp-json\/wp\/v2\/media?parent=9379"}],"curies":[{"name":"wp","href":"https:\/\/api.w.org\/{rel}","templated":true}]}}