{"id":1275,"date":"2019-08-01T17:07:22","date_gmt":"2019-08-01T20:07:22","guid":{"rendered":"http:\/\/www.ifbaiano.edu.br\/unidades\/xique-xique\/?page_id=1275"},"modified":"2022-05-05T11:03:19","modified_gmt":"2022-05-05T14:03:19","slug":"estagio","status":"publish","type":"page","link":"https:\/\/www.ifbaiano.edu.br\/unidades\/xique-xique\/estagio\/","title":{"rendered":"Est\u00e1gio"},"content":{"rendered":"\n<p>Est\u00e1gio \u00e9 o ato educativo escolar supervisionado, desenvolvido no ambiente de trabalho que visa \u00e0 prepara\u00e7\u00e3o para o trabalho produtivo de educandos que estejam frequentando o ensino regular em institui\u00e7\u00f5es de educa\u00e7\u00e3o superior, de educa\u00e7\u00e3o profissional, de ensino m\u00e9dio, da educa\u00e7\u00e3o especial e dos anos finais do ensino fundamental, na modalidade profissional da educa\u00e7\u00e3o de jovens e adultos.<br>O est\u00e1gio faz parte do projeto pedag\u00f3gico do curso, al\u00e9m de integrar o itiner\u00e1rio formativo do educando.<br>O est\u00e1gio visa ao aprendizado de compet\u00eancias pr\u00f3prias da atividade profissional e \u00e0 contextualiza\u00e7\u00e3o curricular, objetivando o desenvolvimento do educando para a vida cidad\u00e3 e para o trabalho.<\/p>\n\n\n<hr>\n\n\n<p><strong>Coordenadora de Est\u00e1gio:<\/strong> Ma. Cezar Pardo Meo Pompeo de Camargo<\/p>\n\n\n\n<p><a href=\"http:\/\/lattes.cnpq.br\/3530670144512973\">Curr\u00edculo lattes<\/a><\/p>\n\n\n\n<p><strong>E-mail:\n<\/strong><a href=\"mailto:estagio@xique-xique.ifbaiano.edu.br\">estagio@xique-xique.ifbaiano.edu.br<\/a><\/p>\n\n\n\n<p><strong>Telefone:\n<\/strong>(74)\n3664-3500<\/p>\n\n\n<hr>\n<hr>\n\n\n<p><strong>Documentos pertinentes:<\/strong><\/p>\n\n\n\n<p>&#8211; <a href=\"http:\/\/www.planalto.gov.br\/ccivil_03\/_ato2007-2010\/2008\/lei\/l11788.htm\" target=\"_blank\" rel=\"noreferrer noopener\" aria-label=\"Lei do est\u00e1gio (abre numa nova aba)\">Lei do est\u00e1gio<\/a><\/p>\n\n\n\n<p>&#8211; <a rel=\"noreferrer noopener\" aria-label=\" (abre numa nova aba)\" href=\"https:\/\/www.ifbaiano.edu.br\/unidades\/xique-xique\/files\/2020\/10\/Regulamento-de-Estagio.pdf\" target=\"_blank\">Regulamento de est\u00e1gio do IF Baiano<\/a><\/p>\n\n\n\n<p>&#8211; <a href=\"https:\/\/www.ifbaiano.edu.br\/unidades\/xique-xique\/files\/2022\/03\/Manual-para-elaboracao-do-Relatorio-de-Estagio.pdf\">Manual para a elabora\u00e7\u00e3o do relat\u00f3rio de est\u00e1gio<\/a><\/p>\n\n\n\n<p>&#8211; <a rel=\"noreferrer noopener\" aria-label=\"Orienta\u00e7\u00e3o Normativa N\u00ba 7, de 30 de outubro de 2008 (abre numa nova aba)\" href=\"http:\/\/www.ifbaiano.edu.br\/unidades\/xique-xique\/files\/2019\/08\/ORIENTA\u00c7\u00c3O-NORMATIVA-N\u00ba-7-DE-30-DE-OUTUBRO-DE-2008.pdf\" target=\"_blank\">Orienta\u00e7\u00e3o Normativa N\u00ba 7, de 30 de outubro de 2008<\/a><\/p>\n\n\n\n<p>&#8211; <a href=\"https:\/\/www.ifbaiano.edu.br\/unidades\/xique-xique\/files\/2021\/02\/Oficio-circular-Estagio.pdf\">Orienta\u00e7\u00e3o Of\u00edcio Circular N\u00ba 02\/2021<\/a><\/p>\n\n\n\n<p><strong>Procedimentos:<\/strong><\/p>\n\n\n\n<p><a href=\"http:\/\/www.ifbaiano.edu.br\/unidades\/xique-xique\/files\/2019\/08\/PROCEDIMENTOS-PARA-FORMALIZA\u00c7\u00c3O-DE-EST\u00c1GIO.pdf\" target=\"_blank\" rel=\"noreferrer noopener\" aria-label=\"Procedimentos para formaliza\u00e7\u00e3o do est\u00e1gio (abre numa nova aba)\">Procedimentos para formaliza\u00e7\u00e3o do est\u00e1gio<\/a><\/p>\n\n\n<hr>\n<p><strong>Institui\u00e7\u00f5es parceiras:<\/strong><\/p>\n\n\n<p><a rel=\"noreferrer noopener\" aria-label=\"ADAB (abre numa nova aba)\" href=\"http:\/\/www.adab.ba.gov.br\/\" target=\"_blank\">ADAB<\/a><br><a rel=\"noreferrer noopener\" aria-label=\"CODEVASF (abre numa nova aba)\" href=\"https:\/\/www.codevasf.gov.br\/\" target=\"_blank\">CODEVASF<\/a><br>Comercial Pr\u00f3-Campo<br>Comercial Ra\u00e7\u00f5es e CIA <br>Fazenda Manga Ax\u00e9 <br><a rel=\"noreferrer noopener\" aria-label=\"Fazenda Tabareu e LTDA (abre numa nova aba)\" href=\"https:\/\/pt-br.facebook.com\/pg\/Agropecu%C3%A1ria-Tabareu-1594553434114146\/videos\/?ref=page_internal\" target=\"_blank\">Fazenda Tabareu e LTDA<\/a> <br><a rel=\"noreferrer noopener\" aria-label=\"INEMA (abre numa nova aba)\" href=\"http:\/\/www.inema.ba.gov.br\/\" target=\"_blank\">INEMA<\/a><br><a rel=\"noreferrer noopener\" aria-label=\"Prefeitura Municipal de Xique-Xique  (abre numa nova aba)\" href=\"http:\/\/www.xiquexique.ba.gov.br\/\" target=\"_blank\">Prefeitura Municipal de Xique-Xique <\/a><br>Piscicultura Macedo <br><a rel=\"noreferrer noopener\" aria-label=\"SAAE (abre numa nova aba)\" href=\"http:\/\/saaexique-xiqueba.imprensaoficial.org\/\" target=\"_blank\">SAAE<\/a><br><a href=\"https:\/\/portal.uneb.br\/xiquexique\/\" target=\"_blank\" rel=\"noreferrer noopener\" aria-label=\"UNEB (abre numa nova aba)\">UNEB<\/a><\/p>\n\n\n<hr>\n\n\n<p> <strong>Editais:<\/strong><\/p>\n\n\n\n<p><strong>2019.1<\/strong><br>&#8211;<a href=\"http:\/\/www.ifbaiano.edu.br\/unidades\/xique-xique\/files\/2019\/02\/Edital-Sele%C3%A7%C3%A3o-Estagi%C3%A1rios-Xique-Xique18-02-2019.pdf\" target=\"_blank\" rel=\"noreferrer noopener\" aria-label=\"Edital N\u00b0 01\/2019 (abre numa nova aba)\">Edital N\u00b0 01\/2019<\/a><br>&#8211;<a rel=\"noreferrer noopener\" aria-label=\"Inscri\u00e7\u00f5es homologadas (abre numa nova aba)\" href=\"http:\/\/www.ifbaiano.edu.br\/unidades\/xique-xique\/files\/2019\/03\/Edital-01-2019_Inscri%C3%A7%C3%B5es-Homologadas.pdf\" target=\"_blank\">Inscri\u00e7\u00f5es homologadas<\/a><br>&#8211;<a rel=\"noreferrer noopener\" aria-label=\"Resultado Final (abre numa nova aba)\" href=\"http:\/\/www.ifbaiano.edu.br\/unidades\/xique-xique\/files\/2019\/03\/Edital-01-2019_Est%C3%A1gio_Resultado.pdf\" target=\"_blank\">Resultado Final<\/a><\/p>\n\n\n\n<p><\/p>\n\n\n\n<p><\/p>\n\n\n<hr>","protected":false},"excerpt":{"rendered":"<p>Est\u00e1gio \u00e9 o ato educativo escolar supervisionado, desenvolvido no ambiente de trabalho que visa \u00e0 prepara\u00e7\u00e3o para o trabalho produtivo de educandos que estejam frequentando o ensino regular em institui\u00e7\u00f5es de educa\u00e7\u00e3o superior, de educa\u00e7\u00e3o profissional, de ensino m\u00e9dio, da educa\u00e7\u00e3o especial e dos anos finais do ensino fundamental, na modalidade profissional da educa\u00e7\u00e3o de [&hellip;]<\/p>\n","protected":false},"author":89,"featured_media":0,"parent":0,"menu_order":0,"comment_status":"closed","ping_status":"closed","template":"","meta":[],"_links":{"self":[{"href":"https:\/\/www.ifbaiano.edu.br\/unidades\/xique-xique\/wp-json\/wp\/v2\/pages\/1275"}],"collection":[{"href":"https:\/\/www.ifbaiano.edu.br\/unidades\/xique-xique\/wp-json\/wp\/v2\/pages"}],"about":[{"href":"https:\/\/www.ifbaiano.edu.br\/unidades\/xique-xique\/wp-json\/wp\/v2\/types\/page"}],"author":[{"embeddable":true,"href":"https:\/\/www.ifbaiano.edu.br\/unidades\/xique-xique\/wp-json\/wp\/v2\/users\/89"}],"replies":[{"embeddable":true,"href":"https:\/\/www.ifbaiano.edu.br\/unidades\/xique-xique\/wp-json\/wp\/v2\/comments?post=1275"}],"version-history":[{"count":57,"href":"https:\/\/www.ifbaiano.edu.br\/unidades\/xique-xique\/wp-json\/wp\/v2\/pages\/1275\/revisions"}],"predecessor-version":[{"id":4327,"href":"https:\/\/www.ifbaiano.edu.br\/unidades\/xique-xique\/wp-json\/wp\/v2\/pages\/1275\/revisions\/4327"}],"wp:attachment":[{"href":"https:\/\/www.ifbaiano.edu.br\/unidades\/xique-xique\/wp-json\/wp\/v2\/media?parent=1275"}],"curies":[{"name":"wp","href":"https:\/\/api.w.org\/{rel}","templated":true}]}}