{"id":2013,"date":"2020-05-13T17:24:22","date_gmt":"2020-05-13T20:24:22","guid":{"rendered":"https:\/\/www.ifbaiano.edu.br\/unidades\/xique-xique\/?page_id=2013"},"modified":"2026-03-11T15:54:00","modified_gmt":"2026-03-11T18:54:00","slug":"bsi","status":"publish","type":"page","link":"https:\/\/www.ifbaiano.edu.br\/unidades\/xique-xique\/bsi\/","title":{"rendered":"Boletim de Servi\u00e7o Interno"},"content":{"rendered":"\n<p>Visando dar publicidade e transpar\u00eancia aos atos internos do <em>Campus<\/em>, o N\u00facleo de Apoio \u00e0 Gest\u00e3o de Pessoas (NAGP) est\u00e1 divulgando o Boletim de Servi\u00e7o Interno (BSI) do IF Baiano, <em>Campus<\/em> Xique-Xique, conforme reza os princ\u00edpios da Administra\u00e7\u00e3o P\u00fablica. O Boletim de Servi\u00e7o Interno do <em>Campus<\/em> Xique-Xique \u00e9 publicado mensalmente e \u00e9 uma exig\u00eancia legal, disposta na Lei 4.345, de 26 de junho de 1964 e Portaria Interna n\u00ba 460\/2020 &#8211; RET-GAB\/RET\/IFBAIANO, de 9 de abril de 2020.<\/p>\n\n\n\n<p>Publica\u00e7\u00e3o da listagem completa dos atos normativos inferiores a decreto vigentes do IF BAIANO Campus Xique-Xique. <a href=\"https:\/\/www.ifbaiano.edu.br\/unidades\/xique-xique\/files\/2020\/09\/Portaria-732020-xiq-gabxiq-dgretifbaiano.pdf\">Portaria n\u00ba 73\/2020 -XIQ-GABXIQ-DGRETIFBAIANO.<\/a><\/p>\n\n\n\n<p>Listagem dos atos normativos referente \u00e0 terceira etapa de revis\u00e3o e consolida\u00e7\u00e3o dos atos normativos inferiores a decreto do Instituto Federal Baiano Campus Xique-Xique, que versam sobre mat\u00e9rias administrativas e a listagem das portarias atualizadas ap\u00f3s a fase de revis\u00e3o\/consolida\u00e7\u00e3o. <a href=\"https:\/\/www.ifbaiano.edu.br\/unidades\/xique-xique\/files\/2021\/05\/Atos-normativos-administrativos-inferiores-a-decretos-que-tratam-sobre-materias-administrativas.-1.pdf\">(Decreto 10.139\/2019).<\/a><\/p>\n\n\n\n<div id=\"ProreitoriaTopoTitulo\">2026<\/div>\n\n\n\n<p><a href=\"https:\/\/www.ifbaiano.edu.br\/unidades\/xique-xique\/files\/2026\/03\/BSI-Janeiro-2026.pdf\">Janeiro<\/a>     <a href=\"https:\/\/www.ifbaiano.edu.br\/unidades\/xique-xique\/files\/2026\/03\/BSI-Fevereiro-2026.pdf\"> Fevereiro<\/a><\/p>\n\n\n\n<div id=\"ProreitoriaTopoTitulo\">2025<\/div>\n\n\n\n<p><a href=\"https:\/\/www.ifbaiano.edu.br\/unidades\/xique-xique\/files\/2025\/02\/BSI-Janeiro-2025.pdf\">Janeiro<\/a>          <a href=\"https:\/\/www.ifbaiano.edu.br\/unidades\/xique-xique\/files\/2025\/03\/BSI-fevereiro-2025.pdf\">Fevereiro<\/a>          <a href=\"https:\/\/www.ifbaiano.edu.br\/unidades\/xique-xique\/files\/2025\/04\/BSI-marco-2025.pdf\">Mar\u00e7o<\/a>          <a href=\"https:\/\/www.ifbaiano.edu.br\/unidades\/xique-xique\/files\/2025\/05\/BSI-abril-2025.pdf\">Abril<\/a>          <a href=\"https:\/\/www.ifbaiano.edu.br\/unidades\/xique-xique\/files\/2025\/06\/BSI-maio-2025.pdf\">Maio<\/a>          <a href=\"https:\/\/www.ifbaiano.edu.br\/unidades\/xique-xique\/files\/2025\/07\/BSI-junho-2025.pdf\">Junho<\/a>          <a href=\"https:\/\/www.ifbaiano.edu.br\/unidades\/xique-xique\/files\/2025\/08\/BSI-julho-2025.pdf\">Julho<\/a>          <a href=\"https:\/\/www.ifbaiano.edu.br\/unidades\/xique-xique\/files\/2025\/09\/BSI-agosto-2025.pdf\">Agosto<\/a>          <a href=\"https:\/\/www.ifbaiano.edu.br\/unidades\/xique-xique\/files\/2025\/10\/BSI-setembro-2025.pdf\">Setembro<\/a>          <a href=\"https:\/\/www.ifbaiano.edu.br\/unidades\/xique-xique\/files\/2025\/11\/BSI-outubro-2025.pdf\">Outubro<\/a>          <a href=\"https:\/\/www.ifbaiano.edu.br\/unidades\/xique-xique\/files\/2026\/01\/BSI-novembro-2025.pdf\">Novembro<\/a>          <a href=\"https:\/\/www.ifbaiano.edu.br\/unidades\/xique-xique\/files\/2026\/01\/BSI-dezembro-2025.pdf\">Dezembro<\/a><\/p>\n\n\n\n<div id=\"ProreitoriaTopoTitulo\">2024<\/div>\n\n\n\n<pre class=\"wp-block-preformatted\"><a href=\"https:\/\/www.ifbaiano.edu.br\/unidades\/xique-xique\/files\/2024\/02\/BSI-Janeiro-2024.pdf\">Janeiro<\/a>      <a href=\"https:\/\/www.ifbaiano.edu.br\/unidades\/xique-xique\/files\/2024\/03\/BSI-fevereiro-2024.pdf\">Fevereiro<\/a>      <a href=\"https:\/\/www.ifbaiano.edu.br\/unidades\/xique-xique\/files\/2024\/04\/BSI-marco-2024.pdf\">Mar\u00e7o<\/a>     <a href=\"https:\/\/www.ifbaiano.edu.br\/unidades\/xique-xique\/files\/2024\/05\/BSI-abril-2024.pdf\">Abril<\/a>     <a href=\"https:\/\/www.ifbaiano.edu.br\/unidades\/xique-xique\/files\/2024\/06\/BSI-maio-2024.pdf\">Maio<\/a>     <a href=\"https:\/\/www.ifbaiano.edu.br\/unidades\/xique-xique\/files\/2024\/07\/BSI-junho-2024.pdf\">Junho<\/a>     <a href=\"https:\/\/www.ifbaiano.edu.br\/unidades\/xique-xique\/files\/2024\/08\/BSI-julho-2024.pdf\">Julho<\/a>     <a href=\"https:\/\/www.ifbaiano.edu.br\/unidades\/xique-xique\/files\/2024\/09\/BSI-agosto-2024.pdf\">Agosto<\/a>     <a href=\"https:\/\/www.ifbaiano.edu.br\/unidades\/xique-xique\/files\/2024\/10\/BSI-setembro-2024.pdf\">Setembro<\/a>     <a href=\"https:\/\/www.ifbaiano.edu.br\/unidades\/xique-xique\/files\/2024\/11\/BSI-outubro-2024.pdf\">Outubro<\/a>     <a href=\"https:\/\/www.ifbaiano.edu.br\/unidades\/xique-xique\/files\/2024\/12\/BSI-novembro-2024.pdf\">Novembro<\/a>     <a href=\"https:\/\/www.ifbaiano.edu.br\/unidades\/xique-xique\/files\/2025\/01\/BSI-dezembro-2024.pdf\">Dezembro<\/a><\/pre>\n\n\n\n<div id=\"ProreitoriaTopoTitulo\">2023<\/div>\n\n\n\n<p><a href=\"https:\/\/www.ifbaiano.edu.br\/unidades\/xique-xique\/files\/2023\/07\/Retificacao-BSI.pdf\">Portaria de retifica\u00e7\u00e3o BSI<\/a><\/p>\n\n\n\n<pre class=\"wp-block-preformatted\"><a href=\"https:\/\/www.ifbaiano.edu.br\/unidades\/xique-xique\/files\/2023\/02\/BSI-Janeiro-2023.pdf\">Janeiro<\/a>     <a href=\"https:\/\/www.ifbaiano.edu.br\/unidades\/xique-xique\/files\/2023\/03\/BSI-Fevereiro-2023.pdf\">Fevereiro<\/a>     <a href=\"https:\/\/www.ifbaiano.edu.br\/unidades\/xique-xique\/files\/2023\/04\/BSI-Marco-2023.pdf\">Mar\u00e7o<\/a>     <a href=\"https:\/\/www.ifbaiano.edu.br\/unidades\/xique-xique\/files\/2023\/05\/BSI-Abril-2023.pdf\">Abril<\/a>     <a href=\"https:\/\/www.ifbaiano.edu.br\/unidades\/xique-xique\/files\/2023\/06\/BSI-Maio-2023.pdf\">Maio<\/a>     <a href=\"https:\/\/www.ifbaiano.edu.br\/unidades\/xique-xique\/files\/2023\/07\/BSI-Junho-2023.pdf\">Junho<\/a>     <a href=\"https:\/\/www.ifbaiano.edu.br\/unidades\/xique-xique\/files\/2023\/08\/BSI-Julho.pdf\">Julho<\/a>     <a href=\"https:\/\/www.ifbaiano.edu.br\/unidades\/xique-xique\/files\/2023\/09\/BSI-Agosto-2023.pdf\">Agosto<\/a>     <a href=\"https:\/\/www.ifbaiano.edu.br\/unidades\/xique-xique\/files\/2023\/10\/BSI-Setembro-2023.pdf\">Setembro<\/a>     <a href=\"https:\/\/www.ifbaiano.edu.br\/unidades\/xique-xique\/files\/2023\/11\/BSI-Outubro-2023.pdf\">Outubro<\/a>     <a href=\"https:\/\/www.ifbaiano.edu.br\/unidades\/xique-xique\/files\/2023\/12\/BSI-Novembro-2023.pdf\">Novembro<\/a>     <a href=\"https:\/\/www.ifbaiano.edu.br\/unidades\/xique-xique\/files\/2024\/01\/BSI-Dezembro-2023.pdf\">Dezembro<\/a><\/pre>\n\n\n\n<div id=\"ProreitoriaTopoTitulo\">2022<\/div>\n\n\n\n<pre class=\"wp-block-preformatted\">Janeiro     <a href=\"https:\/\/www.ifbaiano.edu.br\/unidades\/xique-xique\/files\/2022\/04\/BSI-FEVEREIRO.pdf\">Fevereiro<\/a>     <a href=\"https:\/\/www.ifbaiano.edu.br\/unidades\/xique-xique\/files\/2022\/04\/BSI-marco.pdf\">Mar\u00e7o<\/a>     <a href=\"https:\/\/www.ifbaiano.edu.br\/unidades\/xique-xique\/files\/2022\/05\/BSI-ABRIL.pdf\">Abril<\/a>     <a href=\"https:\/\/www.ifbaiano.edu.br\/unidades\/xique-xique\/files\/2022\/06\/BSI-MAIO.pdf\" data-type=\"URL\" data-id=\"https:\/\/www.ifbaiano.edu.br\/unidades\/xique-xique\/files\/2022\/06\/BSI-MAIO.pdf\">Maio<\/a>     <a href=\"https:\/\/www.ifbaiano.edu.br\/unidades\/xique-xique\/files\/2022\/07\/BSI-JUNHO.pdf\">Junho<\/a>     <a href=\"https:\/\/www.ifbaiano.edu.br\/unidades\/xique-xique\/files\/2022\/08\/JULHO.pdf\">Julho<\/a>     <a href=\"https:\/\/www.ifbaiano.edu.br\/unidades\/xique-xique\/files\/2022\/09\/BSI-Agosto-de-2022.pdf\">Agosto<\/a>     Setembro    <a href=\"https:\/\/www.ifbaiano.edu.br\/unidades\/xique-xique\/files\/2022\/11\/BSI-OUTUBRO-2022.pdf\">Outubro<\/a>     <a href=\"https:\/\/www.ifbaiano.edu.br\/unidades\/xique-xique\/files\/2022\/12\/BSI-Novembro-2022.pdf\">Novembro<\/a>     <a href=\"https:\/\/www.ifbaiano.edu.br\/unidades\/xique-xique\/files\/2023\/01\/BSI-Dezembro-2022.pdf\">Dezembro<\/a><\/pre>\n\n\n\n<div id=\"ProreitoriaTopoTitulo\">2021<\/div>\n\n\n\n<pre class=\"wp-block-preformatted\"><a href=\"https:\/\/www.ifbaiano.edu.br\/unidades\/xique-xique\/files\/2021\/03\/BSI-XX-JANEIRO-2021.pdf\">Janeiro<\/a>     <a href=\"https:\/\/www.ifbaiano.edu.br\/unidades\/xique-xique\/files\/2021\/04\/BSI-FEVEREIRO-2021.pdf\">Fevereiro<\/a>     <a href=\"https:\/\/www.ifbaiano.edu.br\/unidades\/xique-xique\/files\/2021\/04\/BSI-MARCO-2021.pdf\">Mar\u00e7o<\/a>     <a href=\"https:\/\/www.ifbaiano.edu.br\/unidades\/xique-xique\/files\/2021\/05\/BSI-ABRIL-2021.pdf\">Abril<\/a>     <a href=\"https:\/\/www.ifbaiano.edu.br\/unidades\/xique-xique\/files\/2021\/06\/BSI-MAIO-2021.pdf\">Maio<\/a>     <a href=\"https:\/\/www.ifbaiano.edu.br\/unidades\/xique-xique\/files\/2021\/08\/BSI-JUNHO.pdf\">Junho<\/a>     <a href=\"https:\/\/www.ifbaiano.edu.br\/unidades\/xique-xique\/files\/2021\/08\/BSI-JULHO.pdf\">Julho<\/a>     <a href=\"https:\/\/www.ifbaiano.edu.br\/unidades\/xique-xique\/files\/2021\/09\/BSI-AGOSTO.pdf\">Agosto<\/a>     <a href=\"https:\/\/www.ifbaiano.edu.br\/unidades\/xique-xique\/files\/2021\/10\/SETEMBRO_merged.pdf\">Setembro<\/a>     <a href=\"https:\/\/www.ifbaiano.edu.br\/unidades\/xique-xique\/files\/2021\/11\/BSI-OUTUBROO.pdf\">Outubro<\/a>    <a href=\"https:\/\/www.ifbaiano.edu.br\/unidades\/xique-xique\/files\/2021\/12\/BSI-NOVEMBRO.pdf\">Novembro<\/a>    <a href=\"https:\/\/www.ifbaiano.edu.br\/unidades\/xique-xique\/files\/2022\/01\/BSI-DEZEMBRO.pdf\">Dezembro<\/a><\/pre>\n\n\n\n<div id=\"ProreitoriaTopoTitulo\">2020<\/div>\n\n\n\n<pre class=\"wp-block-preformatted\"><strong><a href=\"https:\/\/www.ifbaiano.edu.br\/unidades\/xique-xique\/files\/2020\/07\/BSI-XX-Janeiro-2020-atualizado.pdf\">Janeiro<\/a><\/strong>     <strong><a href=\"https:\/\/www.ifbaiano.edu.br\/unidades\/xique-xique\/files\/2020\/05\/BSI-XX-fevereiro-2020.pdf\">Fevereiro<\/a><\/strong>     <strong><a href=\"https:\/\/www.ifbaiano.edu.br\/unidades\/xique-xique\/files\/2020\/05\/BSI-XX-mar\u00e7o-2020.pdf\">Mar\u00e7o<\/a><\/strong>     <strong><a href=\"https:\/\/www.ifbaiano.edu.br\/unidades\/xique-xique\/files\/2020\/05\/BSI-XX-abril-2020.pdf\">Abril<\/a><\/strong>     <strong><a href=\"https:\/\/www.ifbaiano.edu.br\/unidades\/xique-xique\/files\/2020\/06\/BSI-XX-maio-2020.pdf\">Maio<\/a><\/strong>     <a href=\"https:\/\/www.ifbaiano.edu.br\/unidades\/xique-xique\/files\/2020\/07\/BSI-XX-junho-2020.pdf\">Junho<\/a>     <a href=\"https:\/\/www.ifbaiano.edu.br\/unidades\/xique-xique\/files\/2020\/08\/BSI-XX-julho-2020-2.pdf\">Julho<\/a>     <a href=\"https:\/\/www.ifbaiano.edu.br\/unidades\/xique-xique\/files\/2020\/09\/BSI-XX-agosto-2020.pdf\">Agosto<\/a>     <a href=\"https:\/\/www.ifbaiano.edu.br\/unidades\/xique-xique\/files\/2020\/10\/BSI-XX-setembro-2020.pdf\">Setembro<\/a>     <a href=\"https:\/\/www.ifbaiano.edu.br\/unidades\/xique-xique\/files\/2020\/11\/BSI-XX-outubro-2020.pdf\">Outubro<\/a>     <a href=\"https:\/\/www.ifbaiano.edu.br\/unidades\/xique-xique\/files\/2020\/12\/BSI-XX-novembro-2020.pdf\">Novembro<\/a>     <a href=\"https:\/\/www.ifbaiano.edu.br\/unidades\/xique-xique\/files\/2021\/01\/BSI-XX-dezembro-2020.pdf\">Dezembro<\/a><\/pre>\n\n\n\n<div id=\"ProreitoriaTopoTitulo\">2019<\/div>\n\n\n\n<pre class=\"wp-block-preformatted\"><strong><a href=\"https:\/\/www.ifbaiano.edu.br\/unidades\/xique-xique\/files\/2020\/07\/BSI-XX-janeiro-de-2019-atualizado.pdf\">Janeiro<\/a><\/strong>     <strong><a href=\"https:\/\/www.ifbaiano.edu.br\/unidades\/xique-xique\/files\/2020\/07\/BSI-XX-fevereiro-de-2019-atualizado.pdf\">Fevereiro<\/a><\/strong>     <strong><a href=\"https:\/\/www.ifbaiano.edu.br\/unidades\/xique-xique\/files\/2020\/07\/BSI-XX-mar\u00e7o-de-2019-atualizado.pdf\">Mar\u00e7o<\/a><\/strong>     <strong><a href=\"https:\/\/www.ifbaiano.edu.br\/unidades\/xique-xique\/files\/2020\/07\/BSI-XX-abril-de-2019-atualizado.pdf\">Abril<\/a><\/strong>     <strong><a href=\"https:\/\/www.ifbaiano.edu.br\/unidades\/xique-xique\/files\/2020\/07\/BSI-XX-maio-de-2019-atualizado.pdf\">Maio<\/a><\/strong>     <a href=\"https:\/\/www.ifbaiano.edu.br\/unidades\/xique-xique\/files\/2020\/07\/BSI-XX-junho-de-2019-atualizado.pdf\">Junho<\/a>     <a href=\"https:\/\/www.ifbaiano.edu.br\/unidades\/xique-xique\/files\/2020\/07\/BSI-XX-julho-de-2019-atualizado.pdf\">Julho<\/a>     <a href=\"https:\/\/www.ifbaiano.edu.br\/unidades\/xique-xique\/files\/2020\/07\/BSI-XX-agosto-de-2019-atualizado.pdf\">Agosto<\/a>     <a href=\"https:\/\/www.ifbaiano.edu.br\/unidades\/xique-xique\/files\/2020\/07\/BSI-XX-setembro-de-2019-atualizado.pdf\">Setembro<\/a>     <a href=\"https:\/\/www.ifbaiano.edu.br\/unidades\/xique-xique\/files\/2020\/07\/BSI-XX-outubro-de-2019-atualizado.pdf\">Outubro<\/a>     <a href=\"https:\/\/www.ifbaiano.edu.br\/unidades\/xique-xique\/files\/2020\/07\/BSI-XX-novembro-de-2019-atualizado.pdf\">Novembro<\/a>     <a href=\"https:\/\/www.ifbaiano.edu.br\/unidades\/xique-xique\/files\/2020\/07\/BSI-XX-dezembro-de-2019-atualizado.pdf\">Dezembro<\/a><\/pre>\n\n\n\n<p><\/p>\n","protected":false},"excerpt":{"rendered":"<p>Visando dar publicidade e transpar\u00eancia aos atos internos do Campus, o N\u00facleo de Apoio \u00e0 Gest\u00e3o de Pessoas (NAGP) est\u00e1 divulgando o Boletim de Servi\u00e7o Interno (BSI) do IF Baiano, Campus Xique-Xique, conforme reza os princ\u00edpios da Administra\u00e7\u00e3o P\u00fablica. O Boletim de Servi\u00e7o Interno do Campus Xique-Xique \u00e9 publicado mensalmente e \u00e9 uma exig\u00eancia legal, [&hellip;]<\/p>\n","protected":false},"author":89,"featured_media":0,"parent":0,"menu_order":0,"comment_status":"closed","ping_status":"closed","template":"","meta":[],"_links":{"self":[{"href":"https:\/\/www.ifbaiano.edu.br\/unidades\/xique-xique\/wp-json\/wp\/v2\/pages\/2013"}],"collection":[{"href":"https:\/\/www.ifbaiano.edu.br\/unidades\/xique-xique\/wp-json\/wp\/v2\/pages"}],"about":[{"href":"https:\/\/www.ifbaiano.edu.br\/unidades\/xique-xique\/wp-json\/wp\/v2\/types\/page"}],"author":[{"embeddable":true,"href":"https:\/\/www.ifbaiano.edu.br\/unidades\/xique-xique\/wp-json\/wp\/v2\/users\/89"}],"replies":[{"embeddable":true,"href":"https:\/\/www.ifbaiano.edu.br\/unidades\/xique-xique\/wp-json\/wp\/v2\/comments?post=2013"}],"version-history":[{"count":95,"href":"https:\/\/www.ifbaiano.edu.br\/unidades\/xique-xique\/wp-json\/wp\/v2\/pages\/2013\/revisions"}],"predecessor-version":[{"id":6727,"href":"https:\/\/www.ifbaiano.edu.br\/unidades\/xique-xique\/wp-json\/wp\/v2\/pages\/2013\/revisions\/6727"}],"wp:attachment":[{"href":"https:\/\/www.ifbaiano.edu.br\/unidades\/xique-xique\/wp-json\/wp\/v2\/media?parent=2013"}],"curies":[{"name":"wp","href":"https:\/\/api.w.org\/{rel}","templated":true}]}}