{"id":2311,"date":"2020-07-10T09:59:07","date_gmt":"2020-07-10T12:59:07","guid":{"rendered":"https:\/\/www.ifbaiano.edu.br\/unidades\/xique-xique\/?page_id=2311"},"modified":"2020-07-10T09:59:07","modified_gmt":"2020-07-10T12:59:07","slug":"apresentacao","status":"publish","type":"page","link":"https:\/\/www.ifbaiano.edu.br\/unidades\/xique-xique\/biblioteca\/apresentacao\/","title":{"rendered":"Apresenta\u00e7\u00e3o"},"content":{"rendered":"\n<p> A Biblioteca do Instituto Federal de Educa\u00e7\u00e3o, Ci\u00eancia e Tecnologia Baiano  Campus Xique-Xique foi aberta ao p\u00fablico em 11 de fevereiro de 2019.  Apoio ao trip\u00e9 ensino, pesquisa e extens\u00e3o \u00e9 um dos seus objetivos, al\u00e9m de organizar, preservar e disponibilizar o acervo bibliogr\u00e1fico. A Biblioteca visa ofertar servi\u00e7os para a comunidade acad\u00eamica bem como para a comunidade em geral, de acordo com o regulamento unificado das Bibliotecas do IF Baiano. A Biblioteca \u00e9 de fundamental import\u00e2ncia para o processo de ensino aprendizagem ofertando suporte informacional que contribui para a reflex\u00e3o e discuss\u00e3o, al\u00e9m de oferecer um ambiente agrad\u00e1vel para estudo. Venha conhecer!  <\/p>\n","protected":false},"excerpt":{"rendered":"<p>A Biblioteca do Instituto Federal de Educa\u00e7\u00e3o, Ci\u00eancia e Tecnologia Baiano Campus Xique-Xique foi aberta ao p\u00fablico em 11 de fevereiro de 2019. Apoio ao trip\u00e9 ensino, pesquisa e extens\u00e3o \u00e9 um dos seus objetivos, al\u00e9m de organizar, preservar e disponibilizar o acervo bibliogr\u00e1fico. A Biblioteca visa ofertar servi\u00e7os para a comunidade acad\u00eamica bem como [&hellip;]<\/p>\n","protected":false},"author":132,"featured_media":0,"parent":2321,"menu_order":0,"comment_status":"closed","ping_status":"closed","template":"","meta":[],"_links":{"self":[{"href":"https:\/\/www.ifbaiano.edu.br\/unidades\/xique-xique\/wp-json\/wp\/v2\/pages\/2311"}],"collection":[{"href":"https:\/\/www.ifbaiano.edu.br\/unidades\/xique-xique\/wp-json\/wp\/v2\/pages"}],"about":[{"href":"https:\/\/www.ifbaiano.edu.br\/unidades\/xique-xique\/wp-json\/wp\/v2\/types\/page"}],"author":[{"embeddable":true,"href":"https:\/\/www.ifbaiano.edu.br\/unidades\/xique-xique\/wp-json\/wp\/v2\/users\/132"}],"replies":[{"embeddable":true,"href":"https:\/\/www.ifbaiano.edu.br\/unidades\/xique-xique\/wp-json\/wp\/v2\/comments?post=2311"}],"version-history":[{"count":1,"href":"https:\/\/www.ifbaiano.edu.br\/unidades\/xique-xique\/wp-json\/wp\/v2\/pages\/2311\/revisions"}],"predecessor-version":[{"id":2312,"href":"https:\/\/www.ifbaiano.edu.br\/unidades\/xique-xique\/wp-json\/wp\/v2\/pages\/2311\/revisions\/2312"}],"up":[{"embeddable":true,"href":"https:\/\/www.ifbaiano.edu.br\/unidades\/xique-xique\/wp-json\/wp\/v2\/pages\/2321"}],"wp:attachment":[{"href":"https:\/\/www.ifbaiano.edu.br\/unidades\/xique-xique\/wp-json\/wp\/v2\/media?parent=2311"}],"curies":[{"name":"wp","href":"https:\/\/api.w.org\/{rel}","templated":true}]}}