{"id":2370,"date":"2020-07-22T09:51:54","date_gmt":"2020-07-22T12:51:54","guid":{"rendered":"https:\/\/www.ifbaiano.edu.br\/unidades\/xique-xique\/?page_id=2370"},"modified":"2024-12-03T10:22:42","modified_gmt":"2024-12-03T13:22:42","slug":"extensao","status":"publish","type":"page","link":"https:\/\/www.ifbaiano.edu.br\/unidades\/xique-xique\/extensao\/","title":{"rendered":"Extens\u00e3o"},"content":{"rendered":"\n<p>A extens\u00e3o como ato de estender, cumpre seu papel quando se vislumbra a necessidade de dialogar com as necessidades da sociedade por meio do ensino e da pesquisa. Tem car\u00e1ter multidisciplinar, interdisciplinar e  dever\u00e1 promover o desenvolvimento no Territ\u00f3rio que estiver inserido com as a\u00e7\u00f5es produzidas na academia e seus m\u00faltiplos atores.<\/p>\n\n\n\n<p><a href=\"https:\/\/www.ifbaiano.edu.br\/unidades\/xique-xique\/files\/2020\/07\/Resolucao-46_2019_regulamento-da-Extensao_IF-Baiano.pdf\"> Resolu\u00e7\u00e3o N\u00ba 46\/2019 Regulamento da Extens\u00e3o<\/a> <\/p>\n\n\n\n<p>Mais informa\u00e7\u00f5es em:  &nbsp;<a rel=\"noreferrer noopener\" href=\"https:\/\/ifbaiano.edu.br\/portal\/extensao\/\" target=\"_blank\">https:\/\/ifbaiano.edu.br\/portal\/extensao\/<\/a> <\/p>\n\n\n\n<div id=\"ProreitoriaTopoTitulo\">Coordenador<\/div>\n\n\n\n<p> Dr. Icaro Bonyek Silva<\/p>\n\n\n\n<p>  E-mail:  extensao@xique-xique.ifbaiano.edu.br <\/p>\n\n\n\n<p> <a href=\"http:\/\/lattes.cnpq.br\/2761015412685583\">Curr\u00edculo Lattes<\/a>  <\/p>\n\n\n\n<div id=\"ProreitoriaTopoTitulo\">Projetos de extens\u00e3o cadastrados<\/div>\n\n\n\n<p><\/p>\n\n\n\n<ul>\n<li><a href=\"https:\/\/www.ifbaiano.edu.br\/unidades\/xique-xique\/files\/2024\/12\/extensao-2024.pdf\">2024<\/a><\/li>\n\n\n\n<li><a href=\"https:\/\/www.ifbaiano.edu.br\/unidades\/xique-xique\/files\/2024\/12\/extensao-2023.pdf\">2023<\/a><\/li>\n\n\n\n<li><a href=\"https:\/\/www.ifbaiano.edu.br\/unidades\/xique-xique\/files\/2024\/12\/extensao-2022.pdf\">2022<\/a><\/li>\n\n\n\n<li><a href=\"https:\/\/www.ifbaiano.edu.br\/unidades\/xique-xique\/files\/2024\/12\/extensao-2021.pdf\">2021<\/a><\/li>\n\n\n\n<li><a href=\"https:\/\/www.ifbaiano.edu.br\/unidades\/xique-xique\/files\/2020\/07\/Projetos-de-extens\u00e3o-cadastrados-2020-2.pdf\">2020<\/a><\/li>\n\n\n\n<li><a href=\"https:\/\/www.ifbaiano.edu.br\/unidades\/xique-xique\/files\/2020\/07\/Projetos-de-extens\u00e3o-cadastrados-2019.pdf\">2019<\/a><\/li>\n\n\n\n<li><a href=\"https:\/\/www.ifbaiano.edu.br\/unidades\/xique-xique\/files\/2020\/07\/Projetos-de-extens\u00e3o-cadastrados-2018.pdf\">2018<\/a><\/li>\n\n\n\n<li><a href=\"https:\/\/www.ifbaiano.edu.br\/unidades\/xique-xique\/files\/2020\/07\/Projetos-de-extens\u00e3o-cadastrados-2017.pdf\">2017<\/a><\/li>\n<\/ul>\n","protected":false},"excerpt":{"rendered":"<p>A extens\u00e3o como ato de estender, cumpre seu papel quando se vislumbra a necessidade de dialogar com as necessidades da sociedade por meio do ensino e da pesquisa. Tem car\u00e1ter multidisciplinar, interdisciplinar e dever\u00e1 promover o desenvolvimento no Territ\u00f3rio que estiver inserido com as a\u00e7\u00f5es produzidas na academia e seus m\u00faltiplos atores. Resolu\u00e7\u00e3o N\u00ba 46\/2019 [&hellip;]<\/p>\n","protected":false},"author":132,"featured_media":0,"parent":0,"menu_order":0,"comment_status":"closed","ping_status":"closed","template":"","meta":[],"_links":{"self":[{"href":"https:\/\/www.ifbaiano.edu.br\/unidades\/xique-xique\/wp-json\/wp\/v2\/pages\/2370"}],"collection":[{"href":"https:\/\/www.ifbaiano.edu.br\/unidades\/xique-xique\/wp-json\/wp\/v2\/pages"}],"about":[{"href":"https:\/\/www.ifbaiano.edu.br\/unidades\/xique-xique\/wp-json\/wp\/v2\/types\/page"}],"author":[{"embeddable":true,"href":"https:\/\/www.ifbaiano.edu.br\/unidades\/xique-xique\/wp-json\/wp\/v2\/users\/132"}],"replies":[{"embeddable":true,"href":"https:\/\/www.ifbaiano.edu.br\/unidades\/xique-xique\/wp-json\/wp\/v2\/comments?post=2370"}],"version-history":[{"count":15,"href":"https:\/\/www.ifbaiano.edu.br\/unidades\/xique-xique\/wp-json\/wp\/v2\/pages\/2370\/revisions"}],"predecessor-version":[{"id":6067,"href":"https:\/\/www.ifbaiano.edu.br\/unidades\/xique-xique\/wp-json\/wp\/v2\/pages\/2370\/revisions\/6067"}],"wp:attachment":[{"href":"https:\/\/www.ifbaiano.edu.br\/unidades\/xique-xique\/wp-json\/wp\/v2\/media?parent=2370"}],"curies":[{"name":"wp","href":"https:\/\/api.w.org\/{rel}","templated":true}]}}