{"id":2451,"date":"2020-07-30T16:56:30","date_gmt":"2020-07-30T19:56:30","guid":{"rendered":"https:\/\/www.ifbaiano.edu.br\/unidades\/xique-xique\/?page_id=2451"},"modified":"2024-07-25T11:05:24","modified_gmt":"2024-07-25T14:05:24","slug":"ensino-a-distancia","status":"publish","type":"page","link":"https:\/\/www.ifbaiano.edu.br\/unidades\/xique-xique\/ensino-a-distancia\/","title":{"rendered":"Ensino a Dist\u00e2ncia"},"content":{"rendered":"\n<div id=\"ProreitoriaTopoTitulo\">CURSOS EAD \u2013 CAMPUS XIQUE-XIQUE<\/div>\n\n\n\n<p>  Os cursos ofertados na modalidade a dist\u00e2ncia t\u00eam o objetivo de transpor limites geogr\u00e1ficos para realizar forma\u00e7\u00e3o educacional gratuita e de qualidade em distintos n\u00edveis, possibilitando que estudantes possam garantir qualifica\u00e7\u00e3o profissional para ingressar no mercado de trabalho, ou, ainda, ampliar e consolidar compet\u00eancias em suas \u00e1reas de forma\u00e7\u00e3o. Atualmente, isso \u00e9 poss\u00edvel por meio de acordos de coopera\u00e7\u00e3o t\u00e9cnica entre o Instituto e as Prefeituras da regi\u00e3o que desejam habilitar profissionais em diversas \u00e1reas, bem como promover o aperfei\u00e7oamento de seus servidores da educa\u00e7\u00e3o. S\u00e3o oferecidos\u00a0hoje, nas cidades de Xique-Xique e Central, os cursos t\u00e9cnicos subsequentes de Vendas, Secretaria Escolar e Multimeios Did\u00e1ticos, e na cidade de Ipupiara, os cursos t\u00e9cnicos subsequentes em Inform\u00e1tica, Redes de Computadores e Vendas. H\u00e1, contudo, para os pr\u00f3ximos meses, projetos de amplia\u00e7\u00e3o desse leque com cursos de forma\u00e7\u00e3o inicial e continuada, novos cursos t\u00e9cnicos, gradua\u00e7\u00e3o e especializa\u00e7\u00e3o. Seguem abaixo os perfis dos egressos dos cursos t\u00e9cnicos em vig\u00eancia.<\/p>\n\n\n\n<div id=\"ProreitoriaTopoTitulo\">Perfil do egresso<\/div>\n\n\n\n<p><strong>Curso de Secretaria Escolar<\/strong><\/p>\n\n\n\n<p> Profissional capaz de realizar atividades de registro e controle escolar. Al\u00e9m disso, organiza registros escolares; controla os arquivos da vida acad\u00eamica dos alunos; elabora o mapeamento de acad\u00eamicos para conclus\u00e3o de cursos; operacionaliza os processos de matr\u00edcula e transfer\u00eancia de alunos.<\/p>\n\n\n\n<ul>\n<li><a href=\"https:\/\/www.ifbaiano.edu.br\/unidades\/xique-xique\/files\/2024\/07\/PPC-Tecnico-Secretaria-Escolar-2022.pdf\">PPC do Curso de Secretaria Escolar<\/a><\/li>\n<\/ul>\n\n\n\n<p><strong>Multimeios Did\u00e1ticos<\/strong><\/p>\n\n\n\n<p>Profissional capaz de associar a infraestrutura tecnol\u00f3gica ao desenvolvimento da a\u00e7\u00e3o educativa em cursos presenciais e a dist\u00e2ncia. Al\u00e9m disso, orienta a comunidade escolar na utiliza\u00e7\u00e3o de equipamentos tecnol\u00f3gicos; difunde pr\u00e1ticas de utiliza\u00e7\u00e3o de recursos tecnol\u00f3gicos; seleciona recursos tecnol\u00f3gicos para amplia\u00e7\u00e3o e atualiza\u00e7\u00e3o do acervo multimidi\u00e1tico; zela pela conserva\u00e7\u00e3o dos multimeios did\u00e1ticos; incentiva diferentes possibilidades de aprendizagem mediada por tecnologias; identifica e busca solu\u00e7\u00f5es para problemas na rela\u00e7\u00e3o com as tecnologias.<\/p>\n\n\n\n<ul>\n<li><a href=\"https:\/\/www.ifbaiano.edu.br\/unidades\/xique-xique\/files\/2024\/07\/Projeto-Pedagogico-do-Curso-Multimeios-Didaticos-2022.pdf\">PPC do Curso de Multimeios did\u00e1ticos<\/a><\/li>\n<\/ul>\n\n\n\n<p><strong>Vendas<\/strong><\/p>\n\n\n\n<p> Profissional que det\u00e9m conhecimento acerca de produtos e servi\u00e7os da empresa; caracteriza o tipo de clientes e recolhe informa\u00e7\u00f5es sobre a concorr\u00eancia e o mercado em geral; prepara, promove e efetua a venda de produtos e servi\u00e7os; organiza o ambiente de venda; promove servi\u00e7os de apoio ao cliente, fideliza\u00e7\u00e3o e atendimento p\u00f3s-venda; organiza e gerencia os arquivos dos clientes; realiza prospec\u00e7\u00e3o de novos clientes.<\/p>\n\n\n\n<ul>\n<li><a href=\"https:\/\/www.ifbaiano.edu.br\/unidades\/xique-xique\/files\/2024\/07\/PPC-Tecnico-Vendas-Subsequente-2022.pdf\">PPC do Curso de T\u00e9cnico em Vendas<\/a><\/li>\n<\/ul>\n\n\n\n<p><strong>Inform\u00e1tica<\/strong><\/p>\n\n\n\n<p>Instala sistemas operacionais, aplicativos e perif\u00e9ricos para desktop e servidores. Desenvolve e documenta aplica\u00e7\u00f5es para desktop com acesso a web e a banco de dados. Realiza manuten\u00e7\u00e3o de computadores de uso geral. Instala e configura redes de computadores locais de pequeno porte.<\/p>\n\n\n\n<ul>\n<li><a href=\"https:\/\/www.ifbaiano.edu.br\/unidades\/xique-xique\/files\/2024\/07\/PPC-do-Curso-Tecnico-em-informatica-Subsequente-EAD.pd\">PPC do Curso de inform\u00e1tica<\/a><\/li>\n<\/ul>\n\n\n\n<p><strong>Redes de computadores<\/strong><\/p>\n\n\n\n<p>Opera, instala, configura e realiza manuten\u00e7\u00e3o em redes de computadores. Aplica t\u00e9cnicas de instala\u00e7\u00e3o e configura\u00e7\u00e3o da rede f\u00edsica e l\u00f3gica. Instala, configura e administra sistemas operacionais em redes de computadores. Implementa pol\u00edticas de seguran\u00e7a para acesso a dados e servi\u00e7os diversos.<\/p>\n\n\n\n<ul>\n<li><a href=\"https:\/\/www.ifbaiano.edu.br\/unidades\/xique-xique\/files\/2024\/07\/PPC-do-Curso-Tecnico-em-Redes-de-computadores-Subsequente-EAD.pdf\">PPC do Curso de Redes de computadores<\/a><\/li>\n<\/ul>\n\n\n\n<div class=\"wp-block-file\"><a id=\"wp-block-file--media-685e3cca-4ce6-434a-adc2-0523202caea8\" href=\"https:\/\/www.ifbaiano.edu.br\/unidades\/xique-xique\/files\/2020\/07\/Estrutura-da-educa\u00e7\u00e3o-a-dist\u00e2ncia-1.pdf\">Estrutura da educa\u00e7\u00e3o a dist\u00e2ncia<\/a><a href=\"https:\/\/www.ifbaiano.edu.br\/unidades\/xique-xique\/files\/2020\/07\/Estrutura-da-educa\u00e7\u00e3o-a-dist\u00e2ncia-1.pdf\" class=\"wp-block-file__button wp-element-button\" download aria-describedby=\"wp-block-file--media-685e3cca-4ce6-434a-adc2-0523202caea8\">Baixar<\/a><\/div>\n\n\n\n<hr class=\"wp-block-separator has-css-opacity is-style-wide\" \/>\n\n\n\n<p>Coordena\u00e7\u00e3o do curso de Secretaria Escolar:<br>Luciana de Oliveira Sampaio Castro<br><a href=\"mailto:luciana.castro@ifbaiano.edu.br\" rel=\"noreferrer noopener\" target=\"_blank\">luciana.castro@ifbaiano.edu.br<\/a><\/p>\n\n\n\n<p>Coordena\u00e7\u00e3o do curso de Multimeios Did\u00e1ticos:<br>Thaise Karla Ribeiro Dias<br><a href=\"mailto:thaise.dias@ifbaiano.edu.br\" target=\"_blank\" rel=\"noreferrer noopener\">thaise.dias@ifbaiano.edu.br<\/a><\/p>\n\n\n\n<p>Coordena\u00e7\u00e3o do curso de Vendas<br>Keyla Mirelly Nunes de Souza<br><a href=\"mailto:benjamin.white@ifbaiano.edu.br\" rel=\"noreferrer noopener\" target=\"_blank\">keyla.souza@ifbaiano.edu.br<\/a><\/p>\n\n\n\n<p>Coordena\u00e7\u00e3o do curso de&nbsp;Inform\u00e1tica<br>Elisa Souza Menendez<br><a href=\"mailto:benjamin.white@ifbaiano.edu.br\" rel=\"noreferrer noopener\" target=\"_blank\">elisa.menendez@ifbaiano.edu.br<\/a><\/p>\n\n\n\n<p>Coordena\u00e7\u00e3o do curso de&nbsp;Redes de Computadores<br>Elisa Souza Menendez<br><a href=\"mailto:benjamin.white@ifbaiano.edu.br\" rel=\"noreferrer noopener\" target=\"_blank\">elisa.menendez@ifbaiano.edu.br<\/a><\/p>\n","protected":false},"excerpt":{"rendered":"<p>CURSOS EAD \u2013 CAMPUS XIQUE-XIQUE Os cursos ofertados na modalidade a dist\u00e2ncia t\u00eam o objetivo de transpor limites geogr\u00e1ficos para realizar forma\u00e7\u00e3o educacional gratuita e de qualidade em distintos n\u00edveis, possibilitando que estudantes possam garantir qualifica\u00e7\u00e3o profissional para ingressar no mercado de trabalho, ou, ainda, ampliar e consolidar compet\u00eancias em suas \u00e1reas de forma\u00e7\u00e3o. Atualmente, [&hellip;]<\/p>\n","protected":false},"author":132,"featured_media":0,"parent":0,"menu_order":0,"comment_status":"closed","ping_status":"closed","template":"","meta":[],"_links":{"self":[{"href":"https:\/\/www.ifbaiano.edu.br\/unidades\/xique-xique\/wp-json\/wp\/v2\/pages\/2451"}],"collection":[{"href":"https:\/\/www.ifbaiano.edu.br\/unidades\/xique-xique\/wp-json\/wp\/v2\/pages"}],"about":[{"href":"https:\/\/www.ifbaiano.edu.br\/unidades\/xique-xique\/wp-json\/wp\/v2\/types\/page"}],"author":[{"embeddable":true,"href":"https:\/\/www.ifbaiano.edu.br\/unidades\/xique-xique\/wp-json\/wp\/v2\/users\/132"}],"replies":[{"embeddable":true,"href":"https:\/\/www.ifbaiano.edu.br\/unidades\/xique-xique\/wp-json\/wp\/v2\/comments?post=2451"}],"version-history":[{"count":21,"href":"https:\/\/www.ifbaiano.edu.br\/unidades\/xique-xique\/wp-json\/wp\/v2\/pages\/2451\/revisions"}],"predecessor-version":[{"id":5899,"href":"https:\/\/www.ifbaiano.edu.br\/unidades\/xique-xique\/wp-json\/wp\/v2\/pages\/2451\/revisions\/5899"}],"wp:attachment":[{"href":"https:\/\/www.ifbaiano.edu.br\/unidades\/xique-xique\/wp-json\/wp\/v2\/media?parent=2451"}],"curies":[{"name":"wp","href":"https:\/\/api.w.org\/{rel}","templated":true}]}}