{"id":2491,"date":"2020-07-31T15:43:48","date_gmt":"2020-07-31T18:43:48","guid":{"rendered":"https:\/\/www.ifbaiano.edu.br\/unidades\/xique-xique\/?page_id=2491"},"modified":"2025-08-01T10:14:45","modified_gmt":"2025-08-01T13:14:45","slug":"pesquisa","status":"publish","type":"page","link":"https:\/\/www.ifbaiano.edu.br\/unidades\/xique-xique\/pesquisa\/","title":{"rendered":"Pesquisa"},"content":{"rendered":"\n<p>\nA\natividade de pesquisa do <em>Campus<\/em>\nXique-Xique \u00e9 concebida como princ\u00edpio  educativo e indissoci\u00e1vel\ncom o ensino e a extens\u00e3o, visando a  produ\u00e7\u00e3o cient\u00edfica  e\ndifus\u00e3o de conhecimento nos diversos campos do saber, da arte e da\ncultura. A inova\u00e7\u00e3o e a solu\u00e7\u00e3o de problemas de cunho social,\ncient\u00edfico e tecnol\u00f3gico, favorecem o desenvolvimento\nsocioambiental e econ\u00f4mico local como tamb\u00e9m fortalecem o campo\ncient\u00edfico e tecnol\u00f3gico. \n<\/p>\n\n\n\n<p>\nA\nCoordena\u00e7\u00e3o de pesquisa fomenta e acompanha os projetos de\npesquisa, inova\u00e7\u00e3o e p\u00f3s-gradua\u00e7\u00e3o que s\u00e3o desenvolvidos pelos\ndiscentes, docentes e t\u00e9cnicos administrativos do <em>Campus<\/em>,\narticulados com a sociedade e seus meios produtivos.<\/p>\n\n\n\n<div id=\"ProreitoriaTopoTitulo\">Coordenadora<\/div>\n\n\n\n<p>Dra. Roberta Machado Santos<\/p>\n\n\n\n<p><strong>E-mail: <\/strong><a href=\"mailto:pesquisa@xique-xique.ifbaiano.edu.br\">pesquisa@xique-xique.ifbaiano.edu.br<\/a><\/p>\n\n\n\n<p><a href=\"http:\/\/lattes.cnpq.br\/3204126814485156\">Curr\u00edculo Lattes<\/a><\/p>\n\n\n\n<div id=\"ProreitoriaTopoTitulo\">GRUPOS DE PESQUISA<\/div>\n\n\n\n<p><strong>Nome:<\/strong>  Grupo Multidisciplinar de Pesquisa no Semi\u00e1rido Baiano<\/p>\n\n\n\n<p><strong>\u00c1rea:<\/strong> Divulga\u00e7\u00e3o Cient\u00edfica<\/p>\n\n\n\n<p><strong>L\u00edder:<\/strong>  Dra. Shauane Itainhara Freire Nunes<\/p>\n\n\n\n<hr class=\"wp-block-separator has-css-opacity is-style-wide\" \/>\n\n\n\n<p><strong>Nome:<\/strong>   Grupo de Pesquisa em Ci\u00eancias Agr\u00e1rias e Ambientais do territ\u00f3rio de Irec\u00ea<\/p>\n\n\n\n<p><strong>\u00c1rea:<\/strong>  Ci\u00eancias Agr\u00e1rias; Agronomia<\/p>\n\n\n\n<p><strong>L\u00edder:<\/strong>   Dr. Ronaldo Sim\u00e3o de Oliveira<\/p>\n\n\n\n<hr class=\"wp-block-separator has-css-opacity is-style-wide\" \/>\n\n\n\n<p><a href=\"https:\/\/www.ifbaiano.edu.br\/unidades\/xique-xique\/files\/2020\/07\/Pesquisadores-com-projetos-de-pesquisas-cadastrados.pdf\">Pesquisadores com projetos de pesquisas cadastrados<\/a><\/p>\n\n\n\n<div id=\"ProreitoriaTopoTitulo\">PROJETOS DE PESQUISA E INOVA\u00c7\u00c3O DESENVOLVIDOS NO&nbsp;CAMPUS&nbsp;<\/div>\n\n\n\n<p><strong>2025<\/strong><\/p>\n\n\n\n<ul>\n<li><a href=\"https:\/\/www.ifbaiano.edu.br\/unidades\/xique-xique\/projeto-agua-esgoto-e-higiene-na-area-rural-o-quao-proximos-estamos-das-metas-da-agenda-2030\/\">\u00c1gua, esgoto e higiene na \u00e1rea rural: o qu\u00e3o pr\u00f3ximos estamos das metas da Agenda 2030<\/a><\/li>\n<\/ul>\n\n\n\n<p><a href=\"https:\/\/www.ifbaiano.edu.br\/unidades\/xique-xique\/files\/2021\/01\/Projetos-de-pesquisa-e-inovacao-XX-2020.pdf\" data-type=\"URL\" data-id=\"https:\/\/www.ifbaiano.edu.br\/unidades\/xique-xique\/files\/2021\/01\/Projetos-de-pesquisa-e-inovacao-XX-2020.pdf\">2020<\/a><\/p>\n\n\n\n<p><a href=\"https:\/\/www.ifbaiano.edu.br\/unidades\/xique-xique\/files\/2020\/08\/Projetos-de-pesquisa-e-inova\u00e7\u00e3o-XX-2019.pdf\">2019<\/a><\/p>\n\n\n\n<p><a href=\"https:\/\/www.ifbaiano.edu.br\/unidades\/xique-xique\/files\/2020\/08\/Projetos-de-pesquisa-e-inova\u00e7\u00e3o-XX-2018.pdf\">2018<\/a><\/p>\n","protected":false},"excerpt":{"rendered":"<p>A atividade de pesquisa do Campus Xique-Xique \u00e9 concebida como princ\u00edpio educativo e indissoci\u00e1vel com o ensino e a extens\u00e3o, visando a produ\u00e7\u00e3o cient\u00edfica e difus\u00e3o de conhecimento nos diversos campos do saber, da arte e da cultura. A inova\u00e7\u00e3o e a solu\u00e7\u00e3o de problemas de cunho social, cient\u00edfico e tecnol\u00f3gico, favorecem o desenvolvimento socioambiental [&hellip;]<\/p>\n","protected":false},"author":132,"featured_media":0,"parent":0,"menu_order":0,"comment_status":"closed","ping_status":"closed","template":"","meta":[],"_links":{"self":[{"href":"https:\/\/www.ifbaiano.edu.br\/unidades\/xique-xique\/wp-json\/wp\/v2\/pages\/2491"}],"collection":[{"href":"https:\/\/www.ifbaiano.edu.br\/unidades\/xique-xique\/wp-json\/wp\/v2\/pages"}],"about":[{"href":"https:\/\/www.ifbaiano.edu.br\/unidades\/xique-xique\/wp-json\/wp\/v2\/types\/page"}],"author":[{"embeddable":true,"href":"https:\/\/www.ifbaiano.edu.br\/unidades\/xique-xique\/wp-json\/wp\/v2\/users\/132"}],"replies":[{"embeddable":true,"href":"https:\/\/www.ifbaiano.edu.br\/unidades\/xique-xique\/wp-json\/wp\/v2\/comments?post=2491"}],"version-history":[{"count":8,"href":"https:\/\/www.ifbaiano.edu.br\/unidades\/xique-xique\/wp-json\/wp\/v2\/pages\/2491\/revisions"}],"predecessor-version":[{"id":6504,"href":"https:\/\/www.ifbaiano.edu.br\/unidades\/xique-xique\/wp-json\/wp\/v2\/pages\/2491\/revisions\/6504"}],"wp:attachment":[{"href":"https:\/\/www.ifbaiano.edu.br\/unidades\/xique-xique\/wp-json\/wp\/v2\/media?parent=2491"}],"curies":[{"name":"wp","href":"https:\/\/api.w.org\/{rel}","templated":true}]}}