{"id":2503,"date":"2020-08-03T11:18:04","date_gmt":"2020-08-03T14:18:04","guid":{"rendered":"https:\/\/www.ifbaiano.edu.br\/unidades\/xique-xique\/?page_id=2503"},"modified":"2026-04-16T09:27:37","modified_gmt":"2026-04-16T12:27:37","slug":"pos-graduacao-lato-sensu-especializacao-em-educacao-e-interdisciplinaridade","status":"publish","type":"page","link":"https:\/\/www.ifbaiano.edu.br\/unidades\/xique-xique\/pos-graduacao-lato-sensu-especializacao-em-educacao-e-interdisciplinaridade\/","title":{"rendered":"P\u00f3s-gradua\u00e7\u00e3o lato sensu"},"content":{"rendered":"\n<h2 class=\"wp-block-heading\">Especializa\u00e7\u00e3o em Educa\u00e7\u00e3o e Interdisciplinaridade<\/h2>\n\n\n\n<p>\nA busca por\numa educa\u00e7\u00e3o de qualidade e inovadora perpassa a capacidade de\ncompreendermos os fundamentos, princ\u00edpios, procedimentos\nmetodol\u00f3gicos e pr\u00e1ticos da interdisciplinaridade aplicados \u00e0\neduca\u00e7\u00e3o. Essa compreens\u00e3o decorre, entre outras, de ser a\ninterdisciplinaridade uma forma de construir uma metodologia\nelaborada pela coletividade, desconstruindo os conceitos cartesianos\nde constru\u00e7\u00e3o e aplica\u00e7\u00e3o dos conhecimentos presentes na pr\u00e1tica\npedag\u00f3gica.<\/p>\n\n\n\n<p>Desse modo, torna-se fundamental aliar a forma\u00e7\u00e3o docente \u00e0 compreens\u00e3o do que \u00e9 promover uma educa\u00e7\u00e3o interdisciplinar, que n\u00e3o possui a pretens\u00e3o de criar disciplinas ou saberes, mas sim utilizar os conhecimentos de v\u00e1rias disciplinas para resolver um problema concreto ou compreender um fen\u00f4meno observando diversos pontos de vista, bem como solucionar problemas sociais da contemporaneidade. Em resumo, a interdisciplinaridade tem uma fun\u00e7\u00e3o instrumental e, para al\u00e9m dessa condi\u00e7\u00e3o, \u00e9 uma forma de pensar o mundo.<br> <br> O Curso de Especializa\u00e7\u00e3o <em>lato sensu <\/em>em Educa\u00e7\u00e3o e Interdisciplinaridade \u2013 CEEI tem por objetivo contribuir na qualifica\u00e7\u00e3o profissional de professores para a compreens\u00e3o te\u00f3rica e o emprego pr\u00e1tico da perspectiva interdisciplinar no \u00e2mbito geral da educa\u00e7\u00e3o b\u00e1sica.<\/p>\n\n\n\n<div id=\"ProreitoriaTopoTitulo\">Coordenador<\/div>\n\n\n\n<p><strong>Coordenador: <\/strong>Igor de Carvalho Gon\u00e7alves da Costa<br><a href=\"http:\/\/lattes.cnpq.br\/4624887311374011\">Curr\u00edculo lattes\u00a0<\/a> <br>E-mail: <a href=\"https:\/\/www.ifbaiano.edu.br\/unidades\/xique-xique\/wp-admin\/igor.costa@ifbaiano.edu.br\">igor.costa@ifbaiano.edu.br<\/a><\/p>\n\n\n\n<p><\/p>\n\n\n\n<p><strong>Vice-coordenador: <\/strong>Ricardo Ferreira Machado<br><a href=\"http:\/\/lattes.cnpq.br\/1046256584704837\">Curr\u00edculo lattes\u00a0<\/a><br>E-mail: <a href=\"mailto:ricardo.machado@ifbaiano.edu.br\">ricardo.machado@ifbaiano.edu.br<\/a><br><\/p>\n\n\n\n<p class=\"has-text-align-center\">E-mail: <a href=\"mailto:pos.edint@xique-xique.ifbaiano.edu.br\"><strong>pos.edint@xique-xique.ifbaiano.edu.br<\/strong><\/a><\/p>\n\n\n\n<hr class=\"wp-block-separator has-css-opacity is-style-wide\" \/>\n\n\n\n<ul>\n<li><a href=\"https:\/\/www.ifbaiano.edu.br\/unidades\/xique-xique\/files\/2026\/04\/CORPO-DOCENTE-Especializacao-em-Educacao-e-Interdisciplinaridade_2024-2026.pdf\">Corpo docente da p\u00f3s-gradua\u00e7\u00e3o<em> <\/em>lato sensu Especializa\u00e7\u00e3o em Educa\u00e7\u00e3o e Interdisciplinaridade<\/a><\/li>\n<\/ul>\n\n\n\n<div id=\"ProreitoriaTopoTitulo\">PPC \u2013 Projeto Pedag\u00f3gico de Curso <\/div>\n\n\n\n<ul>\n<li><a href=\"https:\/\/www.ifbaiano.edu.br\/unidades\/xique-xique\/files\/2024\/07\/PPC-Especializacao-em-Educacao-e-Interdisciplinaridade.pdf\">PPC- Especializa\u00e7\u00e3o em Educa\u00e7\u00e3o e Interdisciplinaridade<\/a><\/li>\n<\/ul>\n\n\n\n<div id=\"ProreitoriaTopoTitulo\">Cronograma Especializa\u00e7\u00e3o<\/div>\n\n\n\n<ul>\n<li><a href=\"https:\/\/www.ifbaiano.edu.br\/unidades\/xique-xique\/files\/2022\/09\/Cronograma-Especializacao-2022.pdf\">1\u00ba Semestre (2022)<\/a><\/li>\n\n\n\n<li><a href=\"https:\/\/www.ifbaiano.edu.br\/unidades\/xique-xique\/files\/2023\/01\/Cronograma-Especializacao-2semestre.pdf\">2\u00ba Semestre (2023)<\/a><\/li>\n\n\n\n<li><a href=\"https:\/\/www.ifbaiano.edu.br\/unidades\/xique-xique\/files\/2026\/04\/1\u00b0-semestre-2026.pdf\">1\u00ba Semestre (2026)<\/a><\/li>\n<\/ul>\n\n\n\n<p><\/p>\n","protected":false},"excerpt":{"rendered":"<p>Especializa\u00e7\u00e3o em Educa\u00e7\u00e3o e Interdisciplinaridade A busca por uma educa\u00e7\u00e3o de qualidade e inovadora perpassa a capacidade de compreendermos os fundamentos, princ\u00edpios, procedimentos metodol\u00f3gicos e pr\u00e1ticos da interdisciplinaridade aplicados \u00e0 educa\u00e7\u00e3o. Essa compreens\u00e3o decorre, entre outras, de ser a interdisciplinaridade uma forma de construir uma metodologia elaborada pela coletividade, desconstruindo os conceitos cartesianos de constru\u00e7\u00e3o [&hellip;]<\/p>\n","protected":false},"author":132,"featured_media":0,"parent":0,"menu_order":0,"comment_status":"closed","ping_status":"closed","template":"","meta":[],"_links":{"self":[{"href":"https:\/\/www.ifbaiano.edu.br\/unidades\/xique-xique\/wp-json\/wp\/v2\/pages\/2503"}],"collection":[{"href":"https:\/\/www.ifbaiano.edu.br\/unidades\/xique-xique\/wp-json\/wp\/v2\/pages"}],"about":[{"href":"https:\/\/www.ifbaiano.edu.br\/unidades\/xique-xique\/wp-json\/wp\/v2\/types\/page"}],"author":[{"embeddable":true,"href":"https:\/\/www.ifbaiano.edu.br\/unidades\/xique-xique\/wp-json\/wp\/v2\/users\/132"}],"replies":[{"embeddable":true,"href":"https:\/\/www.ifbaiano.edu.br\/unidades\/xique-xique\/wp-json\/wp\/v2\/comments?post=2503"}],"version-history":[{"count":20,"href":"https:\/\/www.ifbaiano.edu.br\/unidades\/xique-xique\/wp-json\/wp\/v2\/pages\/2503\/revisions"}],"predecessor-version":[{"id":6792,"href":"https:\/\/www.ifbaiano.edu.br\/unidades\/xique-xique\/wp-json\/wp\/v2\/pages\/2503\/revisions\/6792"}],"wp:attachment":[{"href":"https:\/\/www.ifbaiano.edu.br\/unidades\/xique-xique\/wp-json\/wp\/v2\/media?parent=2503"}],"curies":[{"name":"wp","href":"https:\/\/api.w.org\/{rel}","templated":true}]}}