{"id":2855,"date":"2020-12-22T08:46:46","date_gmt":"2020-12-22T11:46:46","guid":{"rendered":"https:\/\/www.ifbaiano.edu.br\/unidades\/xique-xique\/?page_id=2855"},"modified":"2023-10-02T10:58:10","modified_gmt":"2023-10-02T13:58:10","slug":"tecnico-em-meio-ambiente-integrado","status":"publish","type":"page","link":"https:\/\/www.ifbaiano.edu.br\/unidades\/xique-xique\/cursos-tecnicos\/tecnico-em-meio-ambiente-integrado\/","title":{"rendered":"T\u00e9cnico em Meio Ambiente &#8211; Integrado"},"content":{"rendered":"\n<h3 class=\"wp-block-heading\">INFORMA\u00c7\u00d5ES SOBRE O CURSO<\/h3>\n\n\n\n<hr class=\"wp-block-separator has-css-opacity is-style-wide\" \/>\n\n\n\n<p><strong>FORMA:<\/strong> Integrada<\/p>\n\n\n\n<p><strong>PERIODICIDADE DE OFERTA:<\/strong> Anual<\/p>\n\n\n\n<p><strong>CARGA HOR\u00c1RIA:<\/strong> 3.350 HORAS<\/p>\n\n\n\n<p><strong>PER\u00cdODO:<\/strong> Matutino e Vespertino<\/p>\n\n\n\n<hr class=\"wp-block-separator has-css-opacity is-style-wide\" \/>\n\n\n\n<p><strong>PERFIL DO EGRESSO<\/strong><\/p>\n\n\n\n<p>Baseado nas possibilidades de atua\u00e7\u00e3o do T\u00e9cnico em Meio Ambiente segundo o CNCT e levando em conta as especificidades da regi\u00e3o de Xique-Xique, a forma\u00e7\u00e3o oferecida pelo referido curso T\u00e9cnico em Meio Ambiente conferir\u00e1 ao egresso a aptid\u00e3o para:<\/p>\n\n\n\n<ul>\n<li> Atuar na gest\u00e3o ambiental de processos empresariais, industriais e demais atividades humanas locais potencialmente danosas ao meio ambiente, \u00e0 luz do Direito e Normas de Qualidade Ambiental vigentes;<\/li>\n<\/ul>\n\n\n\n<ul>\n<li> Promover a preven\u00e7\u00e3o de danos ambientais por meio da elabora\u00e7\u00e3o, aplica\u00e7\u00e3o e acompanhamento de programas de educa\u00e7\u00e3o ambientais junto \u00e0s institui\u00e7\u00f5es p\u00fablicas e privadas, bem como a outros segmentos da popula\u00e7\u00e3o, quando for o caso;<\/li>\n<\/ul>\n\n\n\n<ul>\n<li> Avaliar, analisar e propor solu\u00e7\u00f5es aos impactos ambientais decorrentes de atividades humanas. Elaborar estudos ambientais e relat\u00f3rios peri\u00f3dicos das atividades e modifica\u00e7\u00f5es dos aspectos e impactos ambientais de um processo, indicando as consequ\u00eancias de modifica\u00e7\u00f5es;<\/li>\n<\/ul>\n\n\n\n<ul>\n<li>Gerenciar e acompanhar a\u00e7\u00f5es de prote\u00e7\u00e3o ao meio ambiente em espa\u00e7os criados legalmente para esse fim, tais como unidades de conserva\u00e7\u00e3o ambiental, unidades de tratamento de res\u00edduos e outros. Executar plano de a\u00e7\u00e3o e manejo de recursos naturais;<\/li>\n<\/ul>\n\n\n\n<ul>\n<li>Atuar em conjunto com associa\u00e7\u00f5es e cooperativas a fim de aprimorar os processos de coleta, triagem e destina\u00e7\u00e3o do material recolhido pelos catadores e, de modo geral, promover melhoria da qualidade ambiental;<\/li>\n<\/ul>\n\n\n\n<ul>\n<li> Aplicar e difundir tecnologias sociais sustent\u00e1veis, visando melhorar a qualidade de vida da popula\u00e7\u00e3o direta ou indiretamente envolvida nos processos de degrada\u00e7\u00e3o ou recupera\u00e7\u00e3o ambiental;<\/li>\n<\/ul>\n\n\n\n<ul>\n<li>Atuar na coleta, armazenamento e interpreta\u00e7\u00e3o de informa\u00e7\u00f5es, dados e documenta\u00e7\u00f5es ambientais;<\/li>\n<\/ul>\n\n\n\n<ul>\n<li> Organizar a redu\u00e7\u00e3o, reuso e reciclagem de res\u00edduos e\/ou recursos utilizados em processos e coordenar o sistema de coleta seletiva;<\/li>\n<\/ul>\n\n\n\n<ul>\n<li> Identificar os padr\u00f5es de produ\u00e7\u00e3o e consumo de energia<\/li>\n<\/ul>\n\n\n\n<ul>\n<li>Operar sistemas de tratamento de poluentes e res\u00edduos s\u00f3lidos;<\/li>\n<\/ul>\n\n\n\n<ul>\n<li>Relacionar os sistemas econ\u00f4micos e suas intera\u00e7\u00f5es com o meio ambiente;<\/li>\n<\/ul>\n\n\n\n<ul>\n<li>Atuar nas quest\u00f5es espec\u00edficas locais, tais como o aprimoramento do saneamento ambiental, gest\u00e3o de recursos h\u00eddricos e preserva\u00e7\u00e3o da Caatinga.<\/li>\n<\/ul>\n\n\n\n<hr class=\"wp-block-separator has-css-opacity is-style-wide\" \/>\n\n\n\n<p><strong>INFORMA\u00c7\u00d5ES SOBRE O CURSO<\/strong><\/p>\n\n\n\n<p>O curso T\u00e9cnico em Meio Ambiente Integrado ao Ensino M\u00e9dio dever\u00e1 capacitar o profissional para o entendimento da complexidade dos sistemas naturais,  atuando na avalia\u00e7\u00e3o e no controle dos fatores que causam impacto nos ciclos da 19 Curso T\u00e9cnico em Meio Ambiente Integrado ao Ensino M\u00e9dio &#8211; Campus Xique-Xique mat\u00e9ria e energia, diminuindo os efeitos causados na natureza (solo, \u00e1gua e ar) e aten\u00e7\u00e3o \u00e0 sa\u00fade. <\/p>\n\n\n\n<p>Essa capacita\u00e7\u00e3o compreende a proposi\u00e7\u00e3o e o gerenciamento das  atividades de preven\u00e7\u00e3o da polui\u00e7\u00e3o por meio de: gest\u00e3o ambiental de processos produtivos industriais, educa\u00e7\u00e3o ambiental, produ\u00e7\u00e3o mais limpa, al\u00e9m do controle e tratamento de res\u00edduos, efluentes e emiss\u00f5es atmosf\u00e9ricas que possam impactar o meio ambiente. Somado a isso, o curso dever\u00e1 capacitar o (a) estudante a apoiar os profissionais da sa\u00fade nas interven\u00e7\u00f5es e no processo sa\u00fade\u2013doen\u00e7a de indiv\u00edduos, propondo e gerenciando solu\u00e7\u00f5es tecnol\u00f3gicas mitigadoras, de avalia\u00e7\u00e3o e controle da seguran\u00e7a e dos recursos naturais.<\/p>\n\n\n\n<p>Por meio da integra\u00e7\u00e3o de ensino, pesquisa e extens\u00e3o e com base em conhecimentos multidisciplinares, desenvolvidos em aulas te\u00f3ricas e pr\u00e1ticas, em leituras e em estudos de caso, os (as) alunos obter\u00e3o uma vis\u00e3o integrada dos problemas ambientais e das t\u00e9cnicas adequadas e dispon\u00edveis para a sua gest\u00e3o, buscando a sustentabilidade ambiental e o  desenvolvimento socioecon\u00f4mico local.<\/p>\n\n\n\n<p>Al\u00e9m disso, visa-se a compreens\u00e3o do ambiente de modo integrado, apoiando as institui\u00e7\u00f5es em suas adequa\u00e7\u00f5es \u00e0s exig\u00eancias legais e aos princ\u00edpios do desenvolvimento sustent\u00e1vel.<\/p>\n\n\n\n<hr class=\"wp-block-separator has-css-opacity is-style-wide\" \/>\n\n\n\n<p><strong>COORDENADORA: <\/strong>Me. Sostenes Souza de Oliveira<\/p>\n\n\n\n<p><strong>E-MAIL: <\/strong>integrado.meioambiente@xique-xique.ifbaiano.edu.br<\/p>\n\n\n\n<p><strong>COORDENADORA SUBSTITUTA: <\/strong><\/p>\n\n\n\n<p><strong>MATRIZ CURRICULAR DO CURSO:<\/strong>&nbsp;<a href=\"https:\/\/www.ifbaiano.edu.br\/unidades\/xique-xique\/files\/2020\/12\/Matriz-Curricular-Meio-Ambiente-Integrado.pdf\" target=\"_blank\" rel=\"noreferrer noopener\">Acesse aqui.<\/a><\/p>\n\n\n\n<hr class=\"wp-block-separator has-css-opacity is-style-wide\" \/>\n\n\n\n<p><strong>CORPO DOCENTE<\/strong><\/p>\n\n\n\n<ol>\n<li><strong>Esp. Aline Costa Rab\u00ealo<\/strong><\/li>\n<\/ol>\n\n\n\n<p>&nbsp; &nbsp; &nbsp; &nbsp; &nbsp;e-mail: aline.rabelo@ifbaiano.edu.br<\/p>\n\n\n\n<p>&nbsp; &nbsp; &nbsp; &nbsp; &nbsp;<a href=\"http:\/\/lattes.cnpq.br\/9437167043448824\">Curr\u00edculo Lattes<\/a><\/p>\n\n\n\n<ol start=\"2\">\n<li><strong>Dra. Carolina Gonzales da Silva<\/strong><\/li>\n<\/ol>\n\n\n\n<p>&nbsp; &nbsp; &nbsp; &nbsp; &nbsp; e-mail: carolina.gonzales@ifbaiano.edu.br<\/p>\n\n\n\n<p>&nbsp; &nbsp; &nbsp; &nbsp; &nbsp;<a href=\"http:\/\/lattes.cnpq.br\/7835716821887504\">Curr\u00edculo Lattes<\/a><\/p>\n\n\n\n<ol start=\"3\">\n<li><strong>Dra. Claudete Maria da Silva Moura<\/strong><\/li>\n<\/ol>\n\n\n\n<p>&nbsp; &nbsp; &nbsp; &nbsp; e-mail: claudete.silva@ifbaiano.edu.br<\/p>\n\n\n\n<p>&nbsp; &nbsp; &nbsp; &nbsp; <a href=\"http:\/\/lattes.cnpq.br\/3611428668104273\">Curr\u00edculo Lattes<\/a><\/p>\n\n\n\n<ol start=\"4\">\n<li><strong>Dra. Denise de Jesus Lemos Ferreira<\/strong><\/li>\n<\/ol>\n\n\n\n<p>&nbsp; &nbsp; &nbsp; &nbsp; &nbsp; e-mail: denise.ferreira@ifbaiano.edu.br<\/p>\n\n\n\n<p>&nbsp; &nbsp; &nbsp; &nbsp; &nbsp; <a href=\"http:\/\/lattes.cnpq.br\/0937608609138787\">Curr\u00edculo Lattes<\/a><\/p>\n\n\n\n<ol start=\"5\">\n<li><strong>Dr. Djalma Moreira Santana Filho<\/strong><\/li>\n<\/ol>\n\n\n\n<p>&nbsp; &nbsp; &nbsp; &nbsp; &nbsp;e-mail: djalma.filho@ifbaiano.edu.br<\/p>\n\n\n\n<p>&nbsp; &nbsp; &nbsp; &nbsp; <a href=\"http:\/\/lattes.cnpq.br\/5740532819871527\">Curr\u00edculo Lattes<\/a><\/p>\n\n\n\n<ol start=\"6\">\n<li><strong>Me. Eliaquim Jos\u00e9 Teixeira Santos<\/strong><\/li>\n<\/ol>\n\n\n\n<p>&nbsp; &nbsp; &nbsp; &nbsp; &nbsp;e-mail: eliaquim.santos@ifbaiano.edu.br<\/p>\n\n\n\n<p>&nbsp; &nbsp; &nbsp; &nbsp; <a href=\"http:\/\/lattes.cnpq.br\/8072454712572301\">Curr\u00edculo Lattes<\/a><\/p>\n\n\n\n<ol start=\"7\">\n<li><strong>Ma. Emile Suze da Paz Santos<\/strong><\/li>\n<\/ol>\n\n\n\n<p>&nbsp; &nbsp; &nbsp; &nbsp; &nbsp;e-mail: emile.santos@ifbaiano.edu.br<\/p>\n\n\n\n<p>&nbsp; &nbsp; &nbsp; &nbsp; <a href=\"http:\/\/lattes.cnpq.br\/8714952776600910\">Curr\u00edculo Lattes<\/a><\/p>\n\n\n\n<ol start=\"8\">\n<li><strong>Esp. F\u00e1bio Galv\u00e3o Brito<\/strong><\/li>\n<\/ol>\n\n\n\n<p>&nbsp; &nbsp; &nbsp; &nbsp; &nbsp;e-mail: fabio.brito@ifbaiano.edu.br<\/p>\n\n\n\n<p>&nbsp; &nbsp; &nbsp; &nbsp; <a href=\"http:\/\/lattes.cnpq.br\/3339647627280516\">Curr\u00edculo Lattes<\/a><\/p>\n\n\n\n<ol start=\"9\">\n<li><strong>Ma. Francis Mary Soares Correia da Rosa<\/strong><\/li>\n<\/ol>\n\n\n\n<p>&nbsp; &nbsp; &nbsp; &nbsp; &nbsp;e-mail: francis.rosa@ifbaiano.edu.br<\/p>\n\n\n\n<p>&nbsp; &nbsp; &nbsp; &nbsp; &nbsp;<a href=\"http:\/\/lattes.cnpq.br\/4745182611140475\">Curr\u00edculo Lattes<\/a><\/p>\n\n\n\n<ol start=\"10\">\n<li><strong>Dra. Gracy Karla Da Rocha Cortes Souza<\/strong><\/li>\n<\/ol>\n\n\n\n<p>&nbsp; &nbsp; &nbsp; &nbsp; &nbsp;e-mail: gracy.souza@ifbaiano.edu.br<\/p>\n\n\n\n<p>&nbsp; &nbsp; &nbsp; &nbsp; <a href=\"http:\/\/lattes.cnpq.br\/7948955727598159\">Curr\u00edculo Lattes<\/a><\/p>\n\n\n\n<ol start=\"11\">\n<li><strong>Esp. Jocemara Nascimento dos Santos<\/strong><\/li>\n<\/ol>\n\n\n\n<p>&nbsp; &nbsp; &nbsp; &nbsp; &nbsp;e-mail: jocemara.santos@ifbaiano.edu.br<\/p>\n\n\n\n<p>&nbsp; &nbsp; &nbsp; &nbsp; <a href=\"http:\/\/lattes.cnpq.br\/0145101550230052\">Curr\u00edculo Lattes<\/a><\/p>\n\n\n\n<ol start=\"12\">\n<li><strong>Ma. Luciana de Oliveira Sampaio Castro<\/strong><\/li>\n<\/ol>\n\n\n\n<p>&nbsp; &nbsp; &nbsp; &nbsp; e-mail: luciana.castro@ifbaiano.edu.br<\/p>\n\n\n\n<p>&nbsp; &nbsp; &nbsp; &nbsp; <a href=\"http:\/\/lattes.cnpq.br\/4741373753599571\">Curr\u00edculo Lattes<\/a><\/p>\n\n\n\n<ol start=\"13\">\n<li><strong>Dr. Marcos Paulo Leite da Silva<\/strong><\/li>\n<\/ol>\n\n\n\n<p>&nbsp; &nbsp; &nbsp; &nbsp; &nbsp;e-mail: marcos.leite@ifbaiano.edu.br<\/p>\n\n\n\n<p>&nbsp; &nbsp; &nbsp; &nbsp; <a href=\"http:\/\/lattes.cnpq.br\/7318038141508951\">Curr\u00edculo Lattes<\/a><\/p>\n\n\n\n<ol start=\"14\">\n<li><strong>Pedro Paes Lopes<\/strong><\/li>\n<\/ol>\n\n\n\n<p>&nbsp; &nbsp; &nbsp; &nbsp; &nbsp;e-mail: pedro.lopes@ifbaiano.edu.br<\/p>\n\n\n\n<p>\u00a0 \u00a0 \u00a0 \u00a0 <a href=\"http:\/\/lattes.cnpq.br\/0129543930075983\">Curr\u00edculo Lattes<\/a><\/p>\n\n\n\n<p><strong>  15. Dra. Rafaella Oliveira Baracho<\/strong><\/p>\n\n\n\n<p>        E-mail: rafaella.baracho@ifbaiano.edu.br<\/p>\n\n\n\n<p>       <a rel=\"noreferrer noopener\" href=\"http:\/\/lattes.cnpq.br\/1379366255871029\" target=\"_blank\">Curr\u00edculo Lattes<\/a><\/p>\n\n\n\n<ol start=\"15\">\n<li><strong>Dra. Roberta Machado Santos<\/strong><\/li>\n<\/ol>\n\n\n\n<p>&nbsp; &nbsp; &nbsp; &nbsp; e-mail: roberta.santos@ifbaiano.edu.br<\/p>\n\n\n\n<p>&nbsp; &nbsp; &nbsp; &nbsp;<a href=\"http:\/\/lattes.cnpq.br\/3204126814485156\">Curr\u00edculo Lattes<\/a><\/p>\n\n\n\n<ol start=\"16\">\n<li><strong>Dr. Ronaldo Sim\u00e3o de Oliveira<\/strong><\/li>\n<\/ol>\n\n\n\n<p>&nbsp; &nbsp; &nbsp; &nbsp; &nbsp;e-mail: ronaldo.oliveira@ifbaiano.edu.br<\/p>\n\n\n\n<p>&nbsp; &nbsp; &nbsp; &nbsp; <a href=\"http:\/\/lattes.cnpq.br\/7077422858243612\">Curr\u00edculo Lattes<\/a><\/p>\n\n\n\n<ol start=\"17\">\n<li><strong>Dra. Shauane Itainhara Freire Nunes<\/strong><\/li>\n<\/ol>\n\n\n\n<p>&nbsp; &nbsp; &nbsp; &nbsp; &nbsp;e-mail: shauane.nunes@ifbaiano.edu.br<\/p>\n\n\n\n<p>&nbsp; &nbsp; &nbsp; &nbsp; &nbsp;<a href=\"http:\/\/lattes.cnpq.br\/3310236719631517\">Curr\u00edculo Lattes<\/a><\/p>\n\n\n\n<ol start=\"18\">\n<li><strong>Me. S\u00f3stenes Souza de Oliveira<\/strong><\/li>\n<\/ol>\n\n\n\n<p>&nbsp; &nbsp; &nbsp; &nbsp; &nbsp;e-mail: sostenes.oliveira@ifbaiano.edu.br<\/p>\n\n\n\n<p>&nbsp; &nbsp; &nbsp; &nbsp; &nbsp;<a href=\"http:\/\/lattes.cnpq.br\/0610925142716828\">Curr\u00edculo Lattes<\/a><\/p>\n\n\n\n<p>&nbsp; &nbsp; 19. <strong>Me. Thiago Alberto Alves dos Santos<\/strong><\/p>\n\n\n\n<p>&nbsp; &nbsp; &nbsp; &nbsp; &nbsp;e-mail: thiago.alves@ifbaiano.edu.br<\/p>\n\n\n\n<p>&nbsp; &nbsp; &nbsp; &nbsp; &nbsp;<a href=\"http:\/\/lattes.cnpq.br\/9385822838608613\">Curr\u00edculo Lattes<\/a><\/p>\n\n\n\n<ol start=\"20\">\n<li><strong>Me. Yuri de Melo Alves<\/strong><\/li>\n<\/ol>\n\n\n\n<p>&nbsp; &nbsp; &nbsp; &nbsp; &nbsp;e-mail: yuri.alves@ifbaiano.edu.br<\/p>\n\n\n\n<p>&nbsp; &nbsp; &nbsp; &nbsp; <a href=\"http:\/\/lattes.cnpq.br\/2579392440221824\">Curr\u00edculo Lattes<\/a><\/p>\n\n\n\n<hr class=\"wp-block-separator has-css-opacity is-style-wide\" \/>\n\n\n\n<p><strong>PPC &#8211; Projeto pedag\u00f3gico do curso t\u00e9cnico em meio ambiente integrado:<\/strong> <a href=\"https:\/\/www.ifbaiano.edu.br\/unidades\/xique-xique\/files\/2020\/12\/PPC_Meio-ambiente_retificado.pdf\">Acesse aqui.<\/a><\/p>\n\n\n\n<hr class=\"wp-block-separator has-css-opacity is-style-wide\" \/>\n\n\n\n<p><strong>SITES IMPORTANTES<\/strong><\/p>\n\n\n\n<p>&#8211; Minist\u00e9rio da Educa\u00e7\u00e3o e Cultura &#8211; <a href=\"https:\/\/www.mec.gov.br\/\" target=\"_blank\" rel=\"noreferrer noopener\">https:\/\/www.mec.gov.br\/<\/a><\/p>\n\n\n\n<p>&#8211; S\u00e9c. Esp. da Agricultura Familiar e Desen. Agr\u00e1rio &#8211; <a href=\"http:\/\/www.mda.gov.br\/\" target=\"_blank\" rel=\"noreferrer noopener\">http:\/\/www.mda.gov.br\/<\/a><\/p>\n\n\n\n<p>&#8211; Minist\u00e9rio da Agri. Pec. e Abastecimento &#8211; <a href=\"http:\/\/www.agricultura.gov.br\/\">http:\/\/www.agricultura.gov.br\/<\/a><\/p>\n\n\n\n<p>&#8211; Empresa Brasileira de Pesquisa Agropecu\u00e1ria &#8211; <a href=\"https:\/\/www.embrapa.br\/\" target=\"_blank\" rel=\"noreferrer noopener\">https:\/\/www.embrapa.br\/<\/a><\/p>\n\n\n\n<p>&#8211; Comiss\u00e3o Executiva do Plano da Lavoura Cacaueira &#8211; <a href=\"http:\/\/www.ceplacpa.gov.br\/site\/\">http:\/\/www.ceplacpa.gov.br\/site\/<\/a><\/p>\n\n\n\n<p>&#8211; S\u00e9c. De Desen. Rural da Bahia &#8211; <a href=\"http:\/\/www.sdr.ba.gov.br\/\" target=\"_blank\" rel=\"noreferrer noopener\">http:\/\/www.sdr.ba.gov.br\/<\/a><\/p>\n\n\n\n<p>&#8211; Secretaria de Agricultura, Pecu\u00e1ria, Irriga\u00e7\u00e3o e Aquicultura da Bahia &#8211; <a href=\"http:\/\/www.seagri.ba.gov.br\/\" target=\"_blank\" rel=\"noreferrer noopener\">http:\/\/www.seagri.ba.gov.br\/<\/a><\/p>\n\n\n\n<p>\u2013 Minist\u00e9rio do Meio Ambiente \u2013&nbsp;<a href=\"http:\/\/www.mma.gov.br\/\">http:\/\/www.mma.gov.br\/<\/a><\/p>\n\n\n\n<p>\u2013&nbsp;Instituto Brasileiro do Meio Ambiente&nbsp;e dos Recursos Naturais&nbsp;Renov\u00e1veis \u2013&nbsp;<a href=\"http:\/\/www.ibama.gov.br\/\">http:\/\/www.ibama.gov.br\/<\/a><\/p>\n\n\n\n<p>\u2013 Secretaria do Meio Ambiente do Estado da Bahia \u2013&nbsp;<a href=\"http:\/\/www.meioambiente.ba.gov.br\/\">http:\/\/www.meioambiente.ba.gov.br\/<\/a><\/p>\n\n\n\n<p>\u2013&nbsp;Instituto o Meio Ambiente-BA&nbsp;\u2013&nbsp;<a href=\"http:\/\/www.inema.ba.gov.br\/\">http:\/\/www.inema.ba.gov.br\/<\/a><\/p>\n\n\n\n<hr class=\"wp-block-separator has-css-opacity is-style-wide\" \/>\n\n\n\n<p><strong>FONTE:<\/strong> Coordena\u00e7\u00e3o do curso e Dire\u00e7\u00e3o acad\u00eamica.<\/p>\n","protected":false},"excerpt":{"rendered":"<p>INFORMA\u00c7\u00d5ES SOBRE O CURSO FORMA: Integrada PERIODICIDADE DE OFERTA: Anual CARGA HOR\u00c1RIA: 3.350 HORAS PER\u00cdODO: Matutino e Vespertino PERFIL DO EGRESSO Baseado nas possibilidades de atua\u00e7\u00e3o do T\u00e9cnico em Meio Ambiente segundo o CNCT e levando em conta as especificidades da regi\u00e3o de Xique-Xique, a forma\u00e7\u00e3o oferecida pelo referido curso T\u00e9cnico em Meio Ambiente conferir\u00e1 [&hellip;]<\/p>\n","protected":false},"author":132,"featured_media":0,"parent":454,"menu_order":0,"comment_status":"closed","ping_status":"closed","template":"","meta":[],"_links":{"self":[{"href":"https:\/\/www.ifbaiano.edu.br\/unidades\/xique-xique\/wp-json\/wp\/v2\/pages\/2855"}],"collection":[{"href":"https:\/\/www.ifbaiano.edu.br\/unidades\/xique-xique\/wp-json\/wp\/v2\/pages"}],"about":[{"href":"https:\/\/www.ifbaiano.edu.br\/unidades\/xique-xique\/wp-json\/wp\/v2\/types\/page"}],"author":[{"embeddable":true,"href":"https:\/\/www.ifbaiano.edu.br\/unidades\/xique-xique\/wp-json\/wp\/v2\/users\/132"}],"replies":[{"embeddable":true,"href":"https:\/\/www.ifbaiano.edu.br\/unidades\/xique-xique\/wp-json\/wp\/v2\/comments?post=2855"}],"version-history":[{"count":16,"href":"https:\/\/www.ifbaiano.edu.br\/unidades\/xique-xique\/wp-json\/wp\/v2\/pages\/2855\/revisions"}],"predecessor-version":[{"id":5859,"href":"https:\/\/www.ifbaiano.edu.br\/unidades\/xique-xique\/wp-json\/wp\/v2\/pages\/2855\/revisions\/5859"}],"up":[{"embeddable":true,"href":"https:\/\/www.ifbaiano.edu.br\/unidades\/xique-xique\/wp-json\/wp\/v2\/pages\/454"}],"wp:attachment":[{"href":"https:\/\/www.ifbaiano.edu.br\/unidades\/xique-xique\/wp-json\/wp\/v2\/media?parent=2855"}],"curies":[{"name":"wp","href":"https:\/\/api.w.org\/{rel}","templated":true}]}}