{"id":2966,"date":"2021-01-26T13:47:39","date_gmt":"2021-01-26T16:47:39","guid":{"rendered":"https:\/\/www.ifbaiano.edu.br\/unidades\/xique-xique\/?page_id=2966"},"modified":"2021-01-28T15:13:23","modified_gmt":"2021-01-28T18:13:23","slug":"napne","status":"publish","type":"page","link":"https:\/\/www.ifbaiano.edu.br\/unidades\/xique-xique\/napne\/","title":{"rendered":"N\u00facleo de Apoio \u00e0s Pessoas com Necessidades Espec\u00edficas"},"content":{"rendered":"\n<p>O N\u00facleo de Atendimento \u00e0s Pessoas com Necessidades Espec\u00edficas \u2013 NAPNE, teve o seu regimento aprovado pela resolu\u00e7\u00e3o de n\u00b0 03, de 18 de fevereiro de 2019, que possui dentre ouras atribui\u00e7\u00f5es, assessorar o(a) Diretor(a) Geral do campus nas quest\u00f5es relativas \u00e0 inclus\u00e3o e \u00e0 promo\u00e7\u00e3o de a\u00e7\u00f5es que possibilitem o acesso, a perman\u00eancia e a conclus\u00e3o com \u00eaxito, das pessoas com necessidades espec\u00edficas, dos cursos realizados na institui\u00e7\u00e3o. O seu p\u00fablico-alvo s\u00e3o estudantes, cujas necessidades espec\u00edficas se originem em fun\u00e7\u00e3o de defici\u00eancia, de transtornos globais do desenvolvimento, de altas habilidades\/superdota\u00e7\u00e3o, de transtornos funcionais espec\u00edficos (dislexia, disortografia, disgrafia, discalculia, transtorno de aten\u00e7\u00e3o, transtorno de hiperatividade, transtorno de aten\u00e7\u00e3o e hiperatividade, dentre outros) e as pessoas com mobilidade reduzida, conforme legisla\u00e7\u00e3o vigente, em especial a Resolu\u00e7\u00e3o na 04\/2009, as Notas T\u00e9cnicas n'&#8221; 11\/2010 e 04\/2014, o Decreto n\u00b0 7.611\/2011 e as Leis nOS12.764\/2012,12.796\/2013 e 13.146\/2015.<\/p>\n\n\n\n<p><strong>Coordenadora<\/strong><\/p>\n\n\n\n<p>Esp. <strong>Aline Costa Rab\u00ealo<\/strong><\/p>\n\n\n\n<p>E-mail: <a href=\"mailto:aline.rabelo@ifbaiano.edu.br\">napne@xique-xique.ifbaiano.edu.br<\/a><\/p>\n\n\n\n<p><a rel=\"noreferrer noopener\" href=\"http:\/\/lattes.cnpq.br\/5668619618049672\" target=\"_blank\">Curr\u00edculo <\/a><a rel=\"noreferrer noopener\" href=\"http:\/\/buscatextual.cnpq.br\/buscatextual\/visualizacv.do?id=K8845352Z5\" target=\"_blank\">Lattes<\/a><\/p>\n\n\n\n<div style=\"height:20px\" aria-hidden=\"true\" class=\"wp-block-spacer\"><\/div>\n\n\n\n<hr class=\"wp-block-separator\" \/>\n\n\n\n<div style=\"height:20px\" aria-hidden=\"true\" class=\"wp-block-spacer\"><\/div>\n\n\n\n<p><a href=\"https:\/\/www.ifbaiano.edu.br\/unidades\/xique-xique\/files\/2021\/01\/PORTARIA-12-2020-XIQ-GAB-XIQ-DG-RET-IFBAIANO.pdf\">Resolu\u00e7\u00e3o N\u00ba 03\/2019 &#8211; <\/a><a href=\"https:\/\/www.ifbaiano.edu.br\/unidades\/xique-xique\/files\/2021\/01\/Resolucao-03-2019-Regimento-do-Napne-Ano-2019.pdf\">REGIMENTO<\/a><a href=\"https:\/\/www.ifbaiano.edu.br\/unidades\/xique-xique\/files\/2021\/01\/PORTARIA-12-2020-XIQ-GAB-XIQ-DG-RET-IFBAIANO.pdf\"> DO NAPNE<\/a><\/p>\n\n\n\n<p><a href=\"https:\/\/www.ifbaiano.edu.br\/unidades\/xique-xique\/files\/2021\/01\/Regulamento-do-Atendimento-Educacional-Especializado-no-ambito-do-IF-Baiano.pdf\">Regulamento do AEE &#8211; ATENDIMENTO EDUCACIONAL ESPECIALIZADO<\/a><\/p>\n\n\n\n<p><a href=\"https:\/\/www.ifbaiano.edu.br\/unidades\/xique-xique\/files\/2021\/01\/Portaria-84-NAPNE.pdf\">Portaria N\u00ba 084\/2018 &#8211; NAPNE<\/a><\/p>\n\n\n\n<p><a href=\"https:\/\/www.ifbaiano.edu.br\/unidades\/xique-xique\/files\/2021\/01\/PORTARIA-12-2020-XIQ-GAB-XIQ-DG-RET-IFBAIANO.pdf\">Portaria N\u00ba 12\/2020 &#8211; XIQ-GAB\/XIQ-DG\/RET\/IFBAIANO<\/a><\/p>\n","protected":false},"excerpt":{"rendered":"<p>O N\u00facleo de Atendimento \u00e0s Pessoas com Necessidades Espec\u00edficas \u2013 NAPNE, teve o seu regimento aprovado pela resolu\u00e7\u00e3o de n\u00b0 03, de 18 de fevereiro de 2019, que possui dentre ouras atribui\u00e7\u00f5es, assessorar o(a) Diretor(a) Geral do campus nas quest\u00f5es relativas \u00e0 inclus\u00e3o e \u00e0 promo\u00e7\u00e3o de a\u00e7\u00f5es que possibilitem o acesso, a perman\u00eancia e [&hellip;]<\/p>\n","protected":false},"author":74,"featured_media":0,"parent":0,"menu_order":0,"comment_status":"closed","ping_status":"closed","template":"","meta":[],"_links":{"self":[{"href":"https:\/\/www.ifbaiano.edu.br\/unidades\/xique-xique\/wp-json\/wp\/v2\/pages\/2966"}],"collection":[{"href":"https:\/\/www.ifbaiano.edu.br\/unidades\/xique-xique\/wp-json\/wp\/v2\/pages"}],"about":[{"href":"https:\/\/www.ifbaiano.edu.br\/unidades\/xique-xique\/wp-json\/wp\/v2\/types\/page"}],"author":[{"embeddable":true,"href":"https:\/\/www.ifbaiano.edu.br\/unidades\/xique-xique\/wp-json\/wp\/v2\/users\/74"}],"replies":[{"embeddable":true,"href":"https:\/\/www.ifbaiano.edu.br\/unidades\/xique-xique\/wp-json\/wp\/v2\/comments?post=2966"}],"version-history":[{"count":4,"href":"https:\/\/www.ifbaiano.edu.br\/unidades\/xique-xique\/wp-json\/wp\/v2\/pages\/2966\/revisions"}],"predecessor-version":[{"id":3002,"href":"https:\/\/www.ifbaiano.edu.br\/unidades\/xique-xique\/wp-json\/wp\/v2\/pages\/2966\/revisions\/3002"}],"wp:attachment":[{"href":"https:\/\/www.ifbaiano.edu.br\/unidades\/xique-xique\/wp-json\/wp\/v2\/media?parent=2966"}],"curies":[{"name":"wp","href":"https:\/\/api.w.org\/{rel}","templated":true}]}}