{"id":2991,"date":"2021-01-28T14:40:47","date_gmt":"2021-01-28T17:40:47","guid":{"rendered":"https:\/\/www.ifbaiano.edu.br\/unidades\/xique-xique\/?page_id=2991"},"modified":"2023-12-13T14:03:57","modified_gmt":"2023-12-13T17:03:57","slug":"assistencia-estudantil","status":"publish","type":"page","link":"https:\/\/www.ifbaiano.edu.br\/unidades\/xique-xique\/assistencia-estudantil\/","title":{"rendered":"Assist\u00eancia Estudantil"},"content":{"rendered":"\n<p><strong>Pol\u00edtica de Assist\u00eancia Estudantil<\/strong><\/p>\n\n\n\n<p>A Pol\u00edtica de Assist\u00eancia Estudantil constitui-se de um conjunto de princ\u00edpios e diretrizes norteadoras para o desenvolvimento de programas e linhas de a\u00e7\u00f5es que favore\u00e7am a democratiza\u00e7\u00e3o de acesso, perman\u00eancia e \u00eaxito do discente no seu processo formativo. Compreendida sob uma perspectiva de universaliza\u00e7\u00e3o do direito \u00e0 educa\u00e7\u00e3o e forma\u00e7\u00e3o integral dos sujeitos, abrange todos os estudantes regularmente matriculados.<\/p>\n\n\n\n<p><br>Os programas que integram esta pol\u00edtica s\u00e3o:<\/p>\n\n\n\n<ul>\n<li><strong>Programa de Assist\u00eancia e Inclus\u00e3o Social do Estudante (PAISE)<\/strong><\/li>\n<\/ul>\n\n\n\n<p>O Programa de Assist\u00eancia e Inclus\u00e3o Social do Estudante \u2013 PAISE, integrante da Pol\u00edtica de Assist\u00eancia Estudantil do IF Baiano, visa contribuir para o bem-estar biopsicossocial, perman\u00eancia e \u00eaxito nas atividades acad\u00eamicas de estudantes em vulnerabilidade socioecon\u00f4mica.<\/p>\n\n\n\n<ul>\n<li><strong>O Programa de Aux\u00edlios Eventuais \u2013 PAE<br><\/strong><\/li>\n<\/ul>\n\n\n\n<p>O Programa de Aux\u00edlios Eventuais \u2013 PAE, integrante da Pol\u00edtica de Assist\u00eancia Estudantil do IF Baiano, visa contribuir para o atendimento de diferentes demandas apresentadas pelos(as) estudantes e\/ou identificadas pela equipe de profissionais da assist\u00eancia estudantil ou demais servidores, sendo estas situa\u00e7\u00f5es eventuais. Sendo consideradas \u201csitua\u00e7\u00f5es eventuais\u201d aquelas inesperadas e que tenham car\u00e1ter tempor\u00e1rio que tendem a interferir diretamente nos processos de ensino e aprendizagem do(a) estudante.<\/p>\n\n\n\n<p><a href=\"https:\/\/www.ifbaiano.edu.br\/unidades\/xique-xique\/files\/2023\/12\/Edital-2023-Programa-de-Auxilio-Eventual-_-PAE.pdf\">Edital-  Programa de Aux\u00edlios Eventuais \u2013 PAE<\/a><\/p>\n\n\n\n<ul>\n<li><strong>Programa de Incentivo \u00e0 Participa\u00e7\u00e3o Pol\u00edtico Acad\u00eamica \u2013 PROPAC<\/strong><\/li>\n<\/ul>\n\n\n\n<p><br>O Programa de Incentivo \u00e0 Participa\u00e7\u00e3o Pol\u00edtico Acad\u00eamica &#8211; PROPAC visa apoiar a realiza\u00e7\u00e3o de a\u00e7\u00f5es que contribuam para a produ\u00e7\u00e3o cient\u00edfica, acad\u00eamica e tecnol\u00f3gica, o exerc\u00edcio da cidadania e o direito de organiza\u00e7\u00e3o pol\u00edtica do(a) estudante. O PROPAC \u00e9 composto por tr\u00eas aux\u00edlios especificados abaixo:&nbsp;<\/p>\n\n\n\n<ul>\n<li>Aux\u00edlio Participa\u00e7\u00e3o em Eventos de Car\u00e1ter Cient\u00edfico, Acad\u00eamico ou Tecnol\u00f3gico.<\/li>\n\n\n\n<li>Aux\u00edlio Participa\u00e7\u00e3o em Eventos de Organiza\u00e7\u00e3o Estudantil.<\/li>\n\n\n\n<li>Do Aux\u00edlio Formaliza\u00e7\u00e3o de Entidades Estudantis.<\/li>\n<\/ul>\n\n\n\n<p><a href=\"https:\/\/www.ifbaiano.edu.br\/unidades\/xique-xique\/files\/2023\/12\/Edital-de-Fluxo-continuo-PROPAC.pdf\">Edital &#8211; Programa de Incentivo \u00e0 Participa\u00e7\u00e3o Pol\u00edtico Acad\u00eamica \u2013 PROPAC<\/a><\/p>\n\n\n\n<p><a href=\"https:\/\/www.ifbaiano.edu.br\/unidades\/xique-xique\/files\/2023\/12\/Edital-de-Fluxo-continuo-PROPAC.pdf\"><br><\/a>Estes programas s\u00e3o operacionalizados por meio da concess\u00e3o de aux\u00edlios financeiros pautados em editais ou por a\u00e7\u00f5es de equipes multiprofissionais e servi\u00e7os. Entende-se que o acesso p\u00fablico e equitativo \u00e0 educa\u00e7\u00e3o profissional e tecnol\u00f3gica \u00e9 objetivo fundamental desta institui\u00e7\u00e3o. Implica, portanto, a implementa\u00e7\u00e3o desta pol\u00edtica para viabilizar a perman\u00eancia e o \u00eaxito do estudante.<\/p>\n\n\n\n<p>No caso de d\u00favidas, entre em contato com a Coordena\u00e7\u00e3o de Assuntos Estudantis (CAE).&nbsp;<\/p>\n\n\n\n<p><strong>Coordenadora<\/strong>: Gleice Miranda<\/p>\n\n\n\n<p><strong>E-mail:<\/strong> <a href=\"mailto:cae@xique-xique.ifbaiano.edu.br\">cae@xique-xique.ifbaiano.edu.br<\/a><\/p>\n\n\n\n<hr class=\"wp-block-separator has-css-opacity is-style-wide\" \/>\n\n\n\n<ul>\n<li><a href=\"https:\/\/www.ifbaiano.edu.br\/unidades\/xique-xique\/files\/2021\/02\/Politica-de-Assistencia-Estudantil-29-01-2019.pdf\">Resolu\u00e7\u00e3o N\u00ba 01\/2019 &#8211; INSTITUI\u00c7\u00c3O DA POL\u00cdTICA DE ASSIST\u00caNCIA ESTUDANTIL<\/a><\/li>\n\n\n\n<li><a href=\"https:\/\/www.ifbaiano.edu.br\/unidades\/xique-xique\/files\/2021\/01\/PORTARIA-14-2021-XIQ-GAB-XIQ-DG-RET-IFBAIANO.pdf\">Portaria N\u00ba 14\/2021 &#8211; COMISS\u00c3O LOCAL DE ASSIST\u00caNCIA ESTUDANTIL (CLAE)<\/a><\/li>\n<\/ul>\n\n\n\n<div id=\"ProreitoriaTopoTitulo\"> Programa de Assist\u00eancia e Inclus\u00e3o Social do Estudante (PAISE) <\/div>\n\n\n\n<div class=\"wp-block-pb-accordion-item c-accordion__item js-accordion-item no-js\" data-initially-open=\"false\" data-click-to-close=\"true\" data-auto-close=\"true\" data-scroll=\"false\" data-scroll-offset=\"0\"><h3 id=\"at-29910\" class=\"c-accordion__title js-accordion-controller\" role=\"button\">2023<\/h3><div id=\"ac-29910\" class=\"c-accordion__content\">\n<p><a href=\"https:\/\/www.ifbaiano.edu.br\/unidades\/xique-xique\/files\/2023\/12\/PAISE-Edital-N-02-de-2023-_-Campus-Xique-Xique.pdf\">PAISE &#8211; Edital N 02 de 2023 _ Campus Xique-Xique<\/a><\/p>\n<\/div><\/div>\n\n\n\n<p><\/p>\n","protected":false},"excerpt":{"rendered":"<p>Pol\u00edtica de Assist\u00eancia Estudantil A Pol\u00edtica de Assist\u00eancia Estudantil constitui-se de um conjunto de princ\u00edpios e diretrizes norteadoras para o desenvolvimento de programas e linhas de a\u00e7\u00f5es que favore\u00e7am a democratiza\u00e7\u00e3o de acesso, perman\u00eancia e \u00eaxito do discente no seu processo formativo. Compreendida sob uma perspectiva de universaliza\u00e7\u00e3o do direito \u00e0 educa\u00e7\u00e3o e forma\u00e7\u00e3o integral [&hellip;]<\/p>\n","protected":false},"author":132,"featured_media":0,"parent":0,"menu_order":0,"comment_status":"closed","ping_status":"closed","template":"","meta":[],"_links":{"self":[{"href":"https:\/\/www.ifbaiano.edu.br\/unidades\/xique-xique\/wp-json\/wp\/v2\/pages\/2991"}],"collection":[{"href":"https:\/\/www.ifbaiano.edu.br\/unidades\/xique-xique\/wp-json\/wp\/v2\/pages"}],"about":[{"href":"https:\/\/www.ifbaiano.edu.br\/unidades\/xique-xique\/wp-json\/wp\/v2\/types\/page"}],"author":[{"embeddable":true,"href":"https:\/\/www.ifbaiano.edu.br\/unidades\/xique-xique\/wp-json\/wp\/v2\/users\/132"}],"replies":[{"embeddable":true,"href":"https:\/\/www.ifbaiano.edu.br\/unidades\/xique-xique\/wp-json\/wp\/v2\/comments?post=2991"}],"version-history":[{"count":15,"href":"https:\/\/www.ifbaiano.edu.br\/unidades\/xique-xique\/wp-json\/wp\/v2\/pages\/2991\/revisions"}],"predecessor-version":[{"id":5626,"href":"https:\/\/www.ifbaiano.edu.br\/unidades\/xique-xique\/wp-json\/wp\/v2\/pages\/2991\/revisions\/5626"}],"wp:attachment":[{"href":"https:\/\/www.ifbaiano.edu.br\/unidades\/xique-xique\/wp-json\/wp\/v2\/media?parent=2991"}],"curies":[{"name":"wp","href":"https:\/\/api.w.org\/{rel}","templated":true}]}}