{"id":3017,"date":"2021-02-01T16:14:16","date_gmt":"2021-02-01T19:14:16","guid":{"rendered":"https:\/\/www.ifbaiano.edu.br\/unidades\/xique-xique\/?page_id=3017"},"modified":"2023-01-20T12:11:53","modified_gmt":"2023-01-20T15:11:53","slug":"nucleo-de-apoio-ao-processo-de-ensino-aprendizagem-permanencia-e-exito","status":"publish","type":"page","link":"https:\/\/www.ifbaiano.edu.br\/unidades\/xique-xique\/nucleo-de-apoio-ao-processo-de-ensino-aprendizagem-permanencia-e-exito\/","title":{"rendered":"N\u00facleo de Apoio ao Processo de Ensino-Aprendizagem, Perman\u00eancia e \u00caxito"},"content":{"rendered":"\n<p><strong>Quem somos<\/strong><\/p>\n\n\n\n<p>O N\u00facleo de Apoio ao Processo de Ensino-Aprendizagem, Perman\u00eancia e \u00caxito (NUAPE), tem como miss\u00e3o desenvolver atividades de coordena\u00e7\u00e3o pedag\u00f3gica e orienta\u00e7\u00e3o educacional dos cursos, orientar e acompanhar o desenvolvimento das atividades de ensino e do processo de aprendizagem dos estudantes em conson\u00e2ncia com a proposta pedag\u00f3gica do Campus, viabilizando espa\u00e7os para discuss\u00f5es e an\u00e1lises sobre a pr\u00e1tica pedag\u00f3gica, sobre a constru\u00e7\u00e3o do conhecimento e sobre a forma\u00e7\u00e3o dos estudantes como sujeitos cr\u00edticos e reflexivos para atua\u00e7\u00e3o no mundo do trabalho. Tem como objetivo, realizar atendimentos aos docentes, aos estudantes do campus, a seus pais e respons\u00e1veis visando um estreitamento dos v\u00ednculos entre a institui\u00e7\u00e3o e a fam\u00edlia, conex\u00e3o indispens\u00e1vel para impulsionar as atividades de ensino e aprendizagem.<\/p>\n\n\n\n<p><strong>Professor<\/strong><\/p>\n\n\n\n<p><a href=\"https:\/\/www.ifbaiano.edu.br\/unidades\/xique-xique\/files\/2022\/10\/ORIENTACOES-PARA-ELABORACAO-DO-PLANO-DE-ENSINO.pdf\"><strong>Orienta\u00e7\u00f5es para elabora\u00e7\u00e3o do plano de ensino<\/strong><\/a><\/p>\n\n\n\n<p><a href=\"https:\/\/www.ifbaiano.edu.br\/unidades\/xique-xique\/files\/2021\/02\/Orientacoes-para-preenchimento-do-plano-de-ensino-APNP.pdf\"><strong>Orienta\u00e7\u00f5es para preenchimento do plano de ensino APNP<\/strong><\/a><\/p>\n\n\n\n<p><strong>Portarias<\/strong><\/p>\n\n\n\n<p><strong><a href=\"https:\/\/www.ifbaiano.edu.br\/unidades\/xique-xique\/files\/2023\/01\/PORTARIA-49-2022-de-15-de-junho-de-2022.pdf\">PORTARIA 49 2022 de 15 de junho de 2022<\/a><\/strong><\/p>\n\n\n\n<p><\/p>\n\n\n\n<p><\/p>\n","protected":false},"excerpt":{"rendered":"<p>Quem somos O N\u00facleo de Apoio ao Processo de Ensino-Aprendizagem, Perman\u00eancia e \u00caxito (NUAPE), tem como miss\u00e3o desenvolver atividades de coordena\u00e7\u00e3o pedag\u00f3gica e orienta\u00e7\u00e3o educacional dos cursos, orientar e acompanhar o desenvolvimento das atividades de ensino e do processo de aprendizagem dos estudantes em conson\u00e2ncia com a proposta pedag\u00f3gica do Campus, viabilizando espa\u00e7os para discuss\u00f5es [&hellip;]<\/p>\n","protected":false},"author":132,"featured_media":0,"parent":0,"menu_order":0,"comment_status":"closed","ping_status":"closed","template":"","meta":[],"_links":{"self":[{"href":"https:\/\/www.ifbaiano.edu.br\/unidades\/xique-xique\/wp-json\/wp\/v2\/pages\/3017"}],"collection":[{"href":"https:\/\/www.ifbaiano.edu.br\/unidades\/xique-xique\/wp-json\/wp\/v2\/pages"}],"about":[{"href":"https:\/\/www.ifbaiano.edu.br\/unidades\/xique-xique\/wp-json\/wp\/v2\/types\/page"}],"author":[{"embeddable":true,"href":"https:\/\/www.ifbaiano.edu.br\/unidades\/xique-xique\/wp-json\/wp\/v2\/users\/132"}],"replies":[{"embeddable":true,"href":"https:\/\/www.ifbaiano.edu.br\/unidades\/xique-xique\/wp-json\/wp\/v2\/comments?post=3017"}],"version-history":[{"count":7,"href":"https:\/\/www.ifbaiano.edu.br\/unidades\/xique-xique\/wp-json\/wp\/v2\/pages\/3017\/revisions"}],"predecessor-version":[{"id":4787,"href":"https:\/\/www.ifbaiano.edu.br\/unidades\/xique-xique\/wp-json\/wp\/v2\/pages\/3017\/revisions\/4787"}],"wp:attachment":[{"href":"https:\/\/www.ifbaiano.edu.br\/unidades\/xique-xique\/wp-json\/wp\/v2\/media?parent=3017"}],"curies":[{"name":"wp","href":"https:\/\/api.w.org\/{rel}","templated":true}]}}