{"id":3058,"date":"2021-02-26T16:26:56","date_gmt":"2021-02-26T19:26:56","guid":{"rendered":"https:\/\/www.ifbaiano.edu.br\/unidades\/xique-xique\/?page_id=3058"},"modified":"2021-07-06T09:49:11","modified_gmt":"2021-07-06T12:49:11","slug":"orientacoes-da-diretoria-academica-para-as-apnps","status":"publish","type":"page","link":"https:\/\/www.ifbaiano.edu.br\/unidades\/xique-xique\/orientacoes-da-diretoria-academica-para-as-apnps\/","title":{"rendered":"Orienta\u00e7\u00f5es da diretoria acad\u00eamica para as APNPs"},"content":{"rendered":"\n<p>A diretoria acad\u00eamica do <em>campus<\/em> Xique-Xique, torna p\u00fablico, ap\u00f3s delibera\u00e7\u00e3o com a comunidade docente do Instituto, orienta\u00e7\u00f5es a cerca das entregas das atividades pedag\u00f3gicas n\u00e3o presencias impressas para os estudantes do<em> campus<\/em>.<\/p>\n\n\n\n<ul><li><a href=\"https:\/\/www.ifbaiano.edu.br\/unidades\/xique-xique\/files\/2021\/02\/Orientacoes-da-Diretoria-Academica-APNPs-01-2021.pdf\">Orienta\u00e7\u00f5es da Diretoria Acad\u00eamica APNPs 01\/2021<\/a><\/li><li><a href=\"https:\/\/www.ifbaiano.edu.br\/unidades\/xique-xique\/files\/2021\/02\/Orientacoes-da-Diretoria-Academica-APNPs-02-2021.pdf\">Orienta\u00e7\u00f5es da Diretoria Acad\u00eamica APNPs 02\/2021<\/a><\/li><li><a href=\"https:\/\/www.ifbaiano.edu.br\/unidades\/xique-xique\/files\/2021\/05\/Orientacao-03_2021.pdf\">Orienta\u00e7\u00f5es da Diretoria Acad\u00eamica APNPs 03\/2021<\/a><\/li><li><a href=\"https:\/\/www.ifbaiano.edu.br\/unidades\/xique-xique\/files\/2021\/05\/Orientacao-04_2021-Direcao-Academica.pdf\">Orienta\u00e7\u00f5es da Diretoria Acad\u00eamica APNPs 04\/2021<\/a><\/li><li><a href=\"https:\/\/www.ifbaiano.edu.br\/unidades\/xique-xique\/files\/2021\/05\/Orientacao-05_2021-Direcao-Academica.pdf\">Orienta\u00e7\u00f5es da Diretoria Acad\u00eamica APNPs 05\/2021<\/a><\/li><li><a href=\"https:\/\/www.ifbaiano.edu.br\/unidades\/xique-xique\/files\/2021\/05\/Orientacao-06_2021.pdf\">Orienta\u00e7\u00f5es da Diretoria Acad\u00eamica APNPs 06\/2021<\/a><\/li><li><a href=\"https:\/\/www.ifbaiano.edu.br\/unidades\/xique-xique\/files\/2021\/07\/Deliberacao-5-2021-xiq-da-xiq-dg-ret-ifbaiano.pdf\">Orienta\u00e7\u00f5es da Diretoria Acad\u00eamica APNPs 07\/2021<\/a><\/li><li><a href=\"https:\/\/www.ifbaiano.edu.br\/unidades\/xique-xique\/files\/2021\/02\/Anexo-I.pdf\">Anexo I<\/a><\/li><li><a href=\"https:\/\/www.ifbaiano.edu.br\/unidades\/xique-xique\/files\/2021\/02\/Anexo-II.pdf\">Anexo II<\/a><\/li><\/ul>\n","protected":false},"excerpt":{"rendered":"<p>A diretoria acad\u00eamica do campus Xique-Xique, torna p\u00fablico, ap\u00f3s delibera\u00e7\u00e3o com a comunidade docente do Instituto, orienta\u00e7\u00f5es a cerca das entregas das atividades pedag\u00f3gicas n\u00e3o presencias impressas para os estudantes do campus. Orienta\u00e7\u00f5es da Diretoria Acad\u00eamica APNPs 01\/2021 Orienta\u00e7\u00f5es da Diretoria Acad\u00eamica APNPs 02\/2021 Orienta\u00e7\u00f5es da Diretoria Acad\u00eamica APNPs 03\/2021 Orienta\u00e7\u00f5es da Diretoria Acad\u00eamica APNPs [&hellip;]<\/p>\n","protected":false},"author":132,"featured_media":0,"parent":0,"menu_order":0,"comment_status":"closed","ping_status":"closed","template":"","meta":[],"_links":{"self":[{"href":"https:\/\/www.ifbaiano.edu.br\/unidades\/xique-xique\/wp-json\/wp\/v2\/pages\/3058"}],"collection":[{"href":"https:\/\/www.ifbaiano.edu.br\/unidades\/xique-xique\/wp-json\/wp\/v2\/pages"}],"about":[{"href":"https:\/\/www.ifbaiano.edu.br\/unidades\/xique-xique\/wp-json\/wp\/v2\/types\/page"}],"author":[{"embeddable":true,"href":"https:\/\/www.ifbaiano.edu.br\/unidades\/xique-xique\/wp-json\/wp\/v2\/users\/132"}],"replies":[{"embeddable":true,"href":"https:\/\/www.ifbaiano.edu.br\/unidades\/xique-xique\/wp-json\/wp\/v2\/comments?post=3058"}],"version-history":[{"count":7,"href":"https:\/\/www.ifbaiano.edu.br\/unidades\/xique-xique\/wp-json\/wp\/v2\/pages\/3058\/revisions"}],"predecessor-version":[{"id":3271,"href":"https:\/\/www.ifbaiano.edu.br\/unidades\/xique-xique\/wp-json\/wp\/v2\/pages\/3058\/revisions\/3271"}],"wp:attachment":[{"href":"https:\/\/www.ifbaiano.edu.br\/unidades\/xique-xique\/wp-json\/wp\/v2\/media?parent=3058"}],"curies":[{"name":"wp","href":"https:\/\/api.w.org\/{rel}","templated":true}]}}