{"id":385,"date":"2018-03-01T11:07:58","date_gmt":"2018-03-01T14:07:58","guid":{"rendered":"http:\/\/www.ifbaiano.edu.br\/unidades\/xique-xique\/?page_id=385"},"modified":"2021-07-08T16:22:53","modified_gmt":"2021-07-08T19:22:53","slug":"tecnico-em-agropecuaria","status":"publish","type":"page","link":"https:\/\/www.ifbaiano.edu.br\/unidades\/xique-xique\/cursos-tecnicos\/tecnico-em-agropecuaria\/","title":{"rendered":"T\u00e9cnico em Agropecu\u00e1ria &#8211; Subsequente"},"content":{"rendered":"<h3 align=\"left\">INFORMA\u00c7\u00d5ES SOBRE O CURSO<\/h3>\n<hr \/>\n<p align=\"left\"><strong>FORMA:<\/strong> Subsequente<\/p>\n<p align=\"left\"><strong>PERIODICIDADE DE OFERTA:<\/strong> Anual<\/p>\n<p align=\"left\"><strong>CARGA HOR\u00c1RIA:<\/strong> 1400 horas<\/p>\n<p align=\"left\"><strong>PER\u00cdODO:<\/strong> Matutino e\/ou Vespertino<\/p>\n<hr \/>\n<p align=\"left\"><strong>PERFIL DO EGRESSO<\/strong><\/p>\n<p align=\"justify\">O T\u00e9cnico em Agropecu\u00e1ria \u00e9 um profissional habilitado para atuar em qualquer etapa da cadeia produtiva agropecu\u00e1ria, seja no fornecimento de recursos produtivos \u2013 venda de insumos, venda de m\u00e1quinas e equipamentos, presta\u00e7\u00e3o de servi\u00e7os, cr\u00e9dito rural; na produ\u00e7\u00e3o agr\u00edcola\/zoot\u00e9cnica propriamente dita; bem como na comercializa\u00e7\u00e3o dos respectivos produtos. \u00c9 um agente de mudan\u00e7as no setor agropecu\u00e1rio e necessita apresentar uma postura pessoal e profissional que harmonize produ\u00e7\u00e3o e qualidade de vida. Suas a\u00e7\u00f5es devem se respaldar em valores morais e \u00e9ticos, de respeito ao meio ambiente e socialmente respons\u00e1veis.<\/p>\n<hr \/>\n<p align=\"left\"><strong>CAMPO DE ATUA\u00c7\u00c3O <\/strong><\/p>\n<p>&#8211; Propriedades rurais;<\/p>\n<p>&#8211; Empresas de nutri\u00e7\u00e3o animal;<\/p>\n<p>&#8211; Empresas comerciais;<\/p>\n<p>&#8211; Estabelecimentos agroindustriais;<\/p>\n<p>&#8211; Empresas de pesquisa, assist\u00eancia t\u00e9cnica e extens\u00e3o rural;<\/p>\n<p>&#8211; Parques e reservas naturais; e<\/p>\n<p>&#8211; Cooperativas agropecu\u00e1rias.<\/p>\n<hr \/>\n<p align=\"left\"><strong>COORDENADORA: <\/strong>Dr.\u00aa Elisa Souza Menendez<\/p>\n<p align=\"left\"><strong>E-MAIL:<\/strong> <a href=\"mailto:subsequente.agropecuaria@xique-xique.ifbaiano.edu.br\"><span lang=\"zxx\">subsequente.agropecuaria@xique-xique.ifbaiano.edu.br<\/span><\/a><\/p>\n<p align=\"left\"><strong>MATRIZ CURRICULAR DO CURSO:<\/strong>\u00a0<a href=\"https:\/\/www.ifbaiano.edu.br\/unidades\/xique-xique\/files\/2020\/06\/Matriz-Curricular-tec-agropec-subseq.pdf\" target=\"_blank\" rel=\"noopener noreferrer\">Acesse aqui.<\/a><\/p>\n<hr \/>\n<p align=\"left\"><strong>CORPO DOCENTE<\/strong><\/p>\n<p align=\"justify\">1. Dr. Djalma Moreira Santana Filho<\/p>\n<p align=\"justify\">E-mail: djalma.filho@ifbaiano.edu.br<\/p>\n<p align=\"justify\"><a href=\"http:\/\/lattes.cnpq.br\/5740532819871527\" target=\"_blank\" rel=\"noopener noreferrer\">Curr\u00edculo Lattes<\/a><\/p>\n<p align=\"justify\">2. Ma. Emile Suze da Paz Santos<\/p>\n<p align=\"justify\">E-mail: emile.santos@ifbaiano.edu.br<\/p>\n<p align=\"justify\"><a href=\"http:\/\/lattes.cnpq.br\/8714952776600910\" target=\"_blank\" rel=\"noopener noreferrer\">Curr\u00edculo Lattes<\/a><\/p>\n<p align=\"justify\">3.\u00a0Dr. Marcos Paulo Leite da Silva<\/p>\n<p align=\"justify\">E-mail: marcos.leite@ifbaiano.edu.br<\/p>\n<p align=\"justify\"><a href=\"http:\/\/lattes.cnpq.br\/7318038141508951\" target=\"_blank\" rel=\"noopener noreferrer\">Curr\u00edculo Lattes<\/a><\/p>\n<hr \/>\n<p><strong>PPC &#8211; Projeto pedag\u00f3gico do curso t\u00e9cnico em agropecu\u00e1ria subsequente:<\/strong> <a href=\"https:\/\/www.ifbaiano.edu.br\/unidades\/xique-xique\/files\/2020\/10\/PPC-agropecu\u00e1ria-subsequente-alterado.pdf\">Acesse aqui.<\/a><\/p>\n<hr \/>\n<p><strong>SITES IMPORTANTES<\/strong><\/p>\n<p align=\"justify\">&#8211; Minist\u00e9rio da Educa\u00e7\u00e3o e Cultura &#8211; <a href=\"https:\/\/www.mec.gov.br\/\" target=\"_blank\" rel=\"noopener noreferrer\">https:\/\/www.mec.gov.br\/<\/a><\/p>\n<p align=\"justify\">&#8211; S\u00e9c. Esp. da Agricultura Familiar e Desen. Agr\u00e1rio &#8211; <a href=\"http:\/\/www.mda.gov.br\/\" target=\"_blank\" rel=\"noopener noreferrer\">http:\/\/www.mda.gov.br\/<\/a><\/p>\n<p align=\"justify\">&#8211; Minist\u00e9rio da Agri. Pec. e Abastecimento &#8211; <a href=\"http:\/\/www.agricultura.gov.br\/\">http:\/\/www.agricultura.gov.br\/<\/a><\/p>\n<p align=\"justify\">&#8211; Empresa Brasileira de Pesquisa Agropecu\u00e1ria &#8211; <a href=\"https:\/\/www.embrapa.br\/\" target=\"_blank\" rel=\"noopener noreferrer\">https:\/\/www.embrapa.br\/<\/a><\/p>\n<p align=\"justify\">&#8211; Comiss\u00e3o Executiva do Plano da Lavoura Cacaueira &#8211; <a href=\"http:\/\/www.ceplacpa.gov.br\/site\/\">http:\/\/www.ceplacpa.gov.br\/site\/<\/a><\/p>\n<p align=\"justify\">&#8211; S\u00e9c. De Desen. Rural da Bahia &#8211; <a href=\"http:\/\/www.sdr.ba.gov.br\/\" target=\"_blank\" rel=\"noopener noreferrer\">http:\/\/www.sdr.ba.gov.br\/<\/a><\/p>\n<p align=\"justify\">&#8211; Secretaria de Agricultura, Pecu\u00e1ria, Irriga\u00e7\u00e3o e Aquicultura da Bahia &#8211; <a href=\"http:\/\/www.seagri.ba.gov.br\/\" target=\"_blank\" rel=\"noopener noreferrer\">http:\/\/www.seagri.ba.gov.br\/<\/a><\/p>\n<p align=\"justify\">\u2013 Minist\u00e9rio do Meio Ambiente \u2013\u00a0<a href=\"http:\/\/www.mma.gov.br\/\">http:\/\/www.mma.gov.br\/<\/a><\/p>\n<p align=\"justify\">\u2013\u00a0Instituto Brasileiro do Meio Ambiente\u00a0e dos Recursos Naturais\u00a0Renov\u00e1veis \u2013\u00a0<a href=\"http:\/\/www.ibama.gov.br\/\">http:\/\/www.ibama.gov.br\/<\/a><\/p>\n<p align=\"justify\">\u2013 Secretaria do Meio Ambiente do Estado da Bahia \u2013\u00a0<a href=\"http:\/\/www.meioambiente.ba.gov.br\/\">http:\/\/www.meioambiente.ba.gov.br\/<\/a><\/p>\n<p align=\"justify\">\u2013\u00a0Instituto o Meio Ambiente-BA\u00a0\u2013\u00a0<a href=\"http:\/\/www.inema.ba.gov.br\/\">http:\/\/www.inema.ba.gov.br\/<\/a><\/p>\n<hr \/>\n<p><strong>FONTE:<\/strong> Coordena\u00e7\u00e3o do curso e Dire\u00e7\u00e3o acad\u00eamica.<\/p>\n","protected":false},"excerpt":{"rendered":"<p>INFORMA\u00c7\u00d5ES SOBRE O CURSO FORMA: Subsequente PERIODICIDADE DE OFERTA: Anual CARGA HOR\u00c1RIA: 1400 horas PER\u00cdODO: Matutino e\/ou Vespertino PERFIL DO EGRESSO O T\u00e9cnico em Agropecu\u00e1ria \u00e9 um profissional habilitado para atuar em qualquer etapa da cadeia produtiva agropecu\u00e1ria, seja no fornecimento de recursos produtivos \u2013 venda de insumos, venda de m\u00e1quinas e equipamentos, presta\u00e7\u00e3o de [&hellip;]<\/p>\n","protected":false},"author":89,"featured_media":0,"parent":454,"menu_order":0,"comment_status":"closed","ping_status":"closed","template":"","meta":[],"_links":{"self":[{"href":"https:\/\/www.ifbaiano.edu.br\/unidades\/xique-xique\/wp-json\/wp\/v2\/pages\/385"}],"collection":[{"href":"https:\/\/www.ifbaiano.edu.br\/unidades\/xique-xique\/wp-json\/wp\/v2\/pages"}],"about":[{"href":"https:\/\/www.ifbaiano.edu.br\/unidades\/xique-xique\/wp-json\/wp\/v2\/types\/page"}],"author":[{"embeddable":true,"href":"https:\/\/www.ifbaiano.edu.br\/unidades\/xique-xique\/wp-json\/wp\/v2\/users\/89"}],"replies":[{"embeddable":true,"href":"https:\/\/www.ifbaiano.edu.br\/unidades\/xique-xique\/wp-json\/wp\/v2\/comments?post=385"}],"version-history":[{"count":72,"href":"https:\/\/www.ifbaiano.edu.br\/unidades\/xique-xique\/wp-json\/wp\/v2\/pages\/385\/revisions"}],"predecessor-version":[{"id":3275,"href":"https:\/\/www.ifbaiano.edu.br\/unidades\/xique-xique\/wp-json\/wp\/v2\/pages\/385\/revisions\/3275"}],"up":[{"embeddable":true,"href":"https:\/\/www.ifbaiano.edu.br\/unidades\/xique-xique\/wp-json\/wp\/v2\/pages\/454"}],"wp:attachment":[{"href":"https:\/\/www.ifbaiano.edu.br\/unidades\/xique-xique\/wp-json\/wp\/v2\/media?parent=385"}],"curies":[{"name":"wp","href":"https:\/\/api.w.org\/{rel}","templated":true}]}}