{"id":439,"date":"2018-03-01T11:26:53","date_gmt":"2018-03-01T14:26:53","guid":{"rendered":"http:\/\/www.ifbaiano.edu.br\/unidades\/xique-xique\/?page_id=439"},"modified":"2025-04-10T15:18:14","modified_gmt":"2025-04-10T18:18:14","slug":"tecnico-em-meio-ambiente","status":"publish","type":"page","link":"https:\/\/www.ifbaiano.edu.br\/unidades\/xique-xique\/cursos-tecnicos\/tecnico-em-meio-ambiente\/","title":{"rendered":"T\u00e9cnico em Meio Ambiente &#8211; Subsequente"},"content":{"rendered":"\n<div class=\"wp-block-pb-accordion-item c-accordion__item js-accordion-item no-js is-open\" data-initially-open=\"true\" data-click-to-close=\"true\" data-auto-close=\"true\" data-scroll=\"false\" data-scroll-offset=\"0\"><h4 id=\"at-4390\" class=\"c-accordion__title js-accordion-controller\" role=\"button\">INFORMA\u00c7\u00d5ES SOBRE O CURSO<\/h4><div id=\"ac-4390\" class=\"c-accordion__content\">\n<figure class=\"wp-block-table is-style-stripes\"><table><tbody><tr><td><strong>FORMA:<\/strong><\/td><td>Subsequente<\/td><\/tr><tr><td><strong>PERIODICIDADE DE OFERTA:<\/strong><\/td><td>Semestral<\/td><\/tr><tr><td><strong>CARGA HOR\u00c1RIA:<\/strong><\/td><td>1400 horas<\/td><\/tr><tr><td><strong>PER\u00cdODO:<\/strong><\/td><td>Matutino ou Vespertino<\/td><\/tr><\/tbody><\/table><\/figure>\n<\/div><\/div>\n\n\n<p align=\"left\"><strong>PERFIL DO EGRESSO<\/strong><\/p>\n<p align=\"justify\">O T\u00e9cnico em Meio Ambiente, formado pelo Instituto Federal de Educa\u00e7\u00e3o, Ci\u00eancia e Tecnologia Baiano, <em>Campus<\/em> Xique-Xique est\u00e1 capacitado a atuar na \u00e1rea de Educa\u00e7\u00e3o e Gest\u00e3o Ambiental, com foco na melhoria da qualidade de vida da popula\u00e7\u00e3o e amplia\u00e7\u00e3o da percep\u00e7\u00e3o sobre a import\u00e2ncia da preserva\u00e7\u00e3o ambiental. O curso dever\u00e1 capacitar o egresso para o entendimento da complexidade dos sistemas naturais, atuando na avalia\u00e7\u00e3o e no controle dos fatores que causam impacto nos ciclos de mat\u00e9ria e energia, diminuindo os efeitos causados na natureza (solo, \u00e1gua e ar), e aten\u00e7\u00e3o \u00e0 sa\u00fade.<\/p>\n<hr \/>\n<p><strong>CAMPO DE ATUA\u00c7\u00c3O <\/strong><\/p>\n<div>\n<ul>\n<li><span style=\"color: initial\">\u00a0Empresas do setor privado do tipo ind\u00fastria e com\u00e9rcio;<\/span><\/li>\n<li>\u00a0Consultoria ambiental;<\/li>\n<li>Empresas de gest\u00e3o de res\u00edduos hospitalares;<\/li>\n<li>\u00d3rg\u00e3os de fiscaliza\u00e7\u00e3o ambiental (municipal, estadual e federal), de gest\u00e3o de recursos h\u00eddricos e do executivo;<\/li>\n<li><span style=\"font-size: revert;color: initial\">Empresas p\u00fablicas e privadas de saneamento b\u00e1sico (abastecimento de \u00e1gua, esgotamento sanit\u00e1rio, manejo de res\u00edduos s\u00f3lidos e de drenagem de \u00e1guas pluviais);<\/span><\/li>\n<li>\n<div><span style=\"font-size: revert;color: initial\">\u00a0Associa\u00e7\u00f5es e cooperativas;<\/span><\/div>\n<\/li>\n<li>\n<div>\u00a0Ag\u00eancias reguladoras e de bacia hidrogr\u00e1fica;<\/div>\n<\/li>\n<li>\n<div>\u00a0Empresas de pesquisa, assist\u00eancia t\u00e9cnica e extens\u00e3o rural;<\/div>\n<\/li>\n<li>\n<div>\u00a0Parques e reservas naturais; e<\/div>\n<\/li>\n<li>\n<div>\u00a0Organiza\u00e7\u00f5es N\u00e3o Governamentais e de terceiro setor.<\/div>\n<\/li>\n<\/ul>\n<\/div>\n<hr \/>\n<p><strong>COORDENADORA: <a href=\"https:\/\/sites.google.com\/view\/prof-rafaella-baracho\/\">Dra. Rafaella Oliveira Baracho<\/a><\/strong><\/p>\n<hr \/>\n<p><strong>E-MAIL:<\/strong> <a href=\"mailto:subsequente.ambiente@xique-xique.ifbaiano.edu.br\"><span lang=\"zxx\">subsequente.ambiente@xique-xique.ifbaiano.edu.br<\/span><\/a><\/p>\n<hr \/>\n<p><strong>DOCUMENTOS E MATERIAIS DE APOIO<\/strong><\/p>\n<hr \/>\n<ul>\n<li><strong><a href=\"https:\/\/www.ifbaiano.edu.br\/unidades\/xique-xique\/files\/2020\/08\/Matriz-curricular-meio-ambiente-subsequente-alteradaPPC_MeioaAmbienteAlterado.pdf\">Matriz Curricular<\/a><\/strong><\/li>\n<li><strong><a href=\"https:\/\/www.ifbaiano.edu.br\/unidades\/xique-xique\/files\/2020\/08\/PPC_MeioaAmbienteAlterado.pdf\">PPC \u2013 Projeto pedag\u00f3gico do curso t\u00e9cnico em meio ambiente subsequente.<\/a><\/strong><\/li>\n<li><a href=\"https:\/\/docs.google.com\/spreadsheets\/d\/1vyvuw6V9iugttgiYP3lWyXkyxwqx01JjbqD2t3JgFCE\/edit?gid=0#gid=0\"><strong>Hor\u00e1rio do semestre<\/strong><\/a><\/li>\n<li><strong><a href=\"https:\/\/www.ifbaiano.edu.br\/unidades\/xique-xique\/files\/2025\/02\/Como-solicitar-o-aproveitamento-disciplinas-ja-cursadas.pdf\">Como solicitar reaproveitamento de disciplinas<\/a><\/strong><\/li>\n<li><strong><a href=\"https:\/\/www.ifbaiano.edu.br\/unidades\/xique-xique\/files\/2025\/02\/Como-solicitar-o-aproveitamento-de-carga-horaria_subsequente.pdf\">Como solicitar aproveitamento de carga hor\u00e1ria para est\u00e1gio<\/a><\/strong><\/li>\n<li><a href=\"https:\/\/www.ifbaiano.edu.br\/unidades\/xique-xique\/files\/2025\/03\/Calendario-Academico-2024-e-2025-2.pdf\"><strong>Calend\u00e1rio Acad\u00eamico<\/strong><\/a><\/li>\n<li><strong><a href=\"https:\/\/www.ifbaiano.edu.br\/unidades\/xique-xique\/files\/2025\/03\/Transporte.pdf\">Hor\u00e1rio dos \u00f4nibus<\/a><\/strong><\/li>\n<\/ul>\n<hr \/>\n<p><strong>CORPO DOCENTE<\/strong><\/p>\n<p>1. Dra. Ingrid Moreno Mamedes<\/p>\n<p>E-mail: <a href=\"mailto:ingrid.mamedes@ifbaiano.edu.br\" target=\"_blank\" rel=\"nofollow noopener noreferrer\">ingrid.mamedes@ifbaiano.edu.br<\/a><\/p>\n<p align=\"justify\"><a href=\"http:\/\/lattes.cnpq.br\/0492321976245330\">Curr\u00edculo Lattes<\/a><\/p>\n<p align=\"justify\">2. \u00a0Me.\u00a0\u00a0Sergio Bernardes Sa Teles<\/p>\n<p align=\"justify\">E-mail: <a href=\"mailto:sergio.teles@ifbaiano.edu.br\" target=\"_blank\" rel=\"nofollow noopener noreferrer\">sergio.teles@ifbaiano.edu.br<\/a><\/p>\n<p align=\"justify\"><a href=\"http:\/\/lattes.cnpq.br\/1962702000811010\">Curr\u00edculo Lattes<\/a><\/p>\n<p align=\"justify\">3. Dr. Ricardo Ferreira Machado<\/p>\n<p align=\"justify\">E-mail: <a href=\"mailto:ricardo.machado@ifbaiano.edu.br\">ricardo.machado@ifbaiano.edu.br<\/a><\/p>\n<p align=\"justify\">Curr\u00edculo Lattes<\/p>\n<p align=\"justify\">4. Dra. Thaise Karla Ribeiro Dias<\/p>\n<p align=\"justify\">E-mail: <a href=\"mailto:thaise.dias@ifbaiano.edu.br\">thaise.dias@ifbaiano.edu.br<\/a><\/p>\n<p align=\"justify\">Curr\u00edculo Lattes<\/p>\n<p align=\"justify\">5. Dr. Marcos Paulo Leite da Silva<\/p>\n<p align=\"justify\">E-mail: <a href=\"mailto:marcos.leite@ifbaiano.edu.br\">marcos.leite@ifbaiano.edu.br<\/a><\/p>\n<p align=\"justify\">Curr\u00edculo Lattes<\/p>\n<p align=\"justify\">6. Dra. <span style=\"font-size: medium\">Rafaella Oliveira Baracho<\/span><\/p>\n<p align=\"justify\">E-mail: <a href=\"mailto:rafaella.baracho@ifbaiano.edu.br\">rafaella.baracho@ifbaiano.edu.br<\/a><\/p>\n<p align=\"justify\"><a href=\"http:\/\/lattes.cnpq.br\/1379366255871029\" target=\"_blank\" rel=\"noopener noreferrer\">Curr\u00edculo Lattes<\/a><\/p>\n<p align=\"justify\">7. Dra. <span style=\"font-size: medium\">Roberta Machado Santos<\/span><\/p>\n<p align=\"justify\">E-mail: <a href=\"mailto:roberta.santos@ifbaiano.edu.br\">roberta.santos@ifbaiano.edu.br<\/a><\/p>\n<p align=\"justify\"><a href=\"http:\/\/lattes.cnpq.br\/3204126814485156\" target=\"_blank\" rel=\"noopener noreferrer\">Curr\u00edculo Lattes<\/a><\/p>\n<p align=\"justify\">8. Me. <span style=\"font-size: medium\">S\u00f3stenes Souza de Oliveira<\/span><\/p>\n<p align=\"justify\">E-mail: <a href=\"mailto:sostenes.oliveira@ifbaiano.edu.br\">sostenes.oliveira@ifbaiano.edu.br<\/a><\/p>\n<p align=\"justify\"><a href=\"http:\/\/lattes.cnpq.br\/0610925142716828\" target=\"_blank\" rel=\"noopener noreferrer\">Curr\u00edculo Lattes<\/a><\/p>\n<p align=\"justify\">9. Dra. <span style=\"font-size: medium\">Shauane Itainhara Freire Nunes<\/span><\/p>\n<p align=\"justify\">E-mail: shauane.nunes@ifbaiano.edu.br<\/p>\n<p align=\"justify\"><a href=\"http:\/\/lattes.cnpq.br\/3310236719631517\" target=\"_blank\" rel=\"noopener noreferrer\">Curr\u00edculo Lattes<\/a><\/p>\n<p align=\"justify\">10. \u00a0Dr.\u00a0Cezar Pardo Meo Pompeo de Camargo<\/p>\n<p align=\"justify\">E-mail: <a href=\"mailto:cezar.camargo@ifbaiano.edu.br\"><span id=\"OBJ_PREFIX_DWT271_ZmEmailObjectHandler\" class=\"Object\" role=\"link\"><span id=\"OBJ_PREFIX_DWT285_ZmEmailObjectHandler\" class=\"Object\" role=\"link\">cezar.camargo@ifbaiano.edu.br<\/span><\/span><\/a><\/p>\n<p align=\"justify\"><a href=\"http:\/\/lattes.cnpq.br\/3530670144512973\" target=\"_blank\" rel=\"noopener noreferrer\">Curr\u00edculo Lattes<\/a><\/p>\n<p align=\"justify\">11. Dr. Leonardo Palloni Accetti Resende<\/p>\n<p align=\"justify\">E-mail: <a href=\"mailto:leonardo.resende@ifbaiano.edu.br\">leonardo.resende@ifbaiano.edu.br<\/a><\/p>\n<p align=\"justify\">Curr\u00edculo Lattes<\/p>\n<p align=\"justify\">12. Everton Almeida Machado<\/p>\n<p align=\"justify\">E-mail: <a href=\"mailto:everton.machado@ifbaiano.edu.br\">everton.machado@ifbaiano.edu.br<\/a><\/p>\n<p align=\"justify\">Curr\u00edculo Lattes<\/p>\n<p align=\"justify\">13. Me. Vinicius Nelson Lago Silva<\/p>\n<p align=\"justify\">E-mail: <a href=\"mailto:vinicius.silva@ifbaiano.edu.br\">vinicius.silva@ifbaiano.edu.br<\/a><\/p>\n<p align=\"justify\"><a href=\"http:\/\/lattes.cnpq.br\/5261873115537785\">Curr\u00edculo Lattes<\/a><\/p>\n<p align=\"justify\">14.\u00a0Me\u00a0\u00a0Luiz Henrique da Silva\u00a0<\/p>\n<p align=\"justify\">E-mail: <a href=\"mailto:luiz.dasilva@ifbaiano.edu.br\">luiz.dasilva@ifbaiano.edu.br\u00a0<\/a><\/p>\n<hr \/>\n<p><strong>SITES IMPORTANTES<\/strong><\/p>\n<hr \/>\n<p align=\"justify\">&#8211; Minist\u00e9rio do Meio Ambiente &#8211; <a href=\"http:\/\/www.mma.gov.br\/\">http:\/\/www.mma.gov.br\/<\/a><\/p>\n<p align=\"justify\">&#8211; Instituto Brasileiro do Meio Ambiente e dos Recursos Naturais Renov\u00e1veis &#8211; <a href=\"http:\/\/www.ibama.gov.br\/\">http:\/\/www.ibama.gov.br\/<\/a><\/p>\n<p align=\"justify\">&#8211; Secretaria do Meio Ambiente do Estado da Bahia &#8211; <a href=\"http:\/\/www.meioambiente.ba.gov.br\/\">http:\/\/www.meioambiente.ba.gov.br\/<\/a><\/p>\n<p align=\"justify\">&#8211; Instituto do Meio Ambiente-BA &#8211; <a href=\"http:\/\/www.inema.ba.gov.br\/\">http:\/\/www.inema.ba.gov.br\/<\/a><\/p>\n<p align=\"justify\">&#8211; Minist\u00e9rio da Educa\u00e7\u00e3o e Cultura &#8211; <a href=\"https:\/\/www.mec.gov.br\/\">https:\/\/www.mec.gov.br\/<\/a><\/p>\n<p align=\"justify\">&#8211; S\u00e9c. Esp. da Agricultura Familiar e Desen. Agr\u00e1rio &#8211; <a href=\"http:\/\/www.mda.gov.br\/\">http:\/\/www.mda.gov.br\/<\/a><\/p>\n<p align=\"justify\">&#8211; Minist\u00e9rio da Agri. Pec. e Abastecimento &#8211; <a href=\"http:\/\/www.agricultura.gov.br\/\">http:\/\/www.agricultura.gov.br\/<\/a><\/p>\n<p align=\"justify\">&#8211; Empresa Brasileira de Pesquisa Agropecu\u00e1ria &#8211; <a href=\"https:\/\/www.embrapa.br\/\">https:\/\/www.embrapa.br\/<\/a><\/p>\n<p align=\"justify\">&#8211; Comiss\u00e3o Executiva do Plano da Lavoura Cacaueira &#8211; <a href=\"http:\/\/www.ceplacpa.gov.br\/site\/\">http:\/\/www.ceplacpa.gov.br\/site\/<\/a><\/p>\n<p align=\"justify\">&#8211; S\u00e9c. De Desen. Rural da Bahia &#8211; <a href=\"http:\/\/www.sdr.ba.gov.br\/\">http:\/\/www.sdr.ba.gov.br\/<\/a><\/p>\n<p align=\"justify\">&#8211; Secretaria de Agricultura, Pecu\u00e1ria, Irriga\u00e7\u00e3o e Aquicultura da Bahia &#8211; <a href=\"http:\/\/www.seagri.ba.gov.br\/\">http:\/\/www.seagri.ba.gov.br\/<\/a><\/p>\n<div>&#8211; Ag\u00eancia Nacional de \u00c1guas e Saneamento B\u00e1sico (ANA) &#8211; <span id=\"OBJ_PREFIX_DWT222_com_zimbra_url\" class=\"Object\" role=\"link\"><span id=\"OBJ_PREFIX_DWT232_com_zimbra_url\" class=\"Object\" role=\"link\"><a href=\"https:\/\/www.gov.br\/ana\/pt-br\" target=\"_blank\" rel=\"noopener\">https:\/\/www.gov.br\/ana\/pt-br<\/a><\/span><\/span><\/div>\n<div>\u00a0<\/div>\n<div>&#8211; Funda\u00e7\u00e3o Nacional de Sa\u00fade &#8211; <span id=\"OBJ_PREFIX_DWT223_com_zimbra_url\" class=\"Object\" role=\"link\"><span id=\"OBJ_PREFIX_DWT233_com_zimbra_url\" class=\"Object\" role=\"link\"><a href=\"http:\/\/www.funasa.gov.br\/\" target=\"_blank\" rel=\"noopener\">http:\/\/www.funasa.gov.br\/<\/a><\/span><\/span><\/div>\n<div>\u00a0<\/div>\n<div>&#8211; Minist\u00e9rio de Minas e Energia &#8211; <span id=\"OBJ_PREFIX_DWT224_com_zimbra_url\" class=\"Object\" role=\"link\"><span id=\"OBJ_PREFIX_DWT234_com_zimbra_url\" class=\"Object\" role=\"link\"><a href=\"https:\/\/www.gov.br\/mme\/pt-br\" target=\"_blank\" rel=\"noopener\">https:\/\/www.gov.br\/mme\/pt-br<\/a><\/span><\/span><\/div>\n<div>\u00a0<\/div>\n<div>&#8211; Secretaria Nacional de Saneamento &#8211; <span id=\"OBJ_PREFIX_DWT225_com_zimbra_url\" class=\"Object\" role=\"link\"><span id=\"OBJ_PREFIX_DWT235_com_zimbra_url\" class=\"Object\" role=\"link\"><a href=\"https:\/\/www.gov.br\/mdr\/pt-br\/composicao\/secretarias-nacionais\/saneamento\" target=\"_blank\" rel=\"noopener\">https:\/\/www.gov.br\/mdr\/pt-br\/composicao\/secretarias-nacionais\/saneamento<\/a><\/span><\/span><\/div>\n<div>\u00a0<\/div>\n<div>&#8211; Sistema Nacional de Informa\u00e7\u00f5es sobre a Gest\u00e3o dos Res\u00edduos S\u00f3lidos &#8211; <span id=\"OBJ_PREFIX_DWT226_com_zimbra_url\" class=\"Object\" role=\"link\"><span id=\"OBJ_PREFIX_DWT236_com_zimbra_url\" class=\"Object\" role=\"link\"><a href=\"https:\/\/sinir.gov.br\/\" target=\"_blank\" rel=\"noopener\">https:\/\/sinir.gov.br\/<\/a><\/span><\/span><\/div>\n<div>\u00a0<\/div>\n<div>&#8211; Sistema Nacional de Informa\u00e7\u00f5es sobre Saneamento &#8211; <span id=\"OBJ_PREFIX_DWT227_com_zimbra_url\" class=\"Object\" role=\"link\"><span id=\"OBJ_PREFIX_DWT237_com_zimbra_url\" class=\"Object\" role=\"link\"><a href=\"https:\/\/www.gov.br\/cidades\/pt-br\/acesso-a-informacao\/acoes-e-programas\/saneamento\/snis\" target=\"_blank\" rel=\"noopener\">https:\/\/www.gov.br\/cidades\/pt-br\/acesso-a-informacao\/acoes-e-programas\/saneamento\/snis<\/a><\/span><\/span><\/div>\n<div>\u00a0<\/div>\n<div>&#8211; Ag\u00eancia Nacional de Energia El\u00e9trica &#8211; <span id=\"OBJ_PREFIX_DWT228_com_zimbra_url\" class=\"Object\" role=\"link\"><span id=\"OBJ_PREFIX_DWT238_com_zimbra_url\" class=\"Object\" role=\"link\"><a href=\"https:\/\/www.gov.br\/aneel\/pt-br\" target=\"_blank\" rel=\"noopener\">https:\/\/www.gov.br\/aneel\/pt-br<\/a><\/span><\/span><\/div>\n<hr \/>\n<p><strong>FONTE:<\/strong> Coordena\u00e7\u00e3o do curso.<\/p>\n\n\n<hr class=\"wp-block-separator has-alpha-channel-opacity\" \/>\n\n\n\n<figure class=\"wp-block-gallery has-nested-images columns-default is-cropped wp-block-gallery-1 is-layout-flex\">\n<figure class=\"wp-block-image size-large\"><img decoding=\"async\" loading=\"lazy\" width=\"461\" height=\"1024\" data-id=\"6203\"  src=\"https:\/\/www.ifbaiano.edu.br\/unidades\/xique-xique\/files\/2025\/03\/3604-WhatsApp-Image-2025-03-07-at-11.38.05-1-461x1024.webp\" alt=\"\" class=\"wp-image-6203\" srcset=\"https:\/\/www.ifbaiano.edu.br\/unidades\/xique-xique\/files\/2025\/03\/3604-WhatsApp-Image-2025-03-07-at-11.38.05-1-461x1024.webp 461w, https:\/\/www.ifbaiano.edu.br\/unidades\/xique-xique\/files\/2025\/03\/3604-WhatsApp-Image-2025-03-07-at-11.38.05-1-135x300.webp 135w, https:\/\/www.ifbaiano.edu.br\/unidades\/xique-xique\/files\/2025\/03\/3604-WhatsApp-Image-2025-03-07-at-11.38.05-1-100x222.webp 100w, https:\/\/www.ifbaiano.edu.br\/unidades\/xique-xique\/files\/2025\/03\/3604-WhatsApp-Image-2025-03-07-at-11.38.05-1.webp 486w\" sizes=\"(max-width: 461px) 100vw, 461px\" \/><\/figure>\n\n\n\n<figure class=\"wp-block-image size-large\"><img decoding=\"async\" loading=\"lazy\" width=\"768\" height=\"1024\" data-id=\"6202\"  src=\"https:\/\/www.ifbaiano.edu.br\/unidades\/xique-xique\/files\/2025\/03\/3602-WhatsApp-Image-2025-03-07-at-11.38.04-768x1024.webp\" alt=\"\" class=\"wp-image-6202\" srcset=\"https:\/\/www.ifbaiano.edu.br\/unidades\/xique-xique\/files\/2025\/03\/3602-WhatsApp-Image-2025-03-07-at-11.38.04-768x1024.webp 768w, https:\/\/www.ifbaiano.edu.br\/unidades\/xique-xique\/files\/2025\/03\/3602-WhatsApp-Image-2025-03-07-at-11.38.04-225x300.webp 225w, https:\/\/www.ifbaiano.edu.br\/unidades\/xique-xique\/files\/2025\/03\/3602-WhatsApp-Image-2025-03-07-at-11.38.04-100x133.webp 100w, https:\/\/www.ifbaiano.edu.br\/unidades\/xique-xique\/files\/2025\/03\/3602-WhatsApp-Image-2025-03-07-at-11.38.04.webp 810w\" sizes=\"(max-width: 768px) 100vw, 768px\" \/><\/figure>\n\n\n\n<figure class=\"wp-block-image size-large\"><img decoding=\"async\" loading=\"lazy\" width=\"768\" height=\"1024\" data-id=\"6201\"  src=\"https:\/\/www.ifbaiano.edu.br\/unidades\/xique-xique\/files\/2025\/03\/3600-WhatsApp-Image-2025-03-07-at-11.40.17-768x1024.webp\" alt=\"\" class=\"wp-image-6201\" srcset=\"https:\/\/www.ifbaiano.edu.br\/unidades\/xique-xique\/files\/2025\/03\/3600-WhatsApp-Image-2025-03-07-at-11.40.17-768x1024.webp 768w, https:\/\/www.ifbaiano.edu.br\/unidades\/xique-xique\/files\/2025\/03\/3600-WhatsApp-Image-2025-03-07-at-11.40.17-225x300.webp 225w, https:\/\/www.ifbaiano.edu.br\/unidades\/xique-xique\/files\/2025\/03\/3600-WhatsApp-Image-2025-03-07-at-11.40.17-100x133.webp 100w, https:\/\/www.ifbaiano.edu.br\/unidades\/xique-xique\/files\/2025\/03\/3600-WhatsApp-Image-2025-03-07-at-11.40.17.webp 810w\" sizes=\"(max-width: 768px) 100vw, 768px\" \/><\/figure>\n\n\n\n<figure class=\"wp-block-image size-large\"><img decoding=\"async\" loading=\"lazy\" width=\"1024\" height=\"768\" data-id=\"6200\"  src=\"https:\/\/www.ifbaiano.edu.br\/unidades\/xique-xique\/files\/2025\/03\/3598-WhatsApp-Image-2025-03-07-at-11.40.16-1024x768.webp\" alt=\"\" class=\"wp-image-6200\" srcset=\"https:\/\/www.ifbaiano.edu.br\/unidades\/xique-xique\/files\/2025\/03\/3598-WhatsApp-Image-2025-03-07-at-11.40.16-1024x768.webp 1024w, https:\/\/www.ifbaiano.edu.br\/unidades\/xique-xique\/files\/2025\/03\/3598-WhatsApp-Image-2025-03-07-at-11.40.16-300x225.webp 300w, https:\/\/www.ifbaiano.edu.br\/unidades\/xique-xique\/files\/2025\/03\/3598-WhatsApp-Image-2025-03-07-at-11.40.16-768x576.webp 768w, https:\/\/www.ifbaiano.edu.br\/unidades\/xique-xique\/files\/2025\/03\/3598-WhatsApp-Image-2025-03-07-at-11.40.16-100x75.webp 100w, https:\/\/www.ifbaiano.edu.br\/unidades\/xique-xique\/files\/2025\/03\/3598-WhatsApp-Image-2025-03-07-at-11.40.16.webp 1440w\" sizes=\"(max-width: 1024px) 100vw, 1024px\" \/><\/figure>\n\n\n\n<figure class=\"wp-block-image size-large\"><img decoding=\"async\" loading=\"lazy\" width=\"768\" height=\"1024\" data-id=\"6199\"  src=\"https:\/\/www.ifbaiano.edu.br\/unidades\/xique-xique\/files\/2025\/03\/3596-WhatsApp-Image-2025-03-07-at-11.40.16-1-768x1024.webp\" alt=\"\" class=\"wp-image-6199\" srcset=\"https:\/\/www.ifbaiano.edu.br\/unidades\/xique-xique\/files\/2025\/03\/3596-WhatsApp-Image-2025-03-07-at-11.40.16-1-768x1024.webp 768w, https:\/\/www.ifbaiano.edu.br\/unidades\/xique-xique\/files\/2025\/03\/3596-WhatsApp-Image-2025-03-07-at-11.40.16-1-225x300.webp 225w, https:\/\/www.ifbaiano.edu.br\/unidades\/xique-xique\/files\/2025\/03\/3596-WhatsApp-Image-2025-03-07-at-11.40.16-1-100x133.webp 100w, https:\/\/www.ifbaiano.edu.br\/unidades\/xique-xique\/files\/2025\/03\/3596-WhatsApp-Image-2025-03-07-at-11.40.16-1.webp 810w\" sizes=\"(max-width: 768px) 100vw, 768px\" \/><\/figure>\n\n\n\n<figure class=\"wp-block-image size-large\"><img decoding=\"async\" loading=\"lazy\" width=\"1024\" height=\"766\" data-id=\"6198\"  src=\"https:\/\/www.ifbaiano.edu.br\/unidades\/xique-xique\/files\/2025\/03\/3595-WhatsApp-Image-2025-03-07-at-11.38.06-1024x766.webp\" alt=\"\" class=\"wp-image-6198\" srcset=\"https:\/\/www.ifbaiano.edu.br\/unidades\/xique-xique\/files\/2025\/03\/3595-WhatsApp-Image-2025-03-07-at-11.38.06-1024x766.webp 1024w, https:\/\/www.ifbaiano.edu.br\/unidades\/xique-xique\/files\/2025\/03\/3595-WhatsApp-Image-2025-03-07-at-11.38.06-300x224.webp 300w, https:\/\/www.ifbaiano.edu.br\/unidades\/xique-xique\/files\/2025\/03\/3595-WhatsApp-Image-2025-03-07-at-11.38.06-768x574.webp 768w, https:\/\/www.ifbaiano.edu.br\/unidades\/xique-xique\/files\/2025\/03\/3595-WhatsApp-Image-2025-03-07-at-11.38.06-100x75.webp 100w, https:\/\/www.ifbaiano.edu.br\/unidades\/xique-xique\/files\/2025\/03\/3595-WhatsApp-Image-2025-03-07-at-11.38.06.webp 1280w\" sizes=\"(max-width: 1024px) 100vw, 1024px\" \/><\/figure>\n\n\n\n<figure class=\"wp-block-image size-large\"><img decoding=\"async\" loading=\"lazy\" width=\"768\" height=\"1024\" data-id=\"6197\"  src=\"https:\/\/www.ifbaiano.edu.br\/unidades\/xique-xique\/files\/2025\/03\/3594-WhatsApp-Image-2025-03-07-at-11.38.06-2-768x1024.webp\" alt=\"\" class=\"wp-image-6197\" srcset=\"https:\/\/www.ifbaiano.edu.br\/unidades\/xique-xique\/files\/2025\/03\/3594-WhatsApp-Image-2025-03-07-at-11.38.06-2-768x1024.webp 768w, https:\/\/www.ifbaiano.edu.br\/unidades\/xique-xique\/files\/2025\/03\/3594-WhatsApp-Image-2025-03-07-at-11.38.06-2-225x300.webp 225w, https:\/\/www.ifbaiano.edu.br\/unidades\/xique-xique\/files\/2025\/03\/3594-WhatsApp-Image-2025-03-07-at-11.38.06-2-100x133.webp 100w, https:\/\/www.ifbaiano.edu.br\/unidades\/xique-xique\/files\/2025\/03\/3594-WhatsApp-Image-2025-03-07-at-11.38.06-2.webp 810w\" sizes=\"(max-width: 768px) 100vw, 768px\" \/><\/figure>\n\n\n\n<figure class=\"wp-block-image size-large\"><img decoding=\"async\" loading=\"lazy\" width=\"472\" height=\"1024\" data-id=\"6196\"  src=\"https:\/\/www.ifbaiano.edu.br\/unidades\/xique-xique\/files\/2025\/03\/3592-WhatsApp-Image-2025-03-07-at-11.38.06-1-472x1024.webp\" alt=\"\" class=\"wp-image-6196\" srcset=\"https:\/\/www.ifbaiano.edu.br\/unidades\/xique-xique\/files\/2025\/03\/3592-WhatsApp-Image-2025-03-07-at-11.38.06-1-472x1024.webp 472w, https:\/\/www.ifbaiano.edu.br\/unidades\/xique-xique\/files\/2025\/03\/3592-WhatsApp-Image-2025-03-07-at-11.38.06-1-138x300.webp 138w, https:\/\/www.ifbaiano.edu.br\/unidades\/xique-xique\/files\/2025\/03\/3592-WhatsApp-Image-2025-03-07-at-11.38.06-1-100x217.webp 100w, https:\/\/www.ifbaiano.edu.br\/unidades\/xique-xique\/files\/2025\/03\/3592-WhatsApp-Image-2025-03-07-at-11.38.06-1.webp 498w\" sizes=\"(max-width: 472px) 100vw, 472px\" \/><\/figure>\n\n\n\n<figure class=\"wp-block-image size-large\"><img decoding=\"async\" loading=\"lazy\" width=\"768\" height=\"1024\" data-id=\"6195\"  src=\"https:\/\/www.ifbaiano.edu.br\/unidades\/xique-xique\/files\/2025\/03\/3591-WhatsApp-Image-2025-03-07-at-11.38.05-768x1024.webp\" alt=\"\" class=\"wp-image-6195\" srcset=\"https:\/\/www.ifbaiano.edu.br\/unidades\/xique-xique\/files\/2025\/03\/3591-WhatsApp-Image-2025-03-07-at-11.38.05-768x1024.webp 768w, https:\/\/www.ifbaiano.edu.br\/unidades\/xique-xique\/files\/2025\/03\/3591-WhatsApp-Image-2025-03-07-at-11.38.05-225x300.webp 225w, https:\/\/www.ifbaiano.edu.br\/unidades\/xique-xique\/files\/2025\/03\/3591-WhatsApp-Image-2025-03-07-at-11.38.05-100x133.webp 100w, https:\/\/www.ifbaiano.edu.br\/unidades\/xique-xique\/files\/2025\/03\/3591-WhatsApp-Image-2025-03-07-at-11.38.05.webp 810w\" sizes=\"(max-width: 768px) 100vw, 768px\" \/><\/figure>\n<\/figure>\n","protected":false},"excerpt":{"rendered":"<p>PERFIL DO EGRESSO O T\u00e9cnico em Meio Ambiente, formado pelo Instituto Federal de Educa\u00e7\u00e3o, Ci\u00eancia e Tecnologia Baiano, Campus Xique-Xique est\u00e1 capacitado a atuar na \u00e1rea de Educa\u00e7\u00e3o e Gest\u00e3o Ambiental, com foco na melhoria da qualidade de vida da popula\u00e7\u00e3o e amplia\u00e7\u00e3o da percep\u00e7\u00e3o sobre a import\u00e2ncia da preserva\u00e7\u00e3o ambiental. O curso dever\u00e1 capacitar [&hellip;]<\/p>\n","protected":false},"author":89,"featured_media":0,"parent":454,"menu_order":0,"comment_status":"closed","ping_status":"closed","template":"","meta":[],"_links":{"self":[{"href":"https:\/\/www.ifbaiano.edu.br\/unidades\/xique-xique\/wp-json\/wp\/v2\/pages\/439"}],"collection":[{"href":"https:\/\/www.ifbaiano.edu.br\/unidades\/xique-xique\/wp-json\/wp\/v2\/pages"}],"about":[{"href":"https:\/\/www.ifbaiano.edu.br\/unidades\/xique-xique\/wp-json\/wp\/v2\/types\/page"}],"author":[{"embeddable":true,"href":"https:\/\/www.ifbaiano.edu.br\/unidades\/xique-xique\/wp-json\/wp\/v2\/users\/89"}],"replies":[{"embeddable":true,"href":"https:\/\/www.ifbaiano.edu.br\/unidades\/xique-xique\/wp-json\/wp\/v2\/comments?post=439"}],"version-history":[{"count":63,"href":"https:\/\/www.ifbaiano.edu.br\/unidades\/xique-xique\/wp-json\/wp\/v2\/pages\/439\/revisions"}],"predecessor-version":[{"id":6399,"href":"https:\/\/www.ifbaiano.edu.br\/unidades\/xique-xique\/wp-json\/wp\/v2\/pages\/439\/revisions\/6399"}],"up":[{"embeddable":true,"href":"https:\/\/www.ifbaiano.edu.br\/unidades\/xique-xique\/wp-json\/wp\/v2\/pages\/454"}],"wp:attachment":[{"href":"https:\/\/www.ifbaiano.edu.br\/unidades\/xique-xique\/wp-json\/wp\/v2\/media?parent=439"}],"curies":[{"name":"wp","href":"https:\/\/api.w.org\/{rel}","templated":true}]}}