{"id":454,"date":"2018-02-27T11:39:00","date_gmt":"2018-02-27T14:39:00","guid":{"rendered":"http:\/\/www.ifbaiano.edu.br\/unidades\/xique-xique\/?page_id=454"},"modified":"2020-12-22T08:47:00","modified_gmt":"2020-12-22T11:47:00","slug":"cursos-tecnicos","status":"publish","type":"page","link":"https:\/\/www.ifbaiano.edu.br\/unidades\/xique-xique\/cursos-tecnicos\/","title":{"rendered":"Cursos T\u00e9cnicos"},"content":{"rendered":"<hr \/>\n<p style=\"text-align: justify\" align=\"justify\">S\u00e3o cursos de ensino profissional, orientados para a r\u00e1pida integra\u00e7\u00e3o do aluno no mercado de trabalho e destinam-se a pessoas que j\u00e1 terminaram o Ensino Fundamental ou o Ensino M\u00e9dio. No IF Baiano <em>Campus<\/em> Xique-Xique, s\u00e3o ofertados cursos t\u00e9cnicos na modalidade subsequente para os alunos que j\u00e1 conclu\u00edram o Ensino M\u00e9dio. A sele\u00e7\u00e3o \u00e9 por meio das notas\u00a0do ensino m\u00e9dio em Portugu\u00eas e Matem\u00e1tica e a dura\u00e7\u00e3o m\u00e9dia dos cursos \u00e9 de uma ano e meio.<\/p>\n<hr \/>\n<h2 style=\"text-align: justify\" align=\"justify\"><span style=\"color: #008000\"><a href=\"https:\/\/www.ifbaiano.edu.br\/unidades\/xique-xique\/tecnico-em-agropecuaria-integrado\/\">T\u00c9CNICO EM AGROPECU\u00c1RIA<\/a> &#8211; Integrado<\/span><\/h2>\n<hr \/>\n<h2 style=\"text-align: justify\" align=\"justify\"><span style=\"color: #008000\"><a href=\"https:\/\/www.ifbaiano.edu.br\/unidades\/xique-xique\/tecnico-em-meio-ambiente-integrado\/\">T\u00c9CNICO EM MEIO AMBIENTE<\/a> &#8211; Integrado<\/span><\/h2>\n<hr \/>\n<h2 style=\"text-align: justify\" align=\"justify\"><span style=\"color: #008000\"><a href=\"http:\/\/www.ifbaiano.edu.br\/unidades\/xique-xique\/?page_id=385&amp;preview=true\">T\u00c9CNICO EM AGROPECU\u00c1RIA<\/a> &#8211; Subsequente\u00a0 \u00a0 \u00a0 \u00a0 \u00a0 \u00a0 \u00a0 \u00a0 \u00a0 \u00a0 \u00a0 \u00a0 \u00a0 \u00a0 \u00a0 \u00a0 \u00a0<\/span><\/h2>\n<hr \/>\n<h2 style=\"text-align: justify\" align=\"justify\"><a href=\"http:\/\/www.ifbaiano.edu.br\/unidades\/xique-xique\/?page_id=439&amp;preview=true\">T\u00c9CNICO EM MEIO AMBIENTE<\/a> <span style=\"color: #008000\">&#8211; Subsequente\u00a0 \u00a0 \u00a0 \u00a0 \u00a0 \u00a0 \u00a0 <\/span><\/h2>\n<hr \/>\n<h2 style=\"text-align: justify\" align=\"justify\"><\/h2>\n","protected":false},"excerpt":{"rendered":"<p>S\u00e3o cursos de ensino profissional, orientados para a r\u00e1pida integra\u00e7\u00e3o do aluno no mercado de trabalho e destinam-se a pessoas que j\u00e1 terminaram o Ensino Fundamental ou o Ensino M\u00e9dio. No IF Baiano Campus Xique-Xique, s\u00e3o ofertados cursos t\u00e9cnicos na modalidade subsequente para os alunos que j\u00e1 conclu\u00edram o Ensino M\u00e9dio. A sele\u00e7\u00e3o \u00e9 por [&hellip;]<\/p>\n","protected":false},"author":89,"featured_media":0,"parent":0,"menu_order":0,"comment_status":"closed","ping_status":"closed","template":"","meta":[],"_links":{"self":[{"href":"https:\/\/www.ifbaiano.edu.br\/unidades\/xique-xique\/wp-json\/wp\/v2\/pages\/454"}],"collection":[{"href":"https:\/\/www.ifbaiano.edu.br\/unidades\/xique-xique\/wp-json\/wp\/v2\/pages"}],"about":[{"href":"https:\/\/www.ifbaiano.edu.br\/unidades\/xique-xique\/wp-json\/wp\/v2\/types\/page"}],"author":[{"embeddable":true,"href":"https:\/\/www.ifbaiano.edu.br\/unidades\/xique-xique\/wp-json\/wp\/v2\/users\/89"}],"replies":[{"embeddable":true,"href":"https:\/\/www.ifbaiano.edu.br\/unidades\/xique-xique\/wp-json\/wp\/v2\/comments?post=454"}],"version-history":[{"count":26,"href":"https:\/\/www.ifbaiano.edu.br\/unidades\/xique-xique\/wp-json\/wp\/v2\/pages\/454\/revisions"}],"predecessor-version":[{"id":2880,"href":"https:\/\/www.ifbaiano.edu.br\/unidades\/xique-xique\/wp-json\/wp\/v2\/pages\/454\/revisions\/2880"}],"wp:attachment":[{"href":"https:\/\/www.ifbaiano.edu.br\/unidades\/xique-xique\/wp-json\/wp\/v2\/media?parent=454"}],"curies":[{"name":"wp","href":"https:\/\/api.w.org\/{rel}","templated":true}]}}