{"id":47,"date":"2017-02-08T17:31:54","date_gmt":"2017-02-08T19:31:54","guid":{"rendered":"http:\/\/www.ifbaiano.edu.br\/unidades\/xique-xique\/?page_id=47"},"modified":"2025-01-16T15:48:33","modified_gmt":"2025-01-16T18:48:33","slug":"campus-xique-xique","status":"publish","type":"page","link":"https:\/\/www.ifbaiano.edu.br\/unidades\/xique-xique\/campus-xique-xique\/","title":{"rendered":"Sobre"},"content":{"rendered":"<p style=\"text-align: justify\">O Instituto Federal Baiano &#8211; <em>Campus<\/em> Xique-Xique faz parte do Plano de Expans\u00e3o da Rede Federal de Educa\u00e7\u00e3o Profissional, Cient\u00edfica e Tecnol\u00f3gica. Em 9 de maio de 2016, seu funcionamento foi autorizado atrav\u00e9s da Portaria n\u00ba 378 do Minist\u00e9rio da Educa\u00e7\u00e3o (MEC).<\/p>\n<p class=\"western\" style=\"text-align: justify\">A unidade est\u00e1 localizada no munic\u00edpio de Xique-Xique, a uma dist\u00e2ncia de 641 km da capital do estado e pertencente ao Territ\u00f3rio de Identidade Irec\u00ea. A implanta\u00e7\u00e3o do <em>campus<\/em> na regi\u00e3o busca atender demandas locais voltadas para a produ\u00e7\u00e3o agr\u00edcola, onde predominam as culturas tempor\u00e1rias, com destaque para o feij\u00e3o, milho e mamona.<\/p>\n<p class=\"western\" style=\"text-align: justify\">Em processo de estrutura\u00e7\u00e3o, a unidade oferta, atualmente, cursos t\u00e9cnicos e de\u00a0qualifica\u00e7\u00e3o profissional do eixo Recursos Naturais, compreendendo a ader\u00eancia \u00e0 realidade da regi\u00e3o, fortemente marcada por demandas que abrangem conhecimentos e tecnologias relacionados \u00e0 produ\u00e7\u00e3o animal, vegetal, aqu\u00edcola e pesqueira.<\/p>\n<p class=\"western\"><b>Localiza\u00e7\u00e3o\u00a0<\/b><br \/>\nRodovia BA 052, Km 458, s\/n, Zona Rural \u2013 Xique-Xique\/BA CEP: 47404-899<\/p>\n<p class=\"western\">\n","protected":false},"excerpt":{"rendered":"<p>O Instituto Federal Baiano &#8211; Campus Xique-Xique faz parte do Plano de Expans\u00e3o da Rede Federal de Educa\u00e7\u00e3o Profissional, Cient\u00edfica e Tecnol\u00f3gica. Em 9 de maio de 2016, seu funcionamento foi autorizado atrav\u00e9s da Portaria n\u00ba 378 do Minist\u00e9rio da Educa\u00e7\u00e3o (MEC). A unidade est\u00e1 localizada no munic\u00edpio de Xique-Xique, a uma dist\u00e2ncia de 641 [&hellip;]<\/p>\n","protected":false},"author":76,"featured_media":0,"parent":0,"menu_order":0,"comment_status":"closed","ping_status":"closed","template":"","meta":[],"_links":{"self":[{"href":"https:\/\/www.ifbaiano.edu.br\/unidades\/xique-xique\/wp-json\/wp\/v2\/pages\/47"}],"collection":[{"href":"https:\/\/www.ifbaiano.edu.br\/unidades\/xique-xique\/wp-json\/wp\/v2\/pages"}],"about":[{"href":"https:\/\/www.ifbaiano.edu.br\/unidades\/xique-xique\/wp-json\/wp\/v2\/types\/page"}],"author":[{"embeddable":true,"href":"https:\/\/www.ifbaiano.edu.br\/unidades\/xique-xique\/wp-json\/wp\/v2\/users\/76"}],"replies":[{"embeddable":true,"href":"https:\/\/www.ifbaiano.edu.br\/unidades\/xique-xique\/wp-json\/wp\/v2\/comments?post=47"}],"version-history":[{"count":10,"href":"https:\/\/www.ifbaiano.edu.br\/unidades\/xique-xique\/wp-json\/wp\/v2\/pages\/47\/revisions"}],"predecessor-version":[{"id":6100,"href":"https:\/\/www.ifbaiano.edu.br\/unidades\/xique-xique\/wp-json\/wp\/v2\/pages\/47\/revisions\/6100"}],"wp:attachment":[{"href":"https:\/\/www.ifbaiano.edu.br\/unidades\/xique-xique\/wp-json\/wp\/v2\/media?parent=47"}],"curies":[{"name":"wp","href":"https:\/\/api.w.org\/{rel}","templated":true}]}}