{"id":49,"date":"2017-02-08T17:32:18","date_gmt":"2017-02-08T19:32:18","guid":{"rendered":"http:\/\/www.ifbaiano.edu.br\/unidades\/xique-xique\/?page_id=49"},"modified":"2020-08-28T11:31:59","modified_gmt":"2020-08-28T14:31:59","slug":"cursos-fic","status":"publish","type":"page","link":"https:\/\/www.ifbaiano.edu.br\/unidades\/xique-xique\/cursos-fic\/","title":{"rendered":"Qualifica\u00e7\u00e3o Profissional"},"content":{"rendered":"\n<p><\/p>\n\n\n\n<div id=\"ProreitoriaTopoTitulo\">CURSOS DE FORMA\u00c7\u00c3O INICIAL E CONTINUADA (FIC) <\/div>\n\n\n\n<h3 class=\"wp-block-heading\"><\/h3>\n\n\n\n<p><strong>Informa\u00e7\u00f5es Gerais:<\/strong> A Forma\u00e7\u00e3o Inicial e Continuada &#8211; FIC \u00e9 um processo de qualifica\u00e7\u00e3o profissional, voltado \u00e0 forma\u00e7\u00e3o de trabalhadores(as) para sua inser\u00e7\u00e3o ou reinser\u00e7\u00e3o no mundo do trabalho, associado, ou n\u00e3o, \u00e0 eleva\u00e7\u00e3o da escolaridade, que pode estar integrado a projetos e programas destinados \u00e0 forma\u00e7\u00e3o de jovens e adultos(as).<\/p>\n\n\n\n<p>Eles s\u00e3o ofertados nas modalidades de ensino presencial, semipresencial ou \u00e0 dist\u00e2ncia a depender da necessidade, da estrutura dispon\u00edvel nos campi e da demanda apresentada. Suas categorias s\u00e3o:<\/p>\n\n\n\n<p><strong>Forma\u00e7\u00e3o Inicial:<\/strong> contemplam um conjunto de saberes que habilitam ao exerc\u00edcio profissional, associado, ou n\u00e3o, \u00e0 eleva\u00e7\u00e3o da escolaridade; carga hor\u00e1ria m\u00ednima de 160 (cento e sessenta) horas.<\/p>\n\n\n\n<p><strong>Forma\u00e7\u00e3o Continuada:<\/strong> aprimoram, aprofundam e atualizam os saberes relativos a uma \u00e1rea profissional; carga hor\u00e1ria m\u00ednima de (12) doze horas (adaptado do Regulamento dos cursos FIC do IF Baiano) .<\/p>\n\n\n\n<p>O campus Xique-Xique, oferta anualmente diversos cursos FIC, uma oportunidade de qualifica\u00e7\u00e3o e requalifica\u00e7\u00e3o para trabalhadores e trabalhadoras de todo o Territ\u00f3rio de Irec\u00ea.<\/p>\n\n\n\n<p><strong>Fonte:<\/strong> Regulamento dos Cursos FIC do IF Baiano, 2016.<\/p>\n\n\n\n<hr class=\"wp-block-separator is-style-wide\" \/>\n\n\n\n<p><strong>Coordenador:<\/strong> Dr. Marcos Paulo Leite da Silva<\/p>\n\n\n\n<p><strong>E-mail:<\/strong>\u00a0<a href=\"mailto:extensao@xique-xique.ifbaiano.edu.br\">extensao@xique-xique.ifbaiano.edu.br<\/a><\/p>\n\n\n\n<p><a href=\"http:\/\/buscatextual.cnpq.br\/buscatextual\/visualizacv.do?id=K4126446Z4\" target=\"_blank\" rel=\"noopener noreferrer\">Curr\u00edculo Lattes<\/a><\/p>\n\n\n\n<div id=\"ProreitoriaTopoTitulo\">Cursos ofertados<\/div>\n\n\n\n\n\n<ul><li><a href=\"https:\/\/www.ifbaiano.edu.br\/unidades\/xique-xique\/files\/2020\/07\/Cursos-FIC-2020.pdf\">2020<\/a><\/li><li><a href=\"https:\/\/www.ifbaiano.edu.br\/unidades\/xique-xique\/files\/2020\/08\/Lista-de-cursos-FIC-2019-atualizada.pdf\">2019<\/a><\/li><li><a href=\"https:\/\/www.ifbaiano.edu.br\/unidades\/xique-xique\/files\/2020\/08\/Lista-de-cursos-FIC-2018-atualizada.pdf\">2018<\/a><\/li><li><a href=\"https:\/\/www.ifbaiano.edu.br\/unidades\/xique-xique\/files\/2020\/07\/Cursos-FIC-2017.pdf\">2017<\/a><\/li><li><a href=\"https:\/\/www.ifbaiano.edu.br\/unidades\/xique-xique\/files\/2020\/08\/Lista-de-cursos-FIC-2016.pdf\">2016<\/a><\/li><\/ul>\n","protected":false},"excerpt":{"rendered":"<p>CURSOS DE FORMA\u00c7\u00c3O INICIAL E CONTINUADA (FIC) Informa\u00e7\u00f5es Gerais: A Forma\u00e7\u00e3o Inicial e Continuada &#8211; FIC \u00e9 um processo de qualifica\u00e7\u00e3o profissional, voltado \u00e0 forma\u00e7\u00e3o de trabalhadores(as) para sua inser\u00e7\u00e3o ou reinser\u00e7\u00e3o no mundo do trabalho, associado, ou n\u00e3o, \u00e0 eleva\u00e7\u00e3o da escolaridade, que pode estar integrado a projetos e programas destinados \u00e0 forma\u00e7\u00e3o de [&hellip;]<\/p>\n","protected":false},"author":76,"featured_media":0,"parent":0,"menu_order":0,"comment_status":"closed","ping_status":"closed","template":"","meta":[],"_links":{"self":[{"href":"https:\/\/www.ifbaiano.edu.br\/unidades\/xique-xique\/wp-json\/wp\/v2\/pages\/49"}],"collection":[{"href":"https:\/\/www.ifbaiano.edu.br\/unidades\/xique-xique\/wp-json\/wp\/v2\/pages"}],"about":[{"href":"https:\/\/www.ifbaiano.edu.br\/unidades\/xique-xique\/wp-json\/wp\/v2\/types\/page"}],"author":[{"embeddable":true,"href":"https:\/\/www.ifbaiano.edu.br\/unidades\/xique-xique\/wp-json\/wp\/v2\/users\/76"}],"replies":[{"embeddable":true,"href":"https:\/\/www.ifbaiano.edu.br\/unidades\/xique-xique\/wp-json\/wp\/v2\/comments?post=49"}],"version-history":[{"count":16,"href":"https:\/\/www.ifbaiano.edu.br\/unidades\/xique-xique\/wp-json\/wp\/v2\/pages\/49\/revisions"}],"predecessor-version":[{"id":2589,"href":"https:\/\/www.ifbaiano.edu.br\/unidades\/xique-xique\/wp-json\/wp\/v2\/pages\/49\/revisions\/2589"}],"wp:attachment":[{"href":"https:\/\/www.ifbaiano.edu.br\/unidades\/xique-xique\/wp-json\/wp\/v2\/media?parent=49"}],"curies":[{"name":"wp","href":"https:\/\/api.w.org\/{rel}","templated":true}]}}