{"id":5105,"date":"2023-08-10T14:14:47","date_gmt":"2023-08-10T17:14:47","guid":{"rendered":"https:\/\/www.ifbaiano.edu.br\/unidades\/xique-xique\/?page_id=5105"},"modified":"2023-11-06T17:07:51","modified_gmt":"2023-11-06T20:07:51","slug":"concorrencia","status":"publish","type":"page","link":"https:\/\/www.ifbaiano.edu.br\/unidades\/xique-xique\/concorrencia\/","title":{"rendered":"Concorr\u00eancia"},"content":{"rendered":"\n<p><strong>Concorr\u00eancia <\/strong><strong>01\/202<\/strong><strong>3<\/strong><strong>.<\/strong><\/p>\n\n\n\n<p>O IFBAIANO <em>Campus<\/em> Xique-Xique torna p\u00fablico a abertura do Edital N\u00ba 01\/2023 de licita\u00e7\u00e3o, na modalidade Concorr\u00eancia, para escolha da proposta mais vantajosa para a contrata\u00e7\u00e3o de empresa especializada na execu\u00e7\u00e3o de obras de engenharia para execu\u00e7\u00e3o do projeto de constru\u00e7\u00e3o do bloco administrativo do Instituto Federal Baiano Campus Xique-Xique.<\/p>\n\n\n\n<p>A sess\u00e3o p\u00fablica para credenciamento dos participantes e recebimento dos documentos de habilita\u00e7\u00e3o e das propostas ser\u00e1 realizada no Campus Xique-Xique do IFBAIANO, no dia 12 de setembro de 2023, \u00e0s 10:00h, na cidade de Xique-Xique.<\/p>\n\n\n\n<p>O edital, anexos e demais documentos da licita\u00e7\u00e3o podem ser acessados logo abaixo. Para maiores informa\u00e7\u00f5es ou d\u00favidas, ficam dispon\u00edveis os e-mails: <a href=\"mailto:licitacoes@xique-xique.ifbaiano.edu.br\"><strong>licitacao@xique-xique.ifbaiano.edu.br<\/strong><\/a>; ou <a href=\"mailto:dap@xique-xique.ifbaiano.edu.br\"><strong>dadm@xique-xique.ifbaiano.edu.br<\/strong><\/a>.<\/p>\n\n\n\n<div id=\"ProreitoriaTopoTitulo\">Documentos<\/div>\n\n\n\n<p><a href=\"https:\/\/www.ifbaiano.edu.br\/unidades\/xique-xique\/files\/2023\/10\/AVISO-DE-LICITACAO-CONCORRENCIA-no-1_2023-AVISO-DE-LICITACAO-CONCORRENCIA-no-1_2023-DOU-Imprensa-Nacional.pdf\">AVISO DE LICITA\u00c7\u00c3O CONCORR\u00caNCIA n\u00ba 1_2023 &#8211; DOU<\/a><\/p>\n\n\n\n<p><a href=\"https:\/\/www.ifbaiano.edu.br\/unidades\/xique-xique\/files\/2023\/10\/Ata-de-Correcao-do-Julgamento-dos-Envelopes-de-Proposta-de-Preco.pdf\">ATA DE CORRE\u00c7\u00c3O DO JULGAMENTO DOS ENVELOPES DE PROPOSTA DE PRE\u00c7O<\/a><\/p>\n\n\n\n<p><a href=\"https:\/\/www.ifbaiano.edu.br\/unidades\/xique-xique\/files\/2023\/09\/AVISO-DE-LICITACAO-CONCORRENCIA-no-1_2023-AVISO-DE-LICITACAO-CONCORRENCIA-no-1_2023-DOU-Imprensa-Nacional.pdf\">AVISO DE LICITA\u00c7\u00c3O CONCORR\u00caNCIA n\u00ba 1_2023 &#8211; AVISO DE LICITA\u00c7\u00c3O CONCORR\u00caNCIA n\u00ba 1_2023 &#8211; DOU &#8211; Imprensa Nacional<\/a><\/p>\n\n\n\n<p><a href=\"https:\/\/www.ifbaiano.edu.br\/unidades\/xique-xique\/files\/2023\/09\/ATA-DA-SESSAO-DE-JULGAMENTO-DA-DOCUMENTACAO.pdf\">ATA DA SESS\u00c3O DE JULGAMENTO DA DOCUMENTA\u00c7\u00c3O<\/a><\/p>\n\n\n\n<p><a href=\"https:\/\/www.ifbaiano.edu.br\/unidades\/xique-xique\/files\/2023\/09\/ATA-DA-SESSAO-DE-CREDENCIAMENTO-DE-JULGAMENTO-DA-DOCUMENTACAO-CONCORRENCIA-01-2023.pdf\">ATA DA SESS\u00c3O DE CREDENCIAMENTO DE JULGAMENTO DA DOCUMENTA\u00c7\u00c3O CONCORR\u00caNCIA 01-2023<\/a><\/p>\n\n\n\n<p><a href=\"https:\/\/www.ifbaiano.edu.br\/unidades\/xique-xique\/files\/2023\/09\/RECURSO-ADMINISTRATIVO-CONCORRENCIA-MEC-XIQUE-XIQUE.pdf\">RECURSO ADMINISTRATIVO<\/a><\/p>\n\n\n\n<p><a href=\"https:\/\/www.ifbaiano.edu.br\/unidades\/xique-xique\/files\/2023\/09\/Resposta_Inpugnacao_Concorrencia_01_2023_-_XX_assinado.pdf\">RESPOSTA DA IMPUGNA\u00c7\u00c3O &#8211; Edital n\u00ba 01\/2023<\/a><\/p>\n\n\n\n<p><a href=\"https:\/\/www.ifbaiano.edu.br\/unidades\/xique-xique\/files\/2023\/09\/AVISO-DE-LICITACAO-CONCORRENCIA-no-1_2023-AVISO-DE-LICITACAO-CONCORRENCIA-no-1_2023-DOU-Imprensa-Nacional-1.pdf\">CHAMAMENTO PARA ABERTURA DOS ENVELOPES.<\/a><\/p>\n\n\n\n<p><a href=\"https:\/\/www.ifbaiano.edu.br\/unidades\/xique-xique\/files\/2023\/11\/Resultado-de-Julgamento-de-Proposta.pdf\">Resultado de Julgamento de Proposta<\/a><\/p>\n\n\n\n<p><a href=\"https:\/\/www.ifbaiano.edu.br\/unidades\/xique-xique\/files\/2023\/08\/Edital-de-Concorrencia-no-01-2023.pdf\">Edital de Concorr\u00eancia n\u00ba 01\/2023<\/a><\/p>\n\n\n\n<p><a href=\"https:\/\/www.ifbaiano.edu.br\/unidades\/xique-xique\/files\/2023\/08\/Anexo-I-Projeto-Basico.pdf\">Anexo I &#8211; Projeto B\u00e1sico<\/a><\/p>\n\n\n\n<ul>\n<li><a href=\"https:\/\/www.ifbaiano.edu.br\/unidades\/xique-xique\/files\/2023\/08\/Apendice-1-Estudo-Tecnico-Preliminar-6_2023-.pdf\">Ap\u00eandice 1 &#8211; Estudo T\u00e9cnico Preliminar 6_2023<\/a><\/li>\n\n\n\n<li><a href=\"https:\/\/www.ifbaiano.edu.br\/unidades\/xique-xique\/files\/2023\/08\/Apendice-2.pdf\">Ap\u00eandice 2 -Termo de Justificativas T\u00e9cnicas  Relevantes<\/a><\/li>\n\n\n\n<li><a href=\"https:\/\/www.ifbaiano.edu.br\/unidades\/xique-xique\/files\/2023\/08\/Anexo-I-Edital-Concorrencia-01_2023-3-Plantas-e-projetos-Bloco-Adminsitrativo.pdf\">Ap\u00eandice 3 &#8211; Plantas e Projetos Bloco Administrativo<\/a><\/li>\n\n\n\n<li><a href=\"https:\/\/www.ifbaiano.edu.br\/unidades\/xique-xique\/files\/2023\/08\/Apendice-4-ART-da-Planilha-do-Pedio-Administrativo.pdf\">Ap\u00eandice 4 &#8211; ART da Planilha do Pr\u00e9dio Administrativo<\/a><\/li>\n<\/ul>\n\n\n\n<p><a href=\"https:\/\/www.ifbaiano.edu.br\/unidades\/xique-xique\/files\/2023\/08\/Anexo-II-Minuta-do-Termo-do-Contrato.pdf\">Anexo II &#8211; Minuta do Termo do Contrato<\/a><\/p>\n\n\n\n<p><a href=\"https:\/\/www.ifbaiano.edu.br\/unidades\/xique-xique\/files\/2023\/08\/ANEXO-III-MODELO-PLANILHA-DE-CUSTO-E-FORMACAO-DE-PRECOS-ALTERADO.pdf\">Anexo III &#8211; Modelo Planilha de Custos e Forma\u00e7\u00e3o de Pre\u00e7os<\/a><\/p>\n\n\n\n<p><a href=\"https:\/\/www.ifbaiano.edu.br\/unidades\/xique-xique\/files\/2023\/08\/Anexo-III-Modelo-Planilha-de-Custos-e-Formacao-de-Precos_.pdf\"><s>Anexo III &#8211; Modelo Planilha de Custos e Forma\u00e7\u00e3o de Pre\u00e7os<\/s><\/a><\/p>\n\n\n\n<p><a href=\"https:\/\/www.ifbaiano.edu.br\/unidades\/xique-xique\/files\/2023\/08\/Anexo-IV-Composicao-de-BDI.pdf\">Anexo IV &#8211; Composi\u00e7\u00e3o de BDI<\/a><\/p>\n\n\n\n<p><a href=\"https:\/\/www.ifbaiano.edu.br\/unidades\/xique-xique\/files\/2023\/08\/Anexo-IX-Modelo-Declaracao-de-elaboracao-independente-de-proposta-Documentos-Google.pdf\">Anexo IX &#8211; Modelo Declara\u00e7\u00e3o de Elabora\u00e7\u00e3o Independente de Proposta <\/a><\/p>\n\n\n\n<p><a href=\"https:\/\/www.ifbaiano.edu.br\/unidades\/xique-xique\/files\/2023\/08\/Anexo-V-Modelo-Cronograma-Fisico-Financeiro.pdf\"><s>Anexo V &#8211; Modelo Cronograma F\u00edsico-Financeiro<\/s><\/a><\/p>\n\n\n\n<p><a href=\"https:\/\/www.ifbaiano.edu.br\/unidades\/xique-xique\/files\/2023\/08\/Anevo-V-Modelo-Cronograma-Fisico-e-Financeiro.pdf\">Anexo V &#8211; Modelo Cronograma F\u00edsico-Financeiro &#8211; Alterada<\/a><\/p>\n\n\n\n<p><a href=\"https:\/\/www.ifbaiano.edu.br\/unidades\/xique-xique\/files\/2023\/08\/Anexo-VI-Modelo-de-declaracao-XXXIII-do-art.-7o-da-CF-Documentos-Google.pdf\">Anexo VI &#8211; Modelo de Declara\u00e7\u00e3o XXXIII do art. 7\u00ba, da CF<\/a><\/p>\n\n\n\n<p><a href=\"https:\/\/www.ifbaiano.edu.br\/unidades\/xique-xique\/files\/2023\/08\/Anexo-VII-Modelo-de-Atestado-de-Vistoria-Documentos-Google.pdf\">Anexo VII &#8211; Modelo de Atestado de Vistoria <\/a><\/p>\n\n\n\n<p><a href=\"https:\/\/www.ifbaiano.edu.br\/unidades\/xique-xique\/files\/2023\/08\/Anexo-VIII-Modelo-de-declaracao-de-inexistencia-de-impeditivos.pdf\">Anexo VIII &#8211; Modelo-de-Declara\u00e7\u00e3o-de-Inexist\u00eancia-de Impeditivos<\/a><\/p>\n\n\n\n<p><a href=\"https:\/\/www.ifbaiano.edu.br\/unidades\/xique-xique\/files\/2023\/08\/Anexo-X-Modelo-Declaracao-de-inexitencia-de-fato-superveniente-Documentos-Google.pdf\">Anexo X &#8211; Modelo Declara\u00e7\u00e3o de Inexist\u00eancia de Fato Superveniente<\/a><\/p>\n\n\n\n<p><a href=\"https:\/\/www.ifbaiano.edu.br\/unidades\/xique-xique\/files\/2023\/08\/Anexo-XI-Modelo-de-desistencia-recursal.docx-Documentos-Google.pdf\">Anexo XI Modelo de Desist\u00eancia Recursal<\/a><\/p>\n\n\n\n<p><a href=\"https:\/\/www.ifbaiano.edu.br\/unidades\/xique-xique\/files\/2023\/08\/Anexo-XII-Modelo-de-declaracao-Trabalho-degradante-.pdf\">Anexo XII- Modelo de Declara\u00e7\u00e3o Trabalho Degradante<\/a><\/p>\n\n\n\n<p><a href=\"https:\/\/www.ifbaiano.edu.br\/unidades\/xique-xique\/files\/2023\/08\/Anexo-XIII-Atendimento-as-exigencias-ambientais.docx-Documentos-Google.pdf\">Anexo XIII &#8211; Atendimento as Exig\u00eancias Ambientais<\/a><\/p>\n\n\n\n<p><a href=\"https:\/\/www.ifbaiano.edu.br\/unidades\/xique-xique\/files\/2023\/08\/Manifestacao-da-Area-TecnicaCoordenacao-de-Engenharia.pdf\">Manifesta\u00e7\u00e3o da \u00c1rea T\u00e9cnica (Coordena\u00e7\u00e3o de Engenharia)<\/a><\/p>\n","protected":false},"excerpt":{"rendered":"<p>Concorr\u00eancia 01\/2023. O IFBAIANO Campus Xique-Xique torna p\u00fablico a abertura do Edital N\u00ba 01\/2023 de licita\u00e7\u00e3o, na modalidade Concorr\u00eancia, para escolha da proposta mais vantajosa para a contrata\u00e7\u00e3o de empresa especializada na execu\u00e7\u00e3o de obras de engenharia para execu\u00e7\u00e3o do projeto de constru\u00e7\u00e3o do bloco administrativo do Instituto Federal Baiano Campus Xique-Xique. A sess\u00e3o p\u00fablica [&hellip;]<\/p>\n","protected":false},"author":148,"featured_media":0,"parent":0,"menu_order":0,"comment_status":"closed","ping_status":"closed","template":"","meta":[],"_links":{"self":[{"href":"https:\/\/www.ifbaiano.edu.br\/unidades\/xique-xique\/wp-json\/wp\/v2\/pages\/5105"}],"collection":[{"href":"https:\/\/www.ifbaiano.edu.br\/unidades\/xique-xique\/wp-json\/wp\/v2\/pages"}],"about":[{"href":"https:\/\/www.ifbaiano.edu.br\/unidades\/xique-xique\/wp-json\/wp\/v2\/types\/page"}],"author":[{"embeddable":true,"href":"https:\/\/www.ifbaiano.edu.br\/unidades\/xique-xique\/wp-json\/wp\/v2\/users\/148"}],"replies":[{"embeddable":true,"href":"https:\/\/www.ifbaiano.edu.br\/unidades\/xique-xique\/wp-json\/wp\/v2\/comments?post=5105"}],"version-history":[{"count":12,"href":"https:\/\/www.ifbaiano.edu.br\/unidades\/xique-xique\/wp-json\/wp\/v2\/pages\/5105\/revisions"}],"predecessor-version":[{"id":5517,"href":"https:\/\/www.ifbaiano.edu.br\/unidades\/xique-xique\/wp-json\/wp\/v2\/pages\/5105\/revisions\/5517"}],"wp:attachment":[{"href":"https:\/\/www.ifbaiano.edu.br\/unidades\/xique-xique\/wp-json\/wp\/v2\/media?parent=5105"}],"curies":[{"name":"wp","href":"https:\/\/api.w.org\/{rel}","templated":true}]}}