{"id":52,"date":"2017-02-08T17:43:45","date_gmt":"2017-02-08T19:43:45","guid":{"rendered":"http:\/\/www.ifbaiano.edu.br\/unidades\/xique-xique\/?page_id=52"},"modified":"2026-04-16T09:25:08","modified_gmt":"2026-04-16T12:25:08","slug":"contatos","status":"publish","type":"page","link":"https:\/\/www.ifbaiano.edu.br\/unidades\/xique-xique\/contatos\/","title":{"rendered":"Contatos"},"content":{"rendered":"<hr \/>\n<h2><span style=\"color: #008000\">Diretoria Geral<\/span><\/h2>\n<h2><span style=\"color: #000000\">Diretor Geral\u00a0<\/span><\/h2>\n<p class=\"western\">Ronaldo Simao de Oliveira &#8211; Curr\u00edculo Lattes<\/p>\n<p>Tel,: (74) 8106 0967<\/p>\n<p>E-mail: <a href=\"mailto:diretor@xique-xique.ifbaiano.edu.br\">diretor@xique-xique.ifbaiano.edu.br<\/a><\/p>\n<h2><span style=\"color: #000000\">Gabinete<\/span><\/h2>\n<p>Josemario Nascimento de Carvalho<\/p>\n<p class=\"western\">Tel.:\u00a0 (74) 3664-3500<\/p>\n<p class=\"western\">E-mail: <a href=\"mailto:gabinete@xique-xique.ifbaiano.edu.br\">gabinete@xique-xique.ifbaiano.edu.br<\/a><\/p>\n<h2><span style=\"color: #000000\">N\u00facleo de Apoio \u00e0 Gest\u00e3o de Pessoas<\/span><\/h2>\n<div>Leticia Rocha Bastos Gomes<\/div>\n<div><\/div>\n<div><span style=\"color: #333333;font-family: monospace\">E-mail: <a href=\"mailto:nagp@xique-xique.ifbaiano.edu.br\"><span id=\"OBJ_PREFIX_DWT176_ZmEmailObjectHandler\" class=\"Object\" role=\"link\"><span id=\"OBJ_PREFIX_DWT179_ZmEmailObjectHandler\" class=\"Object\" role=\"link\">nagp@xique-xique.ifbaiano.edu.br<\/span><\/span><\/a><\/span><\/div>\n<h2><span style=\"color: #000000\">N\u00facleo de Planejamento e Parcerias Institucionais<\/span><\/h2>\n<p>Ana Cl\u00e1udia Moreira de Souza<\/p>\n<p>E-mail: nuppi@xique-xique.ifbaiano.edu.br<\/p>\n<p>Tel.: (74) 3664-3502<\/p>\n<h2>Setor de Concess\u00e3o de Di\u00e1rias e Passagens.<\/h2>\n<p>Mateus Lima Cerqueira<\/p>\n<p>E-mail: <a href=\"mailto:nuppi@xique-xique.ifbaiano.edu.br\">scdp@xique-xique.ifbaiano.edu.br<\/a><\/p>\n<p>Tel.: (74) 3664-3502<\/p>\n<h2><span style=\"color: #000000\">N\u00facleo de Gest\u00e3o da Tecnologia da Informa\u00e7\u00e3o<\/span><\/h2>\n<p>Rafael Carvalho Dias &#8211; <a href=\"http:\/\/lattes.cnpq.br\/2595269636060476\" target=\"_blank\" rel=\"noopener noreferrer\">Curr\u00edculo Lattes<\/a><\/p>\n<p>Max Davi Dantas Matos &#8211; <a href=\"http:\/\/lattes.cnpq.br\/2548785175920429\">Curr\u00edculo Lattes<\/a><\/p>\n<p>Mateus Lima Cerqueira<\/p>\n<p>E-mail:\u00a0<a href=\"mailto:ngti@xique-xique.ifbaiano.edu.br\">ngti@xique-xique.ifbaiano.edu.br<\/a><\/p>\n<hr \/>\n<h2><span style=\"color: #008000\">Diretoria Acad\u00eamica<\/span><\/h2>\n<h2><span style=\"color: #000000\">Diretor Acad\u00eamico<\/span><\/h2>\n<p class=\"western\">Luiz Henrique da Silva &#8211; Curr\u00edculo Lattes<\/p>\n<p class=\"western\">Cel.: (74) 98106-0967<\/p>\n<p class=\"western\">E-mail: <a href=\"mailto:da@xique-xique.ifbaiano.edu.br\">da@xique-xique.ifbaiano.edu.br<\/a><\/p>\n<h2><span style=\"color: #000000\">Coordena\u00e7\u00e3o de Ensino<\/span><\/h2>\n<p class=\"western\">Sandra Cerqueira Pereira Prudencio<\/p>\n<p class=\"western\">E-mail:\u00a0<a href=\"mailto:ensino@xique-xique.ifbaiano.edu.br\">ensino@xique-xique.ifbaiano.edu.br<\/a><\/p>\n<h2 class=\"western\"><span style=\"color: #000000\"><strong>Coordena\u00e7\u00e3o de Pesquisa<\/strong><\/span><\/h2>\n<p>Roberta Machado Santos<\/p>\n<p>E-mail:\u00a0<a href=\"mailto:pesquisa@xique-xique.ifbaiano.edu.br\">pesquisa@xique-xique.ifbaiano.edu.br<\/a><\/p>\n<h2>Coordena\u00e7\u00e3o da P\u00f3s-Gradua\u00e7\u00e3o <em>lato sensu<\/em> em Educa\u00e7\u00e3o e Interdisciplinaridade<\/h2>\n<p>Igor de Carvalho Goncalves da Costa<\/p>\n<p>E-mail:\u00a0<a href=\"mailto:especializacao.ei@xique-xique.ifbaiano.edu.br\">especializacao.ei@xique-xique.ifbaiano.edu.br<\/a><\/p>\n<h2 class=\"western\"><span style=\"color: #000000\"><strong>Coordena\u00e7\u00e3o de Extens\u00e3o<\/strong><\/span><\/h2>\n<p>Carolina Gonzales da Silva<\/p>\n<p>E-mail:\u00a0<a href=\"mailto:extensao@xique-xique.ifbaiano.edu.br\">extensao@xique-xique.ifbaiano.edu.br<\/a><\/p>\n<h2 class=\"western\"><span style=\"color: #000000\"><strong>Coordena\u00e7\u00e3o de Est\u00e1gio<\/strong><\/span><\/h2>\n<p>Thaise Karla Ribeiro Dias<\/p>\n<p>E-mail:\u00a0<a href=\"mailto:estagio@xique-xique.ifbaiano.edu.br\">estagio@xique-xique.ifbaiano.edu.br<\/a><\/p>\n<h2 class=\"western\"><span style=\"color: #000000\"><strong>Coordena\u00e7\u00e3o de EAD<\/strong><\/span><\/h2>\n<p>Rosane Silva dos Santos<\/p>\n<h2><strong><span style=\"color: #000000\">Coordena\u00e7\u00e3o de Assuntos Estudantis<\/span><\/strong><\/h2>\n<p>Jessica Rodrigues da Silva<\/p>\n<p>E-mail:\u00a0<a href=\"mailto:cae@xique-xique.ifbaiano.edu.br\">cae@xique-xique.ifbaiano.edu.br<\/a><\/p>\n<h2><span style=\"color: #000000\"><strong>Coordena\u00e7\u00e3o do Curso T\u00e9cnico em Agropecu\u00e1ria Subsequente<\/strong><\/span><\/h2>\n<p>Elisa Souza Menendez<\/p>\n<p>E-mail:\u00a0<a href=\"mailto:subsequente.agropecuaria@xique-xique.ifbaiano.edu.br\">subsequente.agropecuaria@xique-xique.ifbaiano.edu.br<\/a><\/p>\n<h2><span style=\"color: #000000\"><strong>Coordena\u00e7\u00e3o do Curso T\u00e9cnico em Agropecu\u00e1ria Integrado<\/strong><\/span><\/h2>\n<p>Elisa Souza Menendez<\/p>\n<p>E-mail: <a href=\"mailto:integrado.agropecuaria@xique-xique.ifbaiano.edu.br\">integrado.agropecuaria@xique-xique.ifbaiano.edu.br<\/a><\/p>\n<h2><span style=\"color: #000000\"><strong>Coordena\u00e7\u00e3o do Curso T\u00e9cnico em\u00a0Meio Ambiente Subsequente<\/strong><\/span><\/h2>\n<p>Sostenes Souza de Oliveira<\/p>\n<p>E-mail:\u00a0<a href=\"mailto:subsequente.ambiente@xique-xique.ifbaiano.edu.br\">subsequente.ambiente@xique-xique.ifbaiano.edu.br<\/a><\/p>\n<h2><span style=\"color: #000000\"><strong>Coordena\u00e7\u00e3o do Curso T\u00e9cnico em Meio Ambiente Integrado<\/strong><\/span><\/h2>\n<p>Sostenes Souza de Oliveira<\/p>\n<p>E-mail:\u00a0<a href=\"mailto:subsequente.ambiente@xique-xique.ifbaiano.edu.br\">integrado.ambiente@xique-xique.ifbaiano.edu.br<\/a><\/p>\n<h2><strong>Coordena\u00e7\u00e3o de Unidades Educativas de Campo\u00a0<\/strong><\/h2>\n<p>Diego Pereira Andr\u00e9 de Lima<\/p>\n<p>E-mail: <a href=\"mailto:cuep@xique-xique.ifbaiano.edu.br\">cuep@xique-xique.ifbaiano.edu.br<\/a><\/p>\n<h2><strong>N\u00facleo de Apoio ao Processo de Ensino &#8211; Aprendizagem, Perman\u00eancia e \u00caxito.<\/strong><\/h2>\n<p>Rubenildo Pereira de Souza<br \/>\nLindiane dos Santos<\/p>\n<p>E-mail: <a href=\"mailto:nuape@xique-xique.ifbaiano.edu.br\">nuape@xique-xique.ifbaiano.edu.br\u00a0<\/a><\/p>\n<p><strong>N\u00facleo de Apoio Pedag\u00f3gico e Psicossocial<\/strong><\/p>\n<p>Laisla Suelen Miranda Rocha<\/p>\n<p>E-mail:\u00a0<a href=\"mailto:napsi@xique-xique.ifbaiano.edu.br\">napsi@xique-xique.ifbaiano.edu.br<\/a><\/p>\n<h2><strong>N\u00facleo de Apoio \u00e0s Pessoas com Necessidades Especiais<\/strong><\/h2>\n<p>Aline Costa Rab\u00ealo<\/p>\n<p>E-mail:\u00a0<a href=\"mailto:napne@xique-xique.ifbaiano.edu.br\">napne@xique-xique.ifbaiano.edu.br<\/a><\/p>\n<h2><strong>N\u00facleo de Estudos Afro-brasileiros e Ind\u00edgenas<\/strong><\/h2>\n<p>Shauane Itainhara Freire Nunes<\/p>\n<p>E-mail:\u00a0<a href=\"mailto:neabi@xique-xique.ifbaiano.edu.br\">neabi@xique-xique.ifbaiano.edu.br<\/a><\/p>\n<h2><strong>Secretaria de Registros Acad\u00eamicos<\/strong><\/h2>\n<p>Abel dos Reis Neto<\/p>\n<p>E-mail:<a href=\"mailto:sra@xique-xique.ifbaiano.edu.br\" target=\"_blank\" rel=\"noopener noreferrer\">\u00a0sra@xique-xique.ifbaiano.edu.br<\/a><\/p>\n<h2><strong>Setor de Biblioteca<\/strong><\/h2>\n<p>Marilina de Ara\u00fajo Oliveira Bastos<\/p>\n<p>E-mail:\u00a0<a href=\"mailto:biblioteca@xique-xique.ifbaiano.edu.br\">biblioteca@xique-xique.ifbaiano.edu.br<\/a><\/p>\n<hr \/>\n<h2><span style=\"color: #008000\">Diretoria Administrativa e de Planejamento<\/span><\/h2>\n<h2><strong>Diretora Administrativo<\/strong><\/h2>\n<p class=\"western\">Ana Claudia Moreira de Souza<\/p>\n<p class=\"western\">Cel.: (74) 98106-7509<\/p>\n<p class=\"western\">E-mail: <a href=\"mailto:dadm@xique-xique.ifbaiano.edu.br\">dadm@xique-xique.ifbaiano.edu.br<\/a><\/p>\n<h2 class=\"western\">Coordena\u00e7\u00e3o Financeira\u00a0e Cont\u00e1bil<\/h2>\n<p class=\"western\">Osni Santos da Concei\u00e7\u00e3o<\/p>\n<p class=\"western\">E-mail: <a href=\"mailto:neof@xique-xique.ifbaiano.edu.br\">cfc@xique-xique.ifbaiano.edu.br<\/a><\/p>\n<h2 class=\"western\"><strong>N\u00facleo de Contratos<\/strong><\/h2>\n<p class=\"western\">Max Davi Dantas Matos<\/p>\n<p class=\"western\">E-mail:\u00a0<a href=\"mailto:contratos@xique-xique.ifbaiano.edu.br\">contratos@xique-xique.ifbaiano.edu.br<\/a><\/p>\n<h2 class=\"western\"><strong>N\u00facleo de Compras e Licita\u00e7\u00e3o\u00a0<\/strong><\/h2>\n<div>Cleison Rodolfo Alexandre de Oliveira<\/div>\n<div><\/div>\n<div><span style=\"color: #333333;font-family: monospace\">E-mail institucional: <a href=\"mailto:compras@xique-xique.ifbaiano.edu.br\"><span id=\"OBJ_PREFIX_DWT175_ZmEmailObjectHandler\" class=\"Object\" role=\"link\"><span id=\"OBJ_PREFIX_DWT178_ZmEmailObjectHandler\" class=\"Object\" role=\"link\">compras@xique-xique.ifbaiano.edu.br<\/span><\/span><\/a><\/span><\/div>\n<h2 class=\"western\"><strong>N\u00facleo de Engenharia<\/strong><\/h2>\n<p class=\"western\">\n<h2 class=\"western\"><strong>Coordena\u00e7\u00e3o de Suprimentos e Log\u00edstica<\/strong><\/h2>\n<div>Atual respons\u00e1vel: Joscivaldo Ara\u00fajo de Santana &#8211; Portaria 76\/2024 de <span id=\"OBJ_PREFIX_DWT73_com_zimbra_date\" class=\"Object\" role=\"link\"><span id=\"OBJ_PREFIX_DWT76_com_zimbra_date\" class=\"Object\" role=\"link\">12 de setembro<\/span><\/span> de 2024<\/div>\n<div><\/div>\n<div>E-mail: <a href=\"mailto:suprimentos@xique-xique.ifbaiano.edu.br\">suprimentos@xique-xique.ifbaiano.edu.br<\/a><\/div>\n<h2><strong>Setor de Almoxarifado,\u00a0<\/strong><strong>Patrim\u00f4nio\u00a0<\/strong><strong>e Transporte<\/strong><\/h2>\n<div>Angelo Eduardo Magalhaes Quirino de S\u00e1<\/div>\n<div><\/div>\n<div>E-mail:\u00a0<a href=\"mailto:suprimentos@xique-xique.ifbaiano.edu.br\">suprimentos@xique-xique.ifbaiano.edu.br<\/a><\/div>\n<div><\/div>\n<div>\n<div>\n<h2><strong><span style=\"color: #333333;font-family: monospace\">Setor de transportes (Coordena\u00e7\u00e3o de unidade educativas pr\u00e1ticas)<\/span><\/strong><\/h2>\n<div><span style=\"color: #333333;font-family: monospace\">Atual respons\u00e1vel: Alan Jone Santos de Freitas<\/span><\/div>\n<div><\/div>\n<div><span style=\"color: #333333;font-family: monospace\">E-mail institucional: <a href=\"mailto:cuep@xique-xique.ifbaiano.edu.br\"><span id=\"OBJ_PREFIX_DWT177_ZmEmailObjectHandler\" class=\"Object\" role=\"link\"><span id=\"OBJ_PREFIX_DWT180_ZmEmailObjectHandler\" class=\"Object\" role=\"link\">cuep@xique-xique.ifbaiano.edu.br<\/span><\/span><\/a><\/span><\/div>\n<\/div>\n<div>\n<div>\n<div><\/div>\n<\/div>\n<\/div>\n<\/div>\n<hr \/>\n","protected":false},"excerpt":{"rendered":"<p>Diretoria Geral Diretor Geral\u00a0 Ronaldo Simao de Oliveira &#8211; Curr\u00edculo Lattes Tel,: (74) 8106 0967 E-mail: diretor@xique-xique.ifbaiano.edu.br Gabinete Josemario Nascimento de Carvalho Tel.:\u00a0 (74) 3664-3500 E-mail: gabinete@xique-xique.ifbaiano.edu.br N\u00facleo de Apoio \u00e0 Gest\u00e3o de Pessoas Leticia Rocha Bastos Gomes E-mail: nagp@xique-xique.ifbaiano.edu.br N\u00facleo de Planejamento e Parcerias Institucionais Ana Cl\u00e1udia Moreira de Souza E-mail: nuppi@xique-xique.ifbaiano.edu.br Tel.: (74) [&hellip;]<\/p>\n","protected":false},"author":76,"featured_media":0,"parent":0,"menu_order":0,"comment_status":"closed","ping_status":"closed","template":"","meta":[],"_links":{"self":[{"href":"https:\/\/www.ifbaiano.edu.br\/unidades\/xique-xique\/wp-json\/wp\/v2\/pages\/52"}],"collection":[{"href":"https:\/\/www.ifbaiano.edu.br\/unidades\/xique-xique\/wp-json\/wp\/v2\/pages"}],"about":[{"href":"https:\/\/www.ifbaiano.edu.br\/unidades\/xique-xique\/wp-json\/wp\/v2\/types\/page"}],"author":[{"embeddable":true,"href":"https:\/\/www.ifbaiano.edu.br\/unidades\/xique-xique\/wp-json\/wp\/v2\/users\/76"}],"replies":[{"embeddable":true,"href":"https:\/\/www.ifbaiano.edu.br\/unidades\/xique-xique\/wp-json\/wp\/v2\/comments?post=52"}],"version-history":[{"count":57,"href":"https:\/\/www.ifbaiano.edu.br\/unidades\/xique-xique\/wp-json\/wp\/v2\/pages\/52\/revisions"}],"predecessor-version":[{"id":6796,"href":"https:\/\/www.ifbaiano.edu.br\/unidades\/xique-xique\/wp-json\/wp\/v2\/pages\/52\/revisions\/6796"}],"wp:attachment":[{"href":"https:\/\/www.ifbaiano.edu.br\/unidades\/xique-xique\/wp-json\/wp\/v2\/media?parent=52"}],"curies":[{"name":"wp","href":"https:\/\/api.w.org\/{rel}","templated":true}]}}