{"id":5520,"date":"2023-11-10T08:52:50","date_gmt":"2023-11-10T11:52:50","guid":{"rendered":"https:\/\/www.ifbaiano.edu.br\/unidades\/xique-xique\/?page_id=5520"},"modified":"2023-11-10T09:10:15","modified_gmt":"2023-11-10T12:10:15","slug":"neabi-2","status":"publish","type":"page","link":"https:\/\/www.ifbaiano.edu.br\/unidades\/xique-xique\/neabi-2\/","title":{"rendered":"Neabi"},"content":{"rendered":"\n<p>O NEABI \u00e9 um N\u00facleo de Assessoramento de natureza propositiva, consultiva e deliberativa no tocante \u00e0s quest\u00f5es da diversidade na perspectiva dos princ\u00edpios multiculturais, tendo como escopo o fomento a estudos das quest\u00f5es etnicorraciais e o desenvolvimento de a\u00e7\u00f5es de valoriza\u00e7\u00e3o das identidades afro e ind\u00edgena.<\/p>\n\n\n\n<p><strong>Objetivo<\/strong><\/p>\n\n\n\n<p>O NEABI tem como objetivo principal fomentar a discuss\u00e3o, articular e promover a\u00e7\u00f5es referentes ao respeito \u00e0 diversidade etnicorracial e \u00e0 prote\u00e7\u00e3o de direitos de pessoas e grupos \u00e9tnicos atingidos por atos discriminat\u00f3rios, a exemplo do racismo, atrav\u00e9s do assessoramento ao ensino, \u00e0 pesquisa e \u00e0 extens\u00e3o.<\/p>\n\n\n\n<p><strong>Documentos:<\/strong><\/p>\n\n\n\n<ul>\n<li><strong><a href=\"\/\/ifbaiano.edu.br\/portal\/neabi\/wp-content\/uploads\/sites\/97\/2020\/11\/Reformulacaodo-Regimento-NEABI-_2018_versao-final.pdf\">Regimento<\/a><\/strong><\/li>\n\n\n\n<li><a href=\"https:\/\/www.ifbaiano.edu.br\/unidades\/xique-xique\/files\/2023\/11\/Cartilha-Principios-da-Autodeclaracao-Etnico-racial.pdf\"><strong>Cartilha Princ\u00edpios da Autodeclara\u00e7\u00e3o \u00c9tnico-racial<\/strong><\/a><\/li>\n<\/ul>\n","protected":false},"excerpt":{"rendered":"<p>O NEABI \u00e9 um N\u00facleo de Assessoramento de natureza propositiva, consultiva e deliberativa no tocante \u00e0s quest\u00f5es da diversidade na perspectiva dos princ\u00edpios multiculturais, tendo como escopo o fomento a estudos das quest\u00f5es etnicorraciais e o desenvolvimento de a\u00e7\u00f5es de valoriza\u00e7\u00e3o das identidades afro e ind\u00edgena. Objetivo O NEABI tem como objetivo principal fomentar a [&hellip;]<\/p>\n","protected":false},"author":132,"featured_media":0,"parent":0,"menu_order":0,"comment_status":"closed","ping_status":"closed","template":"","meta":[],"_links":{"self":[{"href":"https:\/\/www.ifbaiano.edu.br\/unidades\/xique-xique\/wp-json\/wp\/v2\/pages\/5520"}],"collection":[{"href":"https:\/\/www.ifbaiano.edu.br\/unidades\/xique-xique\/wp-json\/wp\/v2\/pages"}],"about":[{"href":"https:\/\/www.ifbaiano.edu.br\/unidades\/xique-xique\/wp-json\/wp\/v2\/types\/page"}],"author":[{"embeddable":true,"href":"https:\/\/www.ifbaiano.edu.br\/unidades\/xique-xique\/wp-json\/wp\/v2\/users\/132"}],"replies":[{"embeddable":true,"href":"https:\/\/www.ifbaiano.edu.br\/unidades\/xique-xique\/wp-json\/wp\/v2\/comments?post=5520"}],"version-history":[{"count":2,"href":"https:\/\/www.ifbaiano.edu.br\/unidades\/xique-xique\/wp-json\/wp\/v2\/pages\/5520\/revisions"}],"predecessor-version":[{"id":5525,"href":"https:\/\/www.ifbaiano.edu.br\/unidades\/xique-xique\/wp-json\/wp\/v2\/pages\/5520\/revisions\/5525"}],"wp:attachment":[{"href":"https:\/\/www.ifbaiano.edu.br\/unidades\/xique-xique\/wp-json\/wp\/v2\/media?parent=5520"}],"curies":[{"name":"wp","href":"https:\/\/api.w.org\/{rel}","templated":true}]}}