{"id":6124,"date":"2025-01-31T09:44:49","date_gmt":"2025-01-31T12:44:49","guid":{"rendered":"https:\/\/www.ifbaiano.edu.br\/unidades\/xique-xique\/?page_id=6124"},"modified":"2025-01-31T09:49:31","modified_gmt":"2025-01-31T12:49:31","slug":"regulamentacao-de-visitas-tecnicas","status":"publish","type":"page","link":"https:\/\/www.ifbaiano.edu.br\/unidades\/xique-xique\/regulamentacao-de-visitas-tecnicas\/","title":{"rendered":"Regulamenta\u00e7\u00e3o de visitas t\u00e9cnicas"},"content":{"rendered":"\n<ul>\n<li><a href=\"https:\/\/www.ifbaiano.edu.br\/unidades\/xique-xique\/files\/2025\/01\/Regulamento-de-visitas-tecnicas.pdf\">Regulamento de visitas t\u00e9cnicas<\/a><\/li>\n\n\n\n<li><a href=\"https:\/\/www.ifbaiano.edu.br\/unidades\/xique-xique\/files\/2025\/01\/Anexo-1-\u2013-Dados-da-visita-tecnica.pdf\">Anexo 1 \u2013 Dados da visita t\u00e9cnica<\/a><\/li>\n\n\n\n<li><a href=\"https:\/\/www.ifbaiano.edu.br\/unidades\/xique-xique\/files\/2025\/01\/Anexo-2-\u2013-Dados-das-despesas-dos-estudantes.pdf\">Anexo 2 \u2013 Dados das despesas dos estudantes<\/a><\/li>\n\n\n\n<li><a href=\"https:\/\/www.ifbaiano.edu.br\/unidades\/xique-xique\/files\/2025\/01\/Anexo-3-\u2013-Termo-de-responsabilidade-e-autorizacao-de-saida-para-visita-tecnicas-1.pdf\">Anexo 3 \u2013 Termo de responsabilidade e autoriza\u00e7\u00e3o de sa\u00edda para visita t\u00e9cnicas<\/a><\/li>\n\n\n\n<li><a href=\"https:\/\/www.ifbaiano.edu.br\/unidades\/xique-xique\/files\/2025\/01\/Anexo-4-\u2013-Relatorio-das-visitas-tecnicas.pdf\">Anexo 4 \u2013 Relat\u00f3rio das visitas t\u00e9cnicas.<\/a><\/li>\n<\/ul>\n\n\n\n<p><\/p>\n","protected":false},"excerpt":{"rendered":"","protected":false},"author":132,"featured_media":0,"parent":0,"menu_order":0,"comment_status":"closed","ping_status":"closed","template":"","meta":[],"_links":{"self":[{"href":"https:\/\/www.ifbaiano.edu.br\/unidades\/xique-xique\/wp-json\/wp\/v2\/pages\/6124"}],"collection":[{"href":"https:\/\/www.ifbaiano.edu.br\/unidades\/xique-xique\/wp-json\/wp\/v2\/pages"}],"about":[{"href":"https:\/\/www.ifbaiano.edu.br\/unidades\/xique-xique\/wp-json\/wp\/v2\/types\/page"}],"author":[{"embeddable":true,"href":"https:\/\/www.ifbaiano.edu.br\/unidades\/xique-xique\/wp-json\/wp\/v2\/users\/132"}],"replies":[{"embeddable":true,"href":"https:\/\/www.ifbaiano.edu.br\/unidades\/xique-xique\/wp-json\/wp\/v2\/comments?post=6124"}],"version-history":[{"count":2,"href":"https:\/\/www.ifbaiano.edu.br\/unidades\/xique-xique\/wp-json\/wp\/v2\/pages\/6124\/revisions"}],"predecessor-version":[{"id":6134,"href":"https:\/\/www.ifbaiano.edu.br\/unidades\/xique-xique\/wp-json\/wp\/v2\/pages\/6124\/revisions\/6134"}],"wp:attachment":[{"href":"https:\/\/www.ifbaiano.edu.br\/unidades\/xique-xique\/wp-json\/wp\/v2\/media?parent=6124"}],"curies":[{"name":"wp","href":"https:\/\/api.w.org\/{rel}","templated":true}]}}