{"id":6392,"date":"2025-04-09T11:47:23","date_gmt":"2025-04-09T14:47:23","guid":{"rendered":"https:\/\/www.ifbaiano.edu.br\/unidades\/xique-xique\/?page_id=6392"},"modified":"2025-04-09T11:55:21","modified_gmt":"2025-04-09T14:55:21","slug":"nugea","status":"publish","type":"page","link":"https:\/\/www.ifbaiano.edu.br\/unidades\/xique-xique\/nugea\/","title":{"rendered":"N\u00facleo Local de Gest\u00e3o de Res\u00edduos S\u00f3lidos e Educa\u00e7\u00e3o Ambiental"},"content":{"rendered":"\n<p>A lei n\u00ba 12.305 de 02 de agosto de 2010 institui a Pol\u00edtica Nacional de Res\u00edduos<br>S\u00f3lidos e define seus princ\u00edpios e instrumentos, visando melhorar e controlar a<br>destina\u00e7\u00e3o de res\u00edduos s\u00f3lidos no Brasil, buscando, quando poss\u00edvel, reutiliz\u00e1-los e<br>diminuir o seu impacto ambiental<\/p>\n","protected":false},"excerpt":{"rendered":"<p>A lei n\u00ba 12.305 de 02 de agosto de 2010 institui a Pol\u00edtica Nacional de Res\u00edduosS\u00f3lidos e define seus princ\u00edpios e instrumentos, visando melhorar e controlar adestina\u00e7\u00e3o de res\u00edduos s\u00f3lidos no Brasil, buscando, quando poss\u00edvel, reutiliz\u00e1-los ediminuir o seu impacto ambiental<\/p>\n","protected":false},"author":101,"featured_media":0,"parent":0,"menu_order":0,"comment_status":"closed","ping_status":"closed","template":"","meta":[],"_links":{"self":[{"href":"https:\/\/www.ifbaiano.edu.br\/unidades\/xique-xique\/wp-json\/wp\/v2\/pages\/6392"}],"collection":[{"href":"https:\/\/www.ifbaiano.edu.br\/unidades\/xique-xique\/wp-json\/wp\/v2\/pages"}],"about":[{"href":"https:\/\/www.ifbaiano.edu.br\/unidades\/xique-xique\/wp-json\/wp\/v2\/types\/page"}],"author":[{"embeddable":true,"href":"https:\/\/www.ifbaiano.edu.br\/unidades\/xique-xique\/wp-json\/wp\/v2\/users\/101"}],"replies":[{"embeddable":true,"href":"https:\/\/www.ifbaiano.edu.br\/unidades\/xique-xique\/wp-json\/wp\/v2\/comments?post=6392"}],"version-history":[{"count":2,"href":"https:\/\/www.ifbaiano.edu.br\/unidades\/xique-xique\/wp-json\/wp\/v2\/pages\/6392\/revisions"}],"predecessor-version":[{"id":6396,"href":"https:\/\/www.ifbaiano.edu.br\/unidades\/xique-xique\/wp-json\/wp\/v2\/pages\/6392\/revisions\/6396"}],"wp:attachment":[{"href":"https:\/\/www.ifbaiano.edu.br\/unidades\/xique-xique\/wp-json\/wp\/v2\/media?parent=6392"}],"curies":[{"name":"wp","href":"https:\/\/api.w.org\/{rel}","templated":true}]}}