{"id":9,"date":"2017-02-08T16:22:40","date_gmt":"2017-02-08T18:22:40","guid":{"rendered":"http:\/\/www.ifbaiano.edu.br\/unidades\/xique-xique\/?page_id=9"},"modified":"2019-01-18T15:58:57","modified_gmt":"2019-01-18T17:58:57","slug":"institucional","status":"publish","type":"page","link":"https:\/\/www.ifbaiano.edu.br\/unidades\/xique-xique\/institucional\/","title":{"rendered":"Institucional"},"content":{"rendered":"<p style=\"text-align: justify\">O Instituto Federal de Educa\u00e7\u00e3o, Ci\u00eancia e Tecnologia Baiano (IF Baiano) foi criado em 2008 e \u00e9 uma institui\u00e7\u00e3o de Ensino M\u00e9dio e Superior, focado na Educa\u00e7\u00e3o Profissional e Tecnol\u00f3gica. Sua proposta \u00e9 levar alternativas \u00e0s demandas da comunidade, atrav\u00e9s de ensino, pesquisa e extens\u00e3o, articulando-se com o mundo do trabalho.<\/p>\n<p style=\"text-align: justify\">Assim, egressos do Ensino Fundamental, M\u00e9dio ou Superior t\u00eam a possibilidade de estudar no Instituto atrav\u00e9s de cursos t\u00e9cnicos \u2013 Integrados, Subsequentes (presenciais e EaD), Proeja &#8211; de gradua\u00e7\u00e3o e p\u00f3s-gradua\u00e7\u00e3o ou ainda fazer cursos de capacita\u00e7\u00e3o ofertados, atrav\u00e9s de Programas de Extens\u00e3o.<\/p>\n<p style=\"text-align: justify\"><strong>Miss\u00e3o<\/strong><\/p>\n<p style=\"text-align: justify\">Oferecer educa\u00e7\u00e3o profissional e tecnol\u00f3gica de qualidade, p\u00fablica e gratuita, nas diferentes modalidades, preparando pessoas para o pleno exerc\u00edcio da cidadania e contribuindo para o desenvolvimento social e econ\u00f4mico do pa\u00eds, atrav\u00e9s de a\u00e7\u00f5es de ensino, pesquisa e extens\u00e3o. (PDI 2015 -2019)<\/p>\n<p class=\"western\" style=\"margin-bottom: 0cm;line-height: 150%\" align=\"JUSTIFY\"><a href=\"http:\/\/www.ifbaiano.edu.br\/reitoria\/wp-content\/uploads\/2015\/06\/pdi-diagramado.pdf\">PDI 2015 &#8211; 2019<\/a><\/p>\n<p class=\"western\" style=\"margin-bottom: 0cm;line-height: 150%\" align=\"JUSTIFY\"><a href=\"http:\/\/ifbaiano.edu.br\/portal\/wp-content\/uploads\/2017\/01\/Ata-Repactua\u00e7\u00e3o-de-metas-2016.pdf\">Ata de Repactua\u00e7\u00e3o de metas do PDI 2016<\/a><\/p>\n<p><a href=\"http:\/\/eventos.ifbaiano.edu.br\/portal\/testesitereitoria\/files\/2015\/12\/regimento_geral_2012.pdf\">Regimento Geral<\/a><\/p>\n<p><a href=\"http:\/\/eventos.ifbaiano.edu.br\/portal\/testesitereitoria\/files\/2015\/12\/estatuto-if-baiano_2014.pdf\">Estatuto do IF Baiano (2014)<\/a><\/p>\n<p><a href=\"http:\/\/www.planalto.gov.br\/ccivil_03\/_ato2007-2010\/2008\/lei\/l11892.htm\">Lei 11.892\/2008 (Cria\u00e7\u00e3o dos Institutos Federais)<\/a><\/p>\n<h3><strong><br \/>\nOnde estamos?<\/strong><\/h3>\n<p style=\"text-align: justify\">O IF Baiano agrega as antigas Escolas Agrot\u00e9cnicas Federais e as Escolas M\u00e9dias de Agropecu\u00e1ria Regionais da Ceplac (EMARC) presentes na Bahia. Atualmente, possui campus nos munic\u00edpios de Catu, Senhor do Bonfim, Santa In\u00eas, Guanambi, Valen\u00e7a, Teixeira de Freitas, Itapetinga, Uru\u00e7uca, Bom Jesus da Lapa, Governador Mangabeira. EmSerrinha, o campus estar\u00e1 em funcionamento a partir de 2016 e, em breve, haver\u00e1 mais 3 (tr\u00eas)campi nas cidades de Alagoinhas, Itaberaba eXique-Xique (em fase de constru\u00e7\u00e3o).<\/p>\n<p style=\"text-align: justify\"><strong>Para d\u00favidas, sugest\u00f5es ou esclarecimentos<\/strong>, entre em contato atrav\u00e9s do e-mail: faleconosco@ifbaiano.edu.br<\/p>\n<h4 style=\"text-align: justify\">Mapa de Localiza\u00e7\u00e3o dos Campi do IF Baiano e de seus polos de Educa\u00e7\u00e3o a Dist\u00e2ncia, segundo os Territ\u00f3rios de Identidade do estado da Bahia<img decoding=\"async\" title=\"Mapa das unidades do Instituto Federal Baiano\" src=\"http:\/\/ifbaiano.edu.br\/portal\/wp-content\/uploads\/2016\/03\/mapa-campi-polo-ead-if-baiano.png\" alt=\"Mapa das unidades do Instituto Federal Baiano\" \/><\/h4>\n","protected":false},"excerpt":{"rendered":"<p>O Instituto Federal de Educa\u00e7\u00e3o, Ci\u00eancia e Tecnologia Baiano (IF Baiano) foi criado em 2008 e \u00e9 uma institui\u00e7\u00e3o de Ensino M\u00e9dio e Superior, focado na Educa\u00e7\u00e3o Profissional e Tecnol\u00f3gica. Sua proposta \u00e9 levar alternativas \u00e0s demandas da comunidade, atrav\u00e9s de ensino, pesquisa e extens\u00e3o, articulando-se com o mundo do trabalho. Assim, egressos do Ensino [&hellip;]<\/p>\n","protected":false},"author":74,"featured_media":0,"parent":0,"menu_order":0,"comment_status":"closed","ping_status":"closed","template":"","meta":[],"_links":{"self":[{"href":"https:\/\/www.ifbaiano.edu.br\/unidades\/xique-xique\/wp-json\/wp\/v2\/pages\/9"}],"collection":[{"href":"https:\/\/www.ifbaiano.edu.br\/unidades\/xique-xique\/wp-json\/wp\/v2\/pages"}],"about":[{"href":"https:\/\/www.ifbaiano.edu.br\/unidades\/xique-xique\/wp-json\/wp\/v2\/types\/page"}],"author":[{"embeddable":true,"href":"https:\/\/www.ifbaiano.edu.br\/unidades\/xique-xique\/wp-json\/wp\/v2\/users\/74"}],"replies":[{"embeddable":true,"href":"https:\/\/www.ifbaiano.edu.br\/unidades\/xique-xique\/wp-json\/wp\/v2\/comments?post=9"}],"version-history":[{"count":2,"href":"https:\/\/www.ifbaiano.edu.br\/unidades\/xique-xique\/wp-json\/wp\/v2\/pages\/9\/revisions"}],"predecessor-version":[{"id":850,"href":"https:\/\/www.ifbaiano.edu.br\/unidades\/xique-xique\/wp-json\/wp\/v2\/pages\/9\/revisions\/850"}],"wp:attachment":[{"href":"https:\/\/www.ifbaiano.edu.br\/unidades\/xique-xique\/wp-json\/wp\/v2\/media?parent=9"}],"curies":[{"name":"wp","href":"https:\/\/api.w.org\/{rel}","templated":true}]}}