{"id":926,"date":"2019-03-01T07:31:13","date_gmt":"2019-03-01T10:31:13","guid":{"rendered":"http:\/\/www.ifbaiano.edu.br\/unidades\/xique-xique\/?page_id=926"},"modified":"2025-06-04T13:56:32","modified_gmt":"2025-06-04T16:56:32","slug":"contratos","status":"publish","type":"page","link":"https:\/\/www.ifbaiano.edu.br\/unidades\/xique-xique\/contratos\/","title":{"rendered":"Contratos"},"content":{"rendered":"<p>O Instituto Federal Baiano <em>Campus<\/em> Xique-Xique, atrav\u00e9s da Diretoria Administrativa, com o N\u00facleo de Contratos, possui, entre outras, a atribui\u00e7\u00e3o de gerir os contratos firmados com a Administra\u00e7\u00e3o, conforme as Leis Federais n\u00ba <a href=\"http:\/\/www.planalto.gov.br\/ccivil_03\/leis\/l8666cons.htm\">8.666\/93<\/a>, n\u00ba <a href=\"http:\/\/www.planalto.gov.br\/ccivil_03\/_Ato2011-2014\/2011\/Lei\/L12462.htm\">12.462\/2011<\/a> e <a href=\"http:\/\/www.planalto.gov.br\/ccivil_03\/leis\/LCP\/Lcp123.htm\">Complementar 123\/2006<\/a>.<\/p>\n<h3>N\u00facleo de Contratos<\/h3>\n<p><strong>E-mail:<\/strong>\u00a0<a href=\"mailto:contratos@xique-xique.ifbaiano.edu.br\">contratos@xique-xique.ifbaiano.edu.br<\/a><\/p>\n<p><strong>Chefe do Setor:<\/strong> Ana L\u00facia Souto dos Santos &#8211; PORTARIA 75\/2024 de <span id=\"OBJ_PREFIX_DWT549_com_zimbra_date\" class=\"Object\" role=\"link\"><span id=\"OBJ_PREFIX_DWT591_com_zimbra_date\" class=\"Object\" role=\"link\">12 de setembro<\/span><\/span> de 2024<br \/><strong>Telefone: <\/strong>(74) 9 9941-3311<\/p>\n\n\n<div id=\"ProreitoriaTopoTitulo\">Contratos 2020<\/div>\n\n\n\n<ul>\n<li><strong>01\/2020<\/strong>\n<ul>\n<li><a href=\"https:\/\/www.ifbaiano.edu.br\/unidades\/xique-xique\/files\/2020\/10\/Contrato-n\u00b0-01_2020.pdf\" data-type=\"URL\" data-id=\"https:\/\/www.ifbaiano.edu.br\/unidades\/xique-xique\/files\/2020\/10\/Contrato-n\u00b0-01_2020.pdf\">Contrato n\u00b0 01\/2020<\/a><\/li>\n\n\n\n<li><a href=\"https:\/\/www.ifbaiano.edu.br\/unidades\/xique-xique\/files\/2020\/10\/Publicacao-contrato-no-DOU-01-2020.pdf\">Publica\u00e7\u00e3o no DOU <\/a><\/li>\n<\/ul>\n<\/li>\n<\/ul>\n\n\n\n<ul>\n<li><strong>02\/2020<\/strong>\n<ul>\n<li><a href=\"https:\/\/www.ifbaiano.edu.br\/unidades\/xique-xique\/files\/2020\/10\/Contrato-n\u00b0-02_2020.pdf\">Contrato n\u00b0 02\/2020<\/a><\/li>\n\n\n\n<li><a href=\"https:\/\/www.ifbaiano.edu.br\/unidades\/xique-xique\/files\/2020\/10\/Publicacao-contrato-no-DOU-02-2020.pdf\">Publica\u00e7\u00e3o no DOU<\/a><\/li>\n<\/ul>\n<\/li>\n<\/ul>\n\n\n\n<div id=\"ProreitoriaTopoTitulo\">Termos Aditivos 2020<\/div>\n\n\n\n<ul>\n<li><strong>01\/2020<\/strong>\n<ul>\n<li><a href=\"https:\/\/www.ifbaiano.edu.br\/unidades\/xique-xique\/files\/2020\/10\/Termo-Aditivo-n\u00b0-01_2020.pdf\">Termo Aditivo n\u00b0 01\/2020<\/a><\/li>\n\n\n\n<li><a href=\"https:\/\/www.ifbaiano.edu.br\/unidades\/xique-xique\/files\/2020\/10\/Publicacao-termo-aditivo-no-DOU-01_2020.pdf\">Publica\u00e7\u00e3o no DOU<\/a><\/li>\n<\/ul>\n<\/li>\n\n\n\n<li><strong>02\/2020 <\/strong>\n<ul>\n<li><a href=\"https:\/\/www.ifbaiano.edu.br\/unidades\/xique-xique\/files\/2020\/10\/Termo-Aditivo-no-02_2020.pdf\">Termo Aditivo n\u00b0 02\/2020<\/a><\/li>\n\n\n\n<li><a href=\"https:\/\/www.ifbaiano.edu.br\/unidades\/xique-xique\/files\/2020\/10\/Publicacao-termo-aditivo-no-DOU-02_2020.pdf\">Publica\u00e7\u00e3o no DOU<\/a><\/li>\n<\/ul>\n<\/li>\n\n\n\n<li><strong>03\/2020 <\/strong>\n<ul>\n<li><a href=\"https:\/\/www.ifbaiano.edu.br\/unidades\/xique-xique\/files\/2020\/10\/Termo-Aditivo-n\u00b0-03_2020.pdf\">Termo Aditivo n\u00b0 03\/2020<\/a><\/li>\n\n\n\n<li><a href=\"https:\/\/www.ifbaiano.edu.br\/unidades\/xique-xique\/files\/2020\/10\/Publicacao-termo-aditivo-no-DOU-03_2020.pdf\">Publica\u00e7\u00e3o no DOU<\/a><\/li>\n<\/ul>\n<\/li>\n\n\n\n<li><strong>04\/2020 <\/strong>\n<ul>\n<li><a href=\"https:\/\/www.ifbaiano.edu.br\/unidades\/xique-xique\/files\/2020\/10\/Termo-Aditivo-n\u00b0-04_2020.pdf\">Termo Aditivo n\u00b0 04\/2020<\/a><\/li>\n\n\n\n<li><a href=\"https:\/\/www.ifbaiano.edu.br\/unidades\/xique-xique\/files\/2020\/10\/Publicacao-termo-aditivo-no-DOU-04_2020.pdf\">Publica\u00e7\u00e3o no DOU<\/a><\/li>\n<\/ul>\n<\/li>\n\n\n\n<li><strong>05\/2020 <\/strong>\n<ul>\n<li><a href=\"https:\/\/www.ifbaiano.edu.br\/unidades\/xique-xique\/files\/2020\/10\/Termo-Aditivo-n\u00b0-05_2020.pdf\">Termo Aditivo n\u00b0 05\/2020<\/a><\/li>\n\n\n\n<li><a href=\"https:\/\/www.ifbaiano.edu.br\/unidades\/xique-xique\/files\/2020\/10\/Publicacao-termo-aditivo-no-DOU-05_2020.pdf\">Publica\u00e7\u00e3o no DOU<\/a><\/li>\n<\/ul>\n<\/li>\n\n\n\n<li><strong>06\/2020 <\/strong>\n<ul>\n<li><a href=\"https:\/\/www.ifbaiano.edu.br\/unidades\/xique-xique\/files\/2020\/10\/Termo-Aditivo-n\u00b0-06_2020.pdf\">Termo Aditivo n\u00b0 06\/2020<\/a><\/li>\n\n\n\n<li><a href=\"https:\/\/www.ifbaiano.edu.br\/unidades\/xique-xique\/files\/2020\/10\/Publicacao-termo-aditivo-no-DOU-06_2020.pdf\">Publica\u00e7\u00e3o no DOU<\/a><\/li>\n<\/ul>\n<\/li>\n<\/ul>\n\n\n\n<p><\/p>\n","protected":false},"excerpt":{"rendered":"<p>O Instituto Federal Baiano Campus Xique-Xique, atrav\u00e9s da Diretoria Administrativa, com o N\u00facleo de Contratos, possui, entre outras, a atribui\u00e7\u00e3o de gerir os contratos firmados com a Administra\u00e7\u00e3o, conforme as Leis Federais n\u00ba 8.666\/93, n\u00ba 12.462\/2011 e Complementar 123\/2006. N\u00facleo de Contratos E-mail:\u00a0contratos@xique-xique.ifbaiano.edu.br Chefe do Setor: Ana L\u00facia Souto dos Santos &#8211; PORTARIA 75\/2024 de [&hellip;]<\/p>\n","protected":false},"author":101,"featured_media":0,"parent":0,"menu_order":0,"comment_status":"closed","ping_status":"closed","template":"","meta":[],"_links":{"self":[{"href":"https:\/\/www.ifbaiano.edu.br\/unidades\/xique-xique\/wp-json\/wp\/v2\/pages\/926"}],"collection":[{"href":"https:\/\/www.ifbaiano.edu.br\/unidades\/xique-xique\/wp-json\/wp\/v2\/pages"}],"about":[{"href":"https:\/\/www.ifbaiano.edu.br\/unidades\/xique-xique\/wp-json\/wp\/v2\/types\/page"}],"author":[{"embeddable":true,"href":"https:\/\/www.ifbaiano.edu.br\/unidades\/xique-xique\/wp-json\/wp\/v2\/users\/101"}],"replies":[{"embeddable":true,"href":"https:\/\/www.ifbaiano.edu.br\/unidades\/xique-xique\/wp-json\/wp\/v2\/comments?post=926"}],"version-history":[{"count":11,"href":"https:\/\/www.ifbaiano.edu.br\/unidades\/xique-xique\/wp-json\/wp\/v2\/pages\/926\/revisions"}],"predecessor-version":[{"id":6440,"href":"https:\/\/www.ifbaiano.edu.br\/unidades\/xique-xique\/wp-json\/wp\/v2\/pages\/926\/revisions\/6440"}],"wp:attachment":[{"href":"https:\/\/www.ifbaiano.edu.br\/unidades\/xique-xique\/wp-json\/wp\/v2\/media?parent=926"}],"curies":[{"name":"wp","href":"https:\/\/api.w.org\/{rel}","templated":true}]}}