{"id":941,"date":"2019-03-01T08:03:17","date_gmt":"2019-03-01T11:03:17","guid":{"rendered":"http:\/\/www.ifbaiano.edu.br\/unidades\/xique-xique\/?page_id=941"},"modified":"2025-08-07T15:00:09","modified_gmt":"2025-08-07T18:00:09","slug":"pregao","status":"publish","type":"page","link":"https:\/\/www.ifbaiano.edu.br\/unidades\/xique-xique\/licitacoes-e-compras\/pregao\/","title":{"rendered":"Preg\u00e3o"},"content":{"rendered":"<hr \/>\n<p style=\"text-align: center\"><strong>2025<\/strong><\/p>\n<hr \/>\n<p class=\"ng-star-inserted\"><strong>01\/2025 &#8211; <span class=\"fontstyle0\"><strong>23<\/strong>806.250621.2025-29<\/span>\u00a0<\/strong><\/p>\n<p>Finalidade: Contrata\u00e7\u00e3o de servi\u00e7o de fornecimento de \u00e1gua pot\u00e1vel atrav\u00e9s de carro pipa &#8211; IF Baiano Campus Xique-Xique.<\/p>\n<p>PNCP <a href=\"https:\/\/pncp.gov.br\/app\/editais\/10724903000179\/2025\/124\">https:\/\/pncp.gov.br\/app\/editais\/10724903000179\/2025\/124<\/a><\/p>\n<p><strong>03\/2025 &#8211; 23806.250874.2025-01<\/strong><\/p>\n<p>Finalidade: Contrata\u00e7\u00e3o de servi\u00e7o de manuten\u00e7\u00e3o e instala\u00e7\u00e3o de ares-condicionados cont\u00ednuos.<\/p>\n<p>PNCP: <a href=\"https:\/\/pncp.gov.br\/app\/editais\/10724903000179\/2025\/175\">https:\/\/pncp.gov.br\/app\/editais\/10724903000179\/2025\/175<\/a><\/p>\n<hr \/>\n<h4 style=\"text-align: center\">2024<\/h4>\n<hr \/>\n<p><strong>03\/2024 &#8211; 0214539.00250455\/2024-91<\/strong><\/p>\n<div>Finalidade: Contrata\u00e7\u00e3o de empresa especializada no fornecimento de alimenta\u00e7\u00e3o estudantil, no Instituto Federal Baiano Campus Xique-Xique.<\/div>\n<div><\/div>\n<div><a href=\"https:\/\/www.ifbaiano.edu.br\/unidades\/xique-xique\/files\/2024\/05\/Edital-03-2024-e-seus-anexos.pdf\">Editais e Anexos<\/a><\/div>\n<p align=\"justify\"><strong>01\/2024 \u2013 <span class=\"fontstyle0\">23806.250076.2024-90<\/span><br \/>\n<\/strong><\/p>\n<p align=\"justify\">Finalidade: Contrata\u00e7\u00e3o de servi\u00e7os <span class=\"fontstyle0\">terceirizados de vigil\u00e2ncia patrimonial, com disponibiliza\u00e7\u00e3o de m\u00e3o de obra em regime de dedica\u00e7\u00e3o exclusiva, executado por profissionais qualificados nos termos da Lei n\u00ba 7.102, de 20 de junho de 1983, nas depend\u00eancias do Instituto Federal de Educa\u00e7\u00e3o, ci\u00eancias e Tecnologia Baiano &#8211; Campus IF Baiano &#8211; Campus Xique-Xique e Governador Mangabeira <\/span>quantidades e exig\u00eancias estabelecidas neste Edital e seus anexos.<\/p>\n<p align=\"justify\"><a href=\"https:\/\/www.ifbaiano.edu.br\/unidades\/xique-xique\/files\/2024\/03\/Edital-01-2024-Pregao.pdf\">Editais e Anexos<\/a><\/p>\n<hr \/>\n<h4 style=\"text-align: center\">2022<\/h4>\n<hr \/>\n<p align=\"justify\"><strong>01\/2022\u00a0\u2013\u00a023806.251288.2021-41<\/strong><\/p>\n<p align=\"justify\">Finalidade: Contrata\u00e7\u00e3o de servi\u00e7os de empresa especializada em fornecimento de refei\u00e7\u00f5es (almo\u00e7o e lanche) prontas e acondicionadas para os estudantes do IF Baiano, Campus Xique-Xique, conforme condi\u00e7\u00f5es, quantidades e exig\u00eancias estabelecidas neste Edital e seus anexos.<\/p>\n<p align=\"justify\"><a href=\"https:\/\/www.ifbaiano.edu.br\/unidades\/xique-xique\/files\/2022\/08\/Edital-Pregao-Eletronico-01-2022.pdf\">Editais e Anexos<\/a><\/p>\n<div>\n<p><strong>02\/2022 &#8211;\u00a023806.250233.2022-03<\/strong><\/p>\n<p align=\"justify\">Finalidade: Aquisi\u00e7\u00e3o de materiais de consumo, para a Coordena\u00e7\u00e3o de Assuntos Estudantis, conforme condi\u00e7\u00f5es, quantidades e exig\u00eancias estabelecidas neste Edital e seus anexos.<\/p>\n<\/div>\n<p align=\"justify\"><a href=\"https:\/\/www.ifbaiano.edu.br\/unidades\/xique-xique\/files\/2022\/08\/Edital-Pregao-Eletronico-02-2022.pdf\">Editais e Anexos<\/a><\/p>\n<div><strong>03\/2022 &#8211;\u00a023806.250518.2022-36<\/strong><\/div>\n<div><\/div>\n<div>Finalidade: Contrata\u00e7\u00e3o de Solu\u00e7\u00e3o de outsourcing de impress\u00e3o compreendendo a cess\u00e3o de direito de uso de equipamentos multifuncionais, incluindo a presta\u00e7\u00e3o de servi\u00e7os de manuten\u00e7\u00e3o preventiva e corretiva com o fornecimento e instala\u00e7\u00e3o de sistema de gerenciamento de impress\u00f5es efetivamente realizadas, monitoramento on- line, fornecimento de pe\u00e7as e suprimentos necess\u00e1rios (SEM PAPEL), para atender a demandas do Instituto Federal de Educa\u00e7\u00e3o, Ci\u00eancia e Tecnologia Baiano &#8211; Campus Xique-Xique, durante o per\u00edodo de 48 meses, conforme condi\u00e7\u00f5es, quantidades e exig\u00eancias estabelecidas neste Edital e seus anexos.<\/div>\n<div><\/div>\n<div><\/div>\n<div><\/div>\n<div><a href=\"https:\/\/www.ifbaiano.edu.br\/unidades\/xique-xique\/files\/2022\/09\/Edital-03-2022-Pregao-Eletronico-SRP-03-2022.pdf\">Editais e Anexos<\/a><\/div>\n<div><\/div>\n<hr \/>\n<h4 style=\"text-align: center\">2020<\/h4>\n<hr \/>\n<p><strong>01\/2020 \u2013 Processo:\u00a0<span id=\"OBJ_PREFIX_DWT3422_com_zimbra_phone\" class=\"Object\">23806.250912.2020-11<\/span><\/strong><\/p>\n<p><strong>Finalidade:<\/strong> Registro de pre\u00e7os para aquisi\u00e7\u00e3o de mobili\u00e1rio corporativo, para a acomoda\u00e7\u00e3o dos usu\u00e1rios dos laborat\u00f3rios multifuncionais e de inform\u00e1tica do Instituto Federal de Educa\u00e7\u00e3o, Ci\u00eancia e Tecnologia Baiano &#8211; <em>Campus<\/em>\u00a0Xique-Xique\/BA.<\/p>\n<p><a href=\"https:\/\/www.ifbaiano.edu.br\/unidades\/xique-xique\/files\/2020\/11\/Edital-1-2020-UG-155885.pdf\">Editais e Anexos<\/a><\/p>\n<h4 style=\"text-align: center\">2019<\/h4>\n<hr \/>\n<p><strong>01\/2019 \u2013 Processo: 23806.000077\/2019-28<\/strong><\/p>\n<p><strong>Finalidade:<\/strong> Registro de pre\u00e7os para contrata\u00e7\u00e3o de empresa especializada no fornecimento de lanches para o ano letivo de 2019.<\/p>\n<p><a href=\"http:\/\/comprasnet.gov.br\/ConsultaLicitacoes\/Download\/Download.asp?coduasg=155885&amp;numprp=12019&amp;modprp=5&amp;bidbird=N\">Editais e Anexos<\/a><\/p>\n<hr \/>\n<p><strong>02\/2019 \u2013 Processo:\u00a0<span id=\"OBJ_PREFIX_DWT3422_com_zimbra_phone\" class=\"Object\" role=\"link\">23806.000194<\/span>\/2019-91<\/strong><\/p>\n<p><strong>Finalidade:<\/strong>\u00a0Registro de pre\u00e7os para aquisi\u00e7\u00e3o de material de campo para implanta\u00e7\u00e3o das Unidades Educativas de Campo (UEC), bem como unidades de pesquisa agropecu\u00e1ria, com a finalidade de atender as necessidades do Instituto Federal de Educa\u00e7\u00e3o, Ci\u00eancia e Tecnologia Baiano &#8211; Campus Xique-Xique\/BA.<\/p>\n<p><span id=\"OBJ_PREFIX_DWT3423_com_zimbra_url\" class=\"Object\" role=\"link\"><a href=\"http:\/\/www.comprasnet.gov.br\/ConsultaLicitacoes\/Download\/Download.asp?coduasg=155885&amp;numprp=000022019&amp;modprp=5&amp;bidbird=N\" target=\"_blank\" rel=\"noopener noreferrer\">Editais e Anexos<\/a><\/span><\/p>\n<hr \/>\n<p><strong>03\/2019 \u2013 Processo:\u00a0<span id=\"OBJ_PREFIX_DWT1759_com_zimbra_phone\" class=\"Object\" role=\"link\"><a href=\"23806.000257\">23806.000257<\/a><\/span>\/2019-18<\/strong><\/p>\n<p><strong>Finalidade:<\/strong> Registro de pre\u00e7os para contrata\u00e7\u00e3o de empresa especializada para presta\u00e7\u00e3o de servi\u00e7os para o transporte de \u00e1gua tratada atrav\u00e9s de carro-pipa com tanque preferencialmente de a\u00e7o inox, volume e capacidade de 12.000 litros, com motorista, pr\u00f3pria \u00e1gua pot\u00e1vel, para atender as necessidades do Instituto Federal de Educa\u00e7\u00e3o, Ci\u00eancia e Tecnologia Baiano \u2013 <i>Campus<\/i>\u00a0Xique-Xique\/BA.<\/p>\n<p><span id=\"OBJ_PREFIX_DWT3423_com_zimbra_url\" class=\"Object\" role=\"link\"><a href=\"http:\/\/www.comprasnet.gov.br\/ConsultaLicitacoes\/Download\/Download.asp?coduasg=155885&amp;numprp=000032019&amp;modprp=5&amp;bidbird=N\" target=\"_blank\" rel=\"noopener noreferrer\">Editais e Anexos<\/a><\/span><\/p>\n<h4 style=\"text-align: center\">2018<\/h4>\n<hr \/>\n<p style=\"text-align: justify\"><strong>02\/2018 \u2013 Processo: 23806.000228\/2018-67<\/strong><\/p>\n<p style=\"text-align: justify\"><strong>Finalidade<\/strong>: Registro de pre\u00e7os para eventual aquisi\u00e7\u00e3o de \u00e1gua mineral de fonte natural, pot\u00e1vel, n\u00e3o gasosa, envasada em garraf\u00f5es retorn\u00e1veis de 20 litros e de frascos vazios para \u00e1gua mineral de 20 litros<\/p>\n<p style=\"text-align: justify\"><a href=\"http:\/\/comprasnet.gov.br\/ConsultaLicitacoes\/Download\/Download.asp?coduasg=155885&amp;numprp=22018&amp;modprp=5&amp;bidbird=N\">Edital e Anexos<\/a><\/p>\n<hr \/>\n<p style=\"text-align: justify\"><strong>03\/2018 \u2013 Processo: 23806.000354\/2018-11<\/strong><\/p>\n<p style=\"text-align: justify\"><strong>Finalidade<\/strong>: Registro de pre\u00e7o para aquisi\u00e7\u00e3o de bens permanentes e de consumo para equipar o ambulat\u00f3rio de Enfermagem<\/p>\n<p style=\"text-align: justify\"><a href=\"http:\/\/comprasnet.gov.br\/ConsultaLicitacoes\/Download\/Download.asp?coduasg=155885&amp;numprp=32018&amp;modprp=5&amp;bidbird=N\">Editais e Anexos<\/a><\/p>\n<hr \/>\n<p style=\"text-align: justify\"><strong>05\/2018 \u2013 Processo: 23806.000366\/2018-46<\/strong><\/p>\n<p style=\"text-align: justify\"><strong>Finalidade<\/strong>: Registro de pre\u00e7o para aquisi\u00e7\u00e3o de material para biblioteca do Campus.<\/p>\n<p style=\"text-align: justify\"><a href=\"http:\/\/comprasnet.gov.br\/ConsultaLicitacoes\/Download\/Download.asp?coduasg=155885&amp;numprp=52018&amp;modprp=5&amp;bidbird=N\">Editais e Anexos<\/a><\/p>\n","protected":false},"excerpt":{"rendered":"<p>2025 01\/2025 &#8211; 23806.250621.2025-29\u00a0 Finalidade: Contrata\u00e7\u00e3o de servi\u00e7o de fornecimento de \u00e1gua pot\u00e1vel atrav\u00e9s de carro pipa &#8211; IF Baiano Campus Xique-Xique. PNCP https:\/\/pncp.gov.br\/app\/editais\/10724903000179\/2025\/124 03\/2025 &#8211; 23806.250874.2025-01 Finalidade: Contrata\u00e7\u00e3o de servi\u00e7o de manuten\u00e7\u00e3o e instala\u00e7\u00e3o de ares-condicionados cont\u00ednuos. PNCP: https:\/\/pncp.gov.br\/app\/editais\/10724903000179\/2025\/175 2024 03\/2024 &#8211; 0214539.00250455\/2024-91 Finalidade: Contrata\u00e7\u00e3o de empresa especializada no fornecimento de alimenta\u00e7\u00e3o estudantil, no [&hellip;]<\/p>\n","protected":false},"author":101,"featured_media":0,"parent":930,"menu_order":0,"comment_status":"closed","ping_status":"closed","template":"","meta":[],"_links":{"self":[{"href":"https:\/\/www.ifbaiano.edu.br\/unidades\/xique-xique\/wp-json\/wp\/v2\/pages\/941"}],"collection":[{"href":"https:\/\/www.ifbaiano.edu.br\/unidades\/xique-xique\/wp-json\/wp\/v2\/pages"}],"about":[{"href":"https:\/\/www.ifbaiano.edu.br\/unidades\/xique-xique\/wp-json\/wp\/v2\/types\/page"}],"author":[{"embeddable":true,"href":"https:\/\/www.ifbaiano.edu.br\/unidades\/xique-xique\/wp-json\/wp\/v2\/users\/101"}],"replies":[{"embeddable":true,"href":"https:\/\/www.ifbaiano.edu.br\/unidades\/xique-xique\/wp-json\/wp\/v2\/comments?post=941"}],"version-history":[{"count":26,"href":"https:\/\/www.ifbaiano.edu.br\/unidades\/xique-xique\/wp-json\/wp\/v2\/pages\/941\/revisions"}],"predecessor-version":[{"id":6511,"href":"https:\/\/www.ifbaiano.edu.br\/unidades\/xique-xique\/wp-json\/wp\/v2\/pages\/941\/revisions\/6511"}],"up":[{"embeddable":true,"href":"https:\/\/www.ifbaiano.edu.br\/unidades\/xique-xique\/wp-json\/wp\/v2\/pages\/930"}],"wp:attachment":[{"href":"https:\/\/www.ifbaiano.edu.br\/unidades\/xique-xique\/wp-json\/wp\/v2\/media?parent=941"}],"curies":[{"name":"wp","href":"https:\/\/api.w.org\/{rel}","templated":true}]}}