{"id":968,"date":"2019-03-01T08:33:27","date_gmt":"2019-03-01T11:33:27","guid":{"rendered":"http:\/\/www.ifbaiano.edu.br\/unidades\/xique-xique\/?page_id=968"},"modified":"2022-08-24T07:37:16","modified_gmt":"2022-08-24T10:37:16","slug":"adesao-a-ata-de-registro-de-precos","status":"publish","type":"page","link":"https:\/\/www.ifbaiano.edu.br\/unidades\/xique-xique\/licitacoes-e-compras\/adesao-a-ata-de-registro-de-precos\/","title":{"rendered":"Ades\u00e3o \u00e0 Ata de Registro de Pre\u00e7os"},"content":{"rendered":"<h4>Anos anteriores<\/h4>\n<p><a href=\"http:\/\/www.ifbaiano.edu.br\/unidades\/xique-xique\/files\/2019\/03\/Controle-de-Ades\u00e3o-2018.pdf\">2018<\/a><\/p>\n<p><a href=\"https:\/\/www.ifbaiano.edu.br\/unidades\/xique-xique\/files\/2020\/10\/Controle-de-Adesao-a-ATA.pdf\">2020<\/a><\/p>\n<p><a href=\"https:\/\/www.ifbaiano.edu.br\/unidades\/xique-xique\/files\/2022\/08\/Adesoes-2022.pdf\">2022<\/a><\/p>\n<hr \/>\n\n\n<p><\/p>\n","protected":false},"excerpt":{"rendered":"<p>Anos anteriores 2018 2020 2022<\/p>\n","protected":false},"author":101,"featured_media":0,"parent":930,"menu_order":0,"comment_status":"closed","ping_status":"closed","template":"","meta":[],"_links":{"self":[{"href":"https:\/\/www.ifbaiano.edu.br\/unidades\/xique-xique\/wp-json\/wp\/v2\/pages\/968"}],"collection":[{"href":"https:\/\/www.ifbaiano.edu.br\/unidades\/xique-xique\/wp-json\/wp\/v2\/pages"}],"about":[{"href":"https:\/\/www.ifbaiano.edu.br\/unidades\/xique-xique\/wp-json\/wp\/v2\/types\/page"}],"author":[{"embeddable":true,"href":"https:\/\/www.ifbaiano.edu.br\/unidades\/xique-xique\/wp-json\/wp\/v2\/users\/101"}],"replies":[{"embeddable":true,"href":"https:\/\/www.ifbaiano.edu.br\/unidades\/xique-xique\/wp-json\/wp\/v2\/comments?post=968"}],"version-history":[{"count":5,"href":"https:\/\/www.ifbaiano.edu.br\/unidades\/xique-xique\/wp-json\/wp\/v2\/pages\/968\/revisions"}],"predecessor-version":[{"id":4510,"href":"https:\/\/www.ifbaiano.edu.br\/unidades\/xique-xique\/wp-json\/wp\/v2\/pages\/968\/revisions\/4510"}],"up":[{"embeddable":true,"href":"https:\/\/www.ifbaiano.edu.br\/unidades\/xique-xique\/wp-json\/wp\/v2\/pages\/930"}],"wp:attachment":[{"href":"https:\/\/www.ifbaiano.edu.br\/unidades\/xique-xique\/wp-json\/wp\/v2\/media?parent=968"}],"curies":[{"name":"wp","href":"https:\/\/api.w.org\/{rel}","templated":true}]}}